{"id":1070,"date":"2018-01-26T12:36:00","date_gmt":"2018-01-26T11:36:00","guid":{"rendered":"http:\/\/univet.hu\/egyetem\/palyazati-felhivasok-2\/"},"modified":"2025-02-06T15:12:48","modified_gmt":"2025-02-06T14:12:48","slug":"palyazati-felhivasok-2","status":"publish","type":"page","link":"https:\/\/univet.hu\/hu\/egyetem\/palyazati-projektek\/palyazati-felhivasok-2\/","title":{"rendered":"P\u00e1ly\u00e1zati felh\u00edv\u00e1sok \/ Calls For Applications"},"content":{"rendered":"<p><span style=\"font-size: 14pt\"><strong>Leg\u00fajabb felh\u00edv\u00e1saink:<\/strong><\/span><\/p> <p><span style=\"font-size: 14pt\"><strong>DOKTORANDUSZOK KONFERENCIA R\u00c9SZV\u00c9TEL\u00c9NEK T\u00c1MOGAT\u00c1SA<\/strong><\/span><\/p> <p><strong>P\u00e1ly\u00e1zat ki\u00edr\u00f3ja:<\/strong> \u00c1llatorvostudom\u00e1nyi Egyetem Doktorandusz \u00d6nkorm\u00e1nyzata (D\u00d6K)<\/p> <p><strong>P\u00e1ly\u00e1zat beny\u00fajt\u00e1si hat\u00e1rideje:<\/strong> <span style=\"font-size: 14pt\">2025. m\u00e1rcius 12.<\/span><\/p> <p><strong>Dokumentumok:<\/strong><\/p> <p><a href=\"https:\/\/univet.hu\/hu\/egyetem\/palyazati-projektek\/palyazati-felhivasok-2\/dok-palyazat-konferencia-reszvetel-tamogatasara\/\" rel=\"attachment wp-att-175593\">P\u00e1ly\u00e1zati felh\u00edv\u00e1s<\/a><\/p> <p><a href=\"https:\/\/univet.hu\/hu\/egyetem\/palyazati-projektek\/palyazati-felhivasok-2\/1-sz-melleklet-palyazati-adatlap\/\" rel=\"attachment wp-att-175584\">1.sz.mell\u00e9klet &#8211; P\u00e1ly\u00e1zati adatlap<\/a><\/p> <p><a href=\"https:\/\/univet.hu\/hu\/egyetem\/palyazati-projektek\/palyazati-felhivasok-2\/2-sz-melleklet-motivacios-level\/\" rel=\"attachment wp-att-175587\">2.sz.mell\u00e9kelt &#8211; Motiv\u00e1ci\u00f3s lev\u00e9l<\/a><\/p> <p><a href=\"https:\/\/univet.hu\/hu\/egyetem\/palyazati-projektek\/palyazati-felhivasok-2\/3-sz-melleklet-nyilatkozat\/\" rel=\"attachment wp-att-175590\">3.sz.mell\u00e9klet &#8211; Nyilatkozat<\/a><\/p> <p>&nbsp;<\/p> <p><strong>III. <\/strong><strong>Konferencia, szakmai workshop-r\u00e9szv\u00e9tel p\u00e1ly\u00e1zat <\/strong><strong>2021 \u2013 EFOP -3.6.3-VEKOP-16-2017-00005 <span style=\"color: #ff0000\">LEZ\u00c1RULT<\/span><\/strong><\/p> <p><a href=\"https:\/\/univet.hu\/wp-content\/uploads\/2021\/10\/III_P\u00e1ly\u00e1zati-felh\u00edv\u00e1s_Konferencia_EFOP363.pdf\">III_P\u00e1ly\u00e1zati felh\u00edv\u00e1s_Konferencia_EFOP363<\/a><\/p> <p><a href=\"https:\/\/univet.hu\/wp-content\/uploads\/2021\/10\/III_Adatlap_Konferencia_Oktatok_EFOP363.docx\">III_Adatlap_Konferencia_Oktatok_EFOP363<\/a><\/p> <p><a href=\"https:\/\/univet.hu\/wp-content\/uploads\/2021\/10\/III_Adatlap_Konferencia_Hallgatok__EFOP363.docx\">III_Adatlap_Konferencia_Hallgatok__EFOP363<\/a><\/p> <p><strong>III. \u00daj Kutat\u00e1s ind\u00edt\u00e1sa 2021 &#8211; EFOP -3.6.3-VEKOP-16-2017-00005<\/strong><\/p> <p><a href=\"https:\/\/univet.hu\/wp-content\/uploads\/2021\/06\/III_P%C3%A1ly%C3%A1zati-felh%C3%ADv%C3%A1s_%C3%9AK_EFOP363_2021.pdf\">III_P\u00e1ly\u00e1zati-felh\u00edv\u00e1s_\u00daK_EFOP363_2021<\/a><\/p> <p><a href=\"https:\/\/univet.hu\/wp-content\/uploads\/2021\/06\/III_Adatlap_UK_EFOP363_2021.doc\">III_Adatlap_UK_EFOP363_2021<\/a><\/p> <p><span style=\"font-size: 12pt\"><strong>\u00daj Nemzeti Kiv\u00e1l\u00f3s\u00e1g Program 2021\/2022.<\/strong><\/span><\/p> <p><a href=\"https:\/\/univet.hu\/hu\/egyetem\/palyazati-projektek\/nkfih-palyazatok\/uj-nemzeti-kivalosag-program\/unkp-2021-2022\/\">\u00daNKP 2021\/2022<\/a><\/p> <p><span style=\"font-size: 12pt\"><strong>\u00daj Nemzeti Kiv\u00e1l\u00f3s\u00e1g Program 2020\/2021.<\/strong><\/span><\/p> <p><a href=\"https:\/\/univet.hu\/hu\/egyetem\/palyazati-projektek\/nkfih-palyazatok\/uj-nemzeti-kivalosag-program\/unkp-2020-2021\/\">\u00daNKP 2020\/2021<\/a><\/p> <p><strong>Nemzet Fiatal Tehets\u00e9gei\u00e9rt \u00d6szt\u00f6nd\u00edj<\/strong><\/p> <p><a href=\"https:\/\/univet.hu\/wp-content\/uploads\/2020\/04\/palyazati_kiiras_es_utmutato_ntp_nfto_20.pdf\">palyazati_kiiras_es_utmutato_ntp_nfto_20<\/a><\/p> <p>&nbsp;<\/p> <p><strong>II. Hallgat\u00f3i \u00f6szt\u00f6nd\u00edj-p\u00e1ly\u00e1zat &#8211; EFOP 361<\/strong><\/p> <p><a href=\"https:\/\/univet.hu\/wp-content\/uploads\/2022\/10\/P\u00e1ly\u00e1zati-felh\u00edv\u00e1s_efop_361-\u00e9lemiszebiztons\u00e1g_0618_vegso.pdf\">P\u00e1ly\u00e1zati felh\u00edv\u00e1s_efop_361 \u00e9lelmiszerbiztons\u00e1g<\/a><\/p> <p><a href=\"https:\/\/univet.hu\/wp-content\/uploads\/2022\/10\/Hallgat\u00f3i-p\u00e1ly\u00e1zat-adatlap-efop_361_\u00e9lelmiszer-biztons\u00e1g.docx\">Hallgat\u00f3i p\u00e1ly\u00e1zat adatlap efop_361_\u00e9lelmiszer-biztons\u00e1g<\/a><\/p> <p>&nbsp;<\/p> <p>__________________________________<\/p> <p><strong>III. Prezent\u00e1ci\u00f3s Program &#8211; 3rd Presentation Programme (2020.)<\/strong><\/p> <p><a href=\"https:\/\/univet.hu\/wp-content\/uploads\/2020\/04\/3.-P\u00e1ly\u00e1zati-felh\u00edv\u00e1s-prezent\u00e1ci\u00f3_EFOP363_-1.pdf\">3. P\u00e1ly\u00e1zati felh\u00edv\u00e1s prezent\u00e1ci\u00f3_EFOP363_<\/a><\/p> <p><a href=\"https:\/\/univet.hu\/wp-content\/uploads\/2020\/04\/3.-Hallgat\u00f3i-Jelentkez\u00e9si-lap_prezent\u00e1ci\u00f3s-program.doc\">3. Hallgat\u00f3i Jelentkez\u00e9si lap_prezent\u00e1ci\u00f3s program<\/a><\/p> <p><a href=\"https:\/\/univet.hu\/wp-content\/uploads\/2020\/04\/Call-for-3rd-presentation-programme_EFOP-3.6.3-1.pdf\">Call for 3rd presentation programme_EFOP-3.6.3<\/a><\/p> <p><a href=\"https:\/\/univet.hu\/wp-content\/uploads\/2020\/04\/3rd-Presentation-Programme-Application-Form.doc\">3rd Presentation Programme &#8211; Application Form<\/a><\/p> <p>__________________________________<\/p> <p><a href=\"https:\/\/univet.hu\/wp-content\/uploads\/2019\/09\/\u00c1llatorvos-t\u00f6rt\u00e9neti-K\u00fcl\u00f6nd\u00edj-P\u00e1ly\u00e1zati-felh\u00edv\u00e1s-3.pdf\">\u00c1llatorvos-t\u00f6rt\u00e9neti K\u00fcl\u00f6nd\u00edj-P\u00e1ly\u00e1zati felh\u00edv\u00e1s<\/a><\/p> <p>__________________________________<\/p> <p><a href=\"https:\/\/univet.hu\/files\/subpages\/442\/files\/ltal%C3%A1nos%20P%C3%A1ly%C3%A1zati%20Felt%C3%A9telek.pdf\" target=\"_blank\" rel=\"noopener\" data-replaced=\"true\">\u00c1ltal\u00e1nos P\u00e1ly\u00e1zati Felt\u00e9telek<\/a><\/p> <p><a href=\"https:\/\/univet.hu\/wp-content\/uploads\/2018\/09\/General-Application-Requirements.pdf\" data-replaced=\"true\">General Application Requirements\u00a0<\/a><\/p> <p><a href=\"https:\/\/univet.hu\/wp-content\/uploads\/2021\/05\/\u00c1ltal\u00e1nos-P\u00e1ly\u00e1zati-Felt\u00e9telek_EFOP362_16_2017_00012.pdf\">\u00c1ltal\u00e1nos P\u00e1ly\u00e1zati Felt\u00e9telek_EFOP362_16_2017_00012<\/a><\/p> <p><a href=\"https:\/\/univet.hu\/wp-content\/uploads\/2022\/10\/\u00c1ltal\u00e1nos-P\u00e1ly\u00e1zati-Felt\u00e9telek_efop361.pdf\">\u00c1ltal\u00e1nos P\u00e1ly\u00e1zati Felt\u00e9telek_ EFOP-3.6.1-16-2016-00024<\/a><\/p> <p>__________________________________<\/p> <p><strong>II. Hallgat\u00f3i \u00f6szt\u00f6nd\u00edj-p\u00e1ly\u00e1zat &#8211; EFOP-3.6.2-16-2017-00012<\/strong><\/p> <p><a href=\"https:\/\/univet.hu\/wp-content\/uploads\/2019\/05\/Osztondij_palyazat_felhivas_2019_EFOP_362_16_2017_00012.pdf\" data-replaced=\"true\">Osztondij_palyazat_felhivas_2019_EFOP_362_16_2017_00012<\/a><\/p> <p><a href=\"https:\/\/univet.hu\/wp-content\/uploads\/2019\/05\/I_melleklet_EFOP_362_16_2017_00012_osztondij_palyazat_2019.docx\" data-replaced=\"true\">I_melleklet_EFOP_362_16_2017_00012_osztondij_palyazat_2019<\/a><\/p> <p><a href=\"https:\/\/univet.hu\/wp-content\/uploads\/2019\/05\/II_melleklet_EFOP_362_16_2017_00012_osztondij_palyazat_2019.docx\" data-replaced=\"true\">II_melleklet_EFOP_362_16_2017_00012_osztondij_palyazat_2019<\/a><\/p> <p><a href=\"https:\/\/univet.hu\/wp-content\/uploads\/2019\/05\/III_melleklet_EFOP_362_16_2017_00012_osztondij_palyazat_2019.doc\" data-replaced=\"true\">III_melleklet_EFOP_362_16_2017_00012_osztondij_palyazat_2019<\/a><\/p> <p>__________________________________<\/p> <p><strong>I. Hallgat\u00f3i \u00f6szt\u00f6nd\u00edj-p\u00e1ly\u00e1zat &#8211; EFOP-3.6.2-16-2017-00012<\/strong><\/p> <p><a href=\"https:\/\/univet.hu\/en\/egyetem\/palyazati-projektek\/eu-projektek\/a-karpat-medencei-oshonos-haszonallatfajok-fajtak-es-okotipusok-xxi-szazadi-genbanki-strategiajanak-tudomanyos-megalapozasa-es-fejlesztese-vekop-2-3-2-16-2016-00012\/osztondij_palyazat_felhivas_2018_efop_362_16_2017_00012\/\" rel=\"attachment wp-att-67063\">Osztondij_palyazat_felhivas_2018_EFOP_362_16_2017_00012.pdf<\/a><\/p> <p><a href=\"https:\/\/univet.hu\/en\/egyetem\/palyazati-projektek\/palyazati-felhivasok-2\/i_melleklet_efop_362_16_2017_00012_osztondij_palyazat_2018-2\/\" rel=\"attachment wp-att-67067\">I_melleklet_EFOP_362_16_2017_00012_osztondij_palyazat_2018<\/a><\/p> <p>_________________________________<\/p> <p><strong>V. Hallgat\u00f3i \u00f6szt\u00f6nd\u00edj-p\u00e1ly\u00e1zat &#8211; EFOP-3.6.3-VEKOP-16-2017-00005<\/strong><\/p> <p><a href=\"https:\/\/univet.hu\/wp-content\/uploads\/2019\/10\/V.P\u00e1ly\u00e1zati-felh\u00edv\u00e1s-hallgat\u00f3_EFOP363.pdf\">V.P\u00e1ly\u00e1zati felh\u00edv\u00e1s hallgat\u00f3_EFOP363<\/a><\/p> <p><a href=\"https:\/\/univet.hu\/wp-content\/uploads\/2019\/10\/V.-Hallgat\u00f3i-p\u00e1ly\u00e1zat-adatlap_EFOP363.doc\">V. Hallgat\u00f3i p\u00e1ly\u00e1zat adatlap_EFOP363<\/a><\/p> <p><a href=\"https:\/\/univet.hu\/wp-content\/uploads\/2019\/10\/V.-Call-for-application-for-students_EFOP363.pdf\">V. Call for application for students_EFOP363<\/a><\/p> <p><a href=\"https:\/\/univet.hu\/wp-content\/uploads\/2019\/10\/V.-Student-application-datasheet_EFOP363.doc\">V. Student application datasheet_EFOP363<\/a><\/p> <p>_________________________________<\/p> <p><strong>IV. Hallgat\u00f3i \u00f6szt\u00f6nd\u00edj-p\u00e1ly\u00e1zat &#8211; 4th Call for Scholarship Application\u00a0<\/strong><\/p> <p><strong> Hat\u00e1rid\u0151: 2019. m\u00e1jus 3 \/ Deadline: May 3rd 2019\u00a0<\/strong><\/p> <p><a href=\"https:\/\/univet.hu\/wp-content\/uploads\/2019\/04\/IV.-Hallgat\u00f3i-p\u00e1ly\u00e1zat-adatlap_EFOP363-2.doc\" data-replaced=\"true\">IV. Hallgat\u00f3i p\u00e1ly\u00e1zat adatlap_EFOP363<\/a><\/p> <p><a href=\"https:\/\/univet.hu\/wp-content\/uploads\/2019\/04\/IV_P\u00e1ly\u00e1zati-felh\u00edv\u00e1s-hallgat\u00f3_EFOP363-2.pdf\" data-replaced=\"true\">IV_P\u00e1ly\u00e1zati felh\u00edv\u00e1s hallgat\u00f3_EFOP363<\/a><\/p> <p><a href=\"https:\/\/univet.hu\/wp-content\/uploads\/2019\/04\/IV.-Call-for-application-for-students_EFOP363-3.pdf\" data-replaced=\"true\">IV. Call for application for students_EFOP363<\/a><\/p> <p><a href=\"https:\/\/univet.hu\/wp-content\/uploads\/2019\/04\/IV.-Student-application-datasheet_EFOP363-2.doc\" data-replaced=\"true\">IV. Student application datasheet_EFOP363<\/a><\/p> <p>__________________________________<\/p> <p><strong>III. PhD \u00f6szt\u00f6nd\u00edj-p\u00e1ly\u00e1zat<br \/> <\/strong><\/p> <p><strong>Hat\u00e1rid\u0151: 2019. m\u00e1jus 3 \/ Deadline: May 3rd 2019<\/strong><\/p> <p><a href=\"https:\/\/univet.hu\/wp-content\/uploads\/2019\/04\/III_P\u00e1ly\u00e1zati-felh\u00edv\u00e1s-doktorandusz_EFOP363-1.pdf\" data-replaced=\"true\">III_P\u00e1ly\u00e1zati felh\u00edv\u00e1s doktorandusz_EFOP363<\/a><\/p> <p><a href=\"https:\/\/univet.hu\/wp-content\/uploads\/2019\/04\/III.-Doktoranduszi-p\u00e1ly\u00e1zat-adatlap-1.doc\" data-replaced=\"true\">III. Doktoranduszi p\u00e1ly\u00e1zat adatlap<\/a><\/p> <p>__________________________________<\/p> <p><strong>II. Prezent\u00e1ci\u00f3s Program &#8211; 2nd Presentation Programme\u00a0 &#8211; <em>2019. febru\u00e1r\/February<\/em><\/strong><\/p> <p><a href=\"https:\/\/univet.hu\/wp-content\/uploads\/2019\/03\/II_P\u00e1ly\u00e1zati-felh\u00edv\u00e1s-prezent\u00e1ci\u00f3_EFOP363.pdf\" data-replaced=\"true\">II_P\u00e1ly\u00e1zati felh\u00edv\u00e1s prezent\u00e1ci\u00f3_EFOP363<\/a><\/p> <p><a href=\"https:\/\/univet.hu\/wp-content\/uploads\/2019\/03\/II.-Hallgat\u00f3i-Jelentkez\u00e9si-lap_prezent\u00e1ci\u00f3s-program.doc\" data-replaced=\"true\">II. Hallgat\u00f3i Jelentkez\u00e9si lap_prezent\u00e1ci\u00f3s program<\/a><\/p> <p><a href=\"https:\/\/univet.hu\/wp-content\/uploads\/2019\/03\/Call-for-2nd-presentation-programme_EFOP-3.6.3.pdf\" data-replaced=\"true\">Call for 2nd presentation programme_EFOP-3.6.3<\/a><\/p> <p><a href=\"https:\/\/univet.hu\/wp-content\/uploads\/2019\/03\/2nd-Presentation-Programme-Application-Form.doc\" data-replaced=\"true\">2nd Presentation Programme &#8211; Application Form<\/a><\/p> <p>__________________________________<\/p> <p><strong>III. Hallgat\u00f3i \u00f6szt\u00f6nd\u00edj-p\u00e1ly\u00e1zat &#8211; 3rd Call for Scholarship Application\u00a0<\/strong><\/p> <p><a href=\"https:\/\/univet.hu\/wp-content\/uploads\/2018\/11\/III.-Call-for-application-for-students_EFOP363.pdf\" data-replaced=\"true\">3rd Call for Application for Students_EFOP363<\/a><\/p> <p><a href=\"https:\/\/univet.hu\/wp-content\/uploads\/2018\/11\/III.-Hallgat\u00f3i-p\u00e1ly\u00e1zat-adatlap_EFOP363.doc\" data-replaced=\"true\">III. Hallgat\u00f3i p\u00e1ly\u00e1zat adatlap_EFOP363<\/a><\/p> <p><a href=\"https:\/\/univet.hu\/wp-content\/uploads\/2018\/11\/III.-Student-application-datasheet_EFOP363.doc\" data-replaced=\"true\">3rd Student application datasheet_EFOP363<\/a><\/p> <p><a href=\"https:\/\/univet.hu\/wp-content\/uploads\/2018\/11\/III_P\u00e1ly\u00e1zati-felh\u00edv\u00e1s-hallgat\u00f3_EFOP363.pdf\" data-replaced=\"true\">III_P\u00e1ly\u00e1zati felh\u00edv\u00e1s hallgat\u00f3_EFOP363<\/a><\/p> <p>__________________________________<\/p> <p><strong>I. Hallgat\u00f3i \u00f6szt\u00f6nd\u00edj-p\u00e1ly\u00e1zat &#8211; EFOP 361<\/strong><\/p> <p><a href=\"https:\/\/univet.hu\/wp-content\/uploads\/2022\/10\/P\u00e1ly\u00e1zati-felh\u00edv\u00e1s_efop_361-\u00e9lemiszebiztons\u00e1g_V02.pdf\">P\u00e1ly\u00e1zati felh\u00edv\u00e1s_efop_361<\/a><\/p> <p><a href=\"https:\/\/univet.hu\/wp-content\/uploads\/2022\/10\/Call-for-application-for-students_efop_361_Food-chain_safety_V02.pdf\">Call for application for students_efop_361<\/a><\/p> <p><a href=\"https:\/\/univet.hu\/wp-content\/uploads\/2022\/10\/Hallgat\u00f3i-p\u00e1ly\u00e1zat-adatlap-efop_361_\u00e9lelmiszer-biztons\u00e1g_V02.docx\">Hallgat\u00f3i p\u00e1ly\u00e1zat adatlap efop_361<\/a><\/p> <p>&nbsp;<\/p> <p>Kor\u00e1bbi dokumentumok &#8211; previous documents:<\/p> <p><a href=\"https:\/\/univet.hu\/files\/subpages\/442\/files\/P%C3%A1ly%C3%A1zati%20felh%C3%ADv%C3%A1s%20hallgat%C3%B31_EFOP363..pdf\" target=\"_blank\" rel=\"noopener\" data-replaced=\"true\">P\u00e1ly\u00e1zati Felh\u00edv\u00e1s az \u00c1llatorvostudom\u00e1nyi Egyetem hallgat\u00f3i r\u00e9sz\u00e9re<\/a><\/p> <p><a href=\"https:\/\/univet.hu\/files\/subpages\/442\/files\/P%C3%A1ly%C3%A1zati%20felh%C3%ADv%C3%A1s%20doktorandusz1_EFOP363.pdf\" target=\"_blank\" rel=\"noopener\" data-replaced=\"true\">P\u00e1ly\u00e1zati felh\u00edv\u00e1s az \u00c1llatorvostudom\u00e1nyi Egyetem doktoranduszai r\u00e9sz\u00e9re<\/a><\/p> <p><a href=\"https:\/\/univet.hu\/files\/subpages\/442\/files\/I.%20Hallgat%C3%B3i%20p%C3%A1ly%C3%A1zat%20adatlap.doc\" target=\"_blank\" rel=\"noopener\" data-replaced=\"true\">Hallgat\u00f3i P\u00e1ly\u00e1zat Adatlap<\/a><\/p> <p><a href=\"https:\/\/univet.hu\/files\/subpages\/442\/files\/I.%20Doktoranduszi%20p%C3%A1ly%C3%A1zat%20adatlap.doc\" target=\"_blank\" rel=\"noopener\" data-replaced=\"true\">Doktoranduszi P\u00e1ly\u00e1zat Adatlap<\/a><\/p> <p>_________________________________<\/p> <p><strong>II. Konferencia-p\u00e1ly\u00e1zat &#8211; 2nd Call for Conference<\/strong><\/p> <p><a href=\"https:\/\/univet.hu\/wp-content\/uploads\/2018\/09\/P\u00e1ly\u00e1zati-felh\u00edv\u00e1s-konferenciaII_EFOP363.pdf\" data-replaced=\"true\">P\u00e1ly\u00e1zati felh\u00edv\u00e1s konferenciaII_EFOP363<\/a><\/p> <p><a href=\"https:\/\/univet.hu\/wp-content\/uploads\/2018\/09\/Konferencia-p\u00e1ly\u00e1zat-adatlap-II.doc\" data-replaced=\"true\">Konferencia-p\u00e1ly\u00e1zat-adatlap II<\/a><\/p> <p><a href=\"https:\/\/univet.hu\/files\/subpages\/442\/files\/Conference%20participation%20dastasheet.doc\" target=\"_blank\" rel=\"noopener\" data-replaced=\"true\">Conference participation applications<\/a><\/p> <p><a href=\"https:\/\/univet.hu\/files\/subpages\/442\/files\/Call%20for%20proposals%20for%20conference1_EFOP363.pdf\" target=\"_blank\" rel=\"noopener\" data-replaced=\"true\">Call for proposals for all students, Ph.D. students of the University of Veterinary Medicine<\/a><\/p> <p>&nbsp;<\/p> <p>&nbsp;<\/p>","protected":false},"excerpt":{"rendered":"<p>Leg\u00fajabb felh\u00edv\u00e1saink: DOKTORANDUSZOK KONFERENCIA R\u00c9SZV\u00c9TEL\u00c9NEK T\u00c1MOGAT\u00c1SA P\u00e1ly\u00e1zat ki\u00edr\u00f3ja: \u00c1llatorvostudom\u00e1nyi Egyetem Doktorandusz \u00d6nkorm\u00e1nyzata (D\u00d6K) P\u00e1ly\u00e1zat beny\u00fajt\u00e1si hat\u00e1rideje: 2025. m\u00e1rcius 12. Dokumentumok: P\u00e1ly\u00e1zati felh\u00edv\u00e1s 1.sz.mell\u00e9klet &#8211; P\u00e1ly\u00e1zati adatlap 2.sz.mell\u00e9kelt &#8211; Motiv\u00e1ci\u00f3s lev\u00e9l 3.sz.mell\u00e9klet &#8211; Nyilatkozat &nbsp; III. Konferencia, szakmai workshop-r\u00e9szv\u00e9tel p\u00e1ly\u00e1zat 2021 \u2013 EFOP -3.6.3-VEKOP-16-2017-00005 LEZ\u00c1RULT III_P\u00e1ly\u00e1zati felh\u00edv\u00e1s_Konferencia_EFOP363 III_Adatlap_Konferencia_Oktatok_EFOP363 III_Adatlap_Konferencia_Hallgatok__EFOP363 III. \u00daj Kutat\u00e1s ind\u00edt\u00e1sa 2021 &#8211; EFOP<\/p>\n","protected":false},"author":1,"featured_media":0,"parent":1058,"menu_order":325,"comment_status":"closed","ping_status":"closed","template":"","meta":{"_acf_changed":false,"footnotes":""},"categories":[],"tags":[],"class_list":["post-1070","page","type-page","status-publish","hentry"],"acf":[],"_links":{"self":[{"href":"https:\/\/univet.hu\/hu\/wp-json\/wp\/v2\/pages\/1070","targetHints":{"allow":["GET"]}}],"collection":[{"href":"https:\/\/univet.hu\/hu\/wp-json\/wp\/v2\/pages"}],"about":[{"href":"https:\/\/univet.hu\/hu\/wp-json\/wp\/v2\/types\/page"}],"author":[{"embeddable":true,"href":"https:\/\/univet.hu\/hu\/wp-json\/wp\/v2\/users\/1"}],"replies":[{"embeddable":true,"href":"https:\/\/univet.hu\/hu\/wp-json\/wp\/v2\/comments?post=1070"}],"version-history":[{"count":2,"href":"https:\/\/univet.hu\/hu\/wp-json\/wp\/v2\/pages\/1070\/revisions"}],"predecessor-version":[{"id":175596,"href":"https:\/\/univet.hu\/hu\/wp-json\/wp\/v2\/pages\/1070\/revisions\/175596"}],"up":[{"embeddable":true,"href":"https:\/\/univet.hu\/hu\/wp-json\/wp\/v2\/pages\/1058"}],"wp:attachment":[{"href":"https:\/\/univet.hu\/hu\/wp-json\/wp\/v2\/media?parent=1070"}],"wp:term":[{"taxonomy":"category","embeddable":true,"href":"https:\/\/univet.hu\/hu\/wp-json\/wp\/v2\/categories?post=1070"},{"taxonomy":"post_tag","embeddable":true,"href":"https:\/\/univet.hu\/hu\/wp-json\/wp\/v2\/tags?post=1070"}],"curies":[{"name":"wp","href":"https:\/\/api.w.org\/{rel}","templated":true}]}}