{"id":1071,"date":"2018-01-23T10:36:00","date_gmt":"2018-01-23T09:36:00","guid":{"rendered":"http:\/\/univet.hu\/egyetem\/palyazati-projekt-nyertesei\/"},"modified":"2022-10-19T10:18:07","modified_gmt":"2022-10-19T08:18:07","slug":"palyazati-projekt-nyertesei","status":"publish","type":"page","link":"https:\/\/univet.hu\/hu\/egyetem\/palyazati-projektek\/palyazati-projekt-nyertesei\/","title":{"rendered":"P\u00e1ly\u00e1zati projektek nyertesei"},"content":{"rendered":"<p><strong>EFOP-3.6.3-VEKOP-16-2017-00005 &#8211; <a href=\"https:\/\/univet.hu\/hu\/egyetem\/palyazati-projektek\/tudomanyos-utanpotlas-erositese\/\" target=\"_self\" data-replaced=\"true\">Tudom\u00e1nyos ut\u00e1np\u00f3tl\u00e1s er\u0151s\u00edt\u00e9se a hallgat\u00f3k tudom\u00e1nyos m\u0171helyeinek \u00e9s programjainak t\u00e1mogat\u00e1s\u00e1val, a mentor\u00e1l\u00e1s folyamat\u00e1nak kidolgoz\u00e1s\u00e1val<\/a><\/strong><\/p> <p><a href=\"https:\/\/univet.hu\/wp-content\/uploads\/2020\/07\/EFOP-363-II-UK-2020-p\u00e1ly\u00e1zatok-\u00f6sszes\u00edt\u00e9se.pdf\">EFOP-363-II-UK-2020-p\u00e1ly\u00e1zatok-\u00f6sszes\u00edt\u00e9se<\/a><\/p> <p><a href=\"https:\/\/univet.hu\/wp-content\/uploads\/2019\/12\/EFOP-3.6.3-VEKOP-16-2017-00005-projekt-V.-\u00f6szt\u00f6nd\u00edj-nyertesei-hallgat\u00f3k.xlsx\">EFOP-3.6.3-VEKOP-16-2017-00005-projekt-V.-\u00f6szt\u00f6nd\u00edj nyertesei &#8211; hallgat\u00f3k<\/a><\/p> <p><a href=\"https:\/\/univet.hu\/files\/subpages\/450\/files\/EFOP-3.6.3-I-nyertes%20hallgat%C3%B3k-doktoranduszok.xlsx\" target=\"_blank\" rel=\"noopener\" data-replaced=\"true\">EFOP-3.6.3-VEKOP-16-2017-00005 projekt I. \u00f6szt\u00f6nd\u00edj nyertesei hallgat\u00f3k-doktoranduszok<\/a><\/p> <p><a href=\"https:\/\/univet.hu\/wp-content\/uploads\/2018\/11\/EFOP363-II-nyertes-hallgat\u00f3k-doktoranduszok_v2.xlsx\" target=\"_blank\" rel=\"noopener\" data-replaced=\"true\">EFOP-3.6.3-VEKOP-16-2017-00005 projekt II-\u00f6szt\u00f6nd\u00edj nyertes hallgat\u00f3k-doktoranduszok<\/a><\/p> <p><a href=\"https:\/\/univet.hu\/wp-content\/uploads\/2018\/12\/EFOP-3.6.3-VEKOP-16-2017-00005-projekt-III.-\u00f6szt\u00f6nd\u00edjnyertesei.xlsx\" data-replaced=\"true\">EFOP-3.6.3-VEKOP-16-2017-00005 projekt III. \u00f6szt\u00f6nd\u00edj nyertesei &#8211; hallgat\u00f3k<\/a><\/p> <p><a href=\"https:\/\/univet.hu\/wp-content\/uploads\/2018\/11\/EFOP363-VEKOP-16-2017-00005-projekt-Prezent\u00e1ci\u00f3s-verseny-nyertesei.xlsx\" target=\"_blank\" rel=\"noopener\" data-replaced=\"true\">EFOP-3.6.3-VEKOP-16-2017-00005 projekt I. Prezent\u00e1ci\u00f3s program nyertesei<\/a><\/p> <p><a href=\"https:\/\/univet.hu\/wp-content\/uploads\/2018\/11\/EFOP-3.6.3-VEKOP-16-2017-00005-projekt-Konferenciap\u00e1ly\u00e1zat-nyertesei.xlsx\" target=\"_blank\" rel=\"noopener\" data-replaced=\"true\">EFOP-3.6.3-VEKOP-16-2017-00005 projekt I. Konferenciap\u00e1ly\u00e1zat nyertesei<\/a><\/p> <p><a href=\"https:\/\/univet.hu\/wp-content\/uploads\/2018\/11\/EFOP-3.6.3-VEKOP-16-2017-00005-projekt-II.-Konferenciap\u00e1ly\u00e1zat-nyertesei.xlsx\" target=\"_blank\" rel=\"noopener\" data-replaced=\"true\">EFOP-3.6.3-VEKOP-16-2017-00005 projekt II. Konferenciap\u00e1ly\u00e1zat nyertesei<\/a><\/p> <p><a href=\"https:\/\/univet.hu\/wp-content\/uploads\/2019\/02\/EFOP-3.6.3-VEKOP-16-2017-00005-projekt-I-TDK-nyertesek-m\u00e1solata.pdf\" data-replaced=\"true\">EFOP-3.6.3-VEKOP-16-2017-00005 projekt-I-TDK nyertesei<\/a><\/p> <p><a href=\"https:\/\/univet.hu\/wp-content\/uploads\/2019\/05\/EFOP-3.6.3-VEKOP-16-2017-00005_2.-Prezent\u00e1ci\u00f3s-Program-nyertesei_2019.pdf\" data-replaced=\"true\">EFOP-3.6.3-VEKOP-16-2017-00005 II. Prezent\u00e1ci\u00f3s program nyertesei<\/a><\/p> <p><a href=\"https:\/\/univet.hu\/wp-content\/uploads\/2019\/05\/EFOP-3.6.3-VEKOP-16-2017-00005_III.-\u00f6szt\u00f6nd\u00edj_nyertes-PhD-halgat\u00f3k.pdf\" data-replaced=\"true\">EFOP-3.6.3-VEKOP-16-2017-00005 III. \u00f6szt\u00f6nd\u00edj_nyertes PhD halgat\u00f3k<\/a><\/p> <p><a href=\"https:\/\/univet.hu\/wp-content\/uploads\/2019\/05\/EFOP-3.6.3-VEKOP-16-2017-00005_IV.-\u00f6szt\u00f6nd\u00edj_nyertes-halgat\u00f3k.pdf\" data-replaced=\"true\">EFOP-3.6.3-VEKOP-16-2017-00005 IV. \u00f6szt\u00f6nd\u00edj_nyertes halgat\u00f3k<\/a><\/p> <p>&nbsp;<\/p> <p><strong>EFOP-3.6.2-16-2017-00008 &#8211;\u00a0<\/strong><a href=\"https:\/\/univet.hu\/hu\/egyetem\/palyazati-projektek\/a-neuroinflammacio-vizsgalata-a-neurodegenerativ-folyamatokban\/\" rel=\"noopener\" data-replaced=\"true\"><strong>A neuroinflamm\u00e1ci\u00f3 vizsg\u00e1lata a neurodegenerat\u00edv folyamatokban: a molekul\u00e1t\u00f3l a beteg\u00e1gyi<\/strong>g<\/a><\/p> <p><a href=\"https:\/\/univet.hu\/wp-content\/uploads\/2018\/11\/EFOP-3.6.2-16-2017-00008-NEUR_nyertes-p\u00e1ly\u00e1zatok.xlsx\" data-replaced=\"true\">EFOP-3.6.2-16-2017-00008-NEUR_I. \u00f6szt\u00f6nd\u00edj nyertes hallgat\u00f3k<\/a><\/p> <p><a href=\"https:\/\/univet.hu\/wp-content\/uploads\/2019\/06\/EFOP-3.6.2-16-2017-00008-NEUR_II.-p\u00e1ly\u00e1zat-nyertes-hallgat\u00f3k-1.xlsx\" data-replaced=\"true\">EFOP-3.6.2-16-2017-00008-NEUR_II. p\u00e1ly\u00e1zat nyertes hallgat\u00f3k<\/a><\/p> <p>&nbsp;<\/p> <p><strong>EFOP-3.6.2-16-2017-00012 &#8211;\u00a0<a href=\"https:\/\/univet.hu\/hu\/egyetem\/palyazati-projektek\/biztonsagos-elelmiszerek-a-termofoldtol-az-asztalig\/\" rel=\"noopener\" data-replaced=\"true\">Biztons\u00e1gos \u00e9lelmiszerek a term\u0151f\u00f6ldt\u0151l az asztalig<\/a><\/strong><\/p> <p><a href=\"https:\/\/univet.hu\/wp-content\/uploads\/2019\/06\/EFOP362-16-2017-00012-I-nyertes-hallgat\u00f3k.xlsx\" data-replaced=\"true\">EFOP362-16-2017-00012-I-nyertes hallgat\u00f3k<\/a><\/p> <p><a href=\"https:\/\/univet.hu\/wp-content\/uploads\/2021\/05\/EFOP362-16-2017-00012-II-nyertes-hallgat\u00f3k.xlsx\">EFOP-3.6.2-16-2017-00012 II_nyertes hallgat\u00f3k<\/a><\/p> <p><strong>EFOP-3.6.1-16-2016-00024 &#8211;\u00a0<a href=\"https:\/\/univet.hu\/hu\/egyetem\/palyazati-projektek\/intelligens-szakosodast-szolgalo-fejlesztesek\/\" target=\"_self\" data-replaced=\"true\">Intelligens szakosod\u00e1st szolg\u00e1l\u00f3 fejleszt\u00e9sek\u00a0<\/a><\/strong><\/p> <p><a href=\"https:\/\/univet.hu\/wp-content\/uploads\/2018\/11\/EFOP-3.6.1-16-2016-00024-projekt_-I.-\u00f6szt\u00f6nd\u00edj-nyertesei.xlsx\" data-replaced=\"true\">EFOP-3.6.1-16-2016-00024 projekt_ I. \u00f6sz\u00f6tnd\u00edjnyertes doktorandusz hallgat\u00f3k<\/a><\/p> <p><a href=\"https:\/\/univet.hu\/wp-content\/uploads\/2022\/10\/EFOP-3.6.1-16-2016-00024-projekt_-II.-\u00f6szt\u00f6nd\u00edj-nyertesei.xlsx\">EFOP-3.6.1-16-2016-00024 projekt_ II. \u00f6szt\u00f6nd\u00edj nyertesei<\/a><\/p> <p>&nbsp;<\/p>","protected":false},"excerpt":{"rendered":"<p>EFOP-3.6.3-VEKOP-16-2017-00005 &#8211; Tudom\u00e1nyos ut\u00e1np\u00f3tl\u00e1s er\u0151s\u00edt\u00e9se a hallgat\u00f3k tudom\u00e1nyos m\u0171helyeinek \u00e9s programjainak t\u00e1mogat\u00e1s\u00e1val, a mentor\u00e1l\u00e1s folyamat\u00e1nak kidolgoz\u00e1s\u00e1val EFOP-363-II-UK-2020-p\u00e1ly\u00e1zatok-\u00f6sszes\u00edt\u00e9se EFOP-3.6.3-VEKOP-16-2017-00005-projekt-V.-\u00f6szt\u00f6nd\u00edj nyertesei &#8211; hallgat\u00f3k EFOP-3.6.3-VEKOP-16-2017-00005 projekt I. \u00f6szt\u00f6nd\u00edj nyertesei hallgat\u00f3k-doktoranduszok EFOP-3.6.3-VEKOP-16-2017-00005 projekt II-\u00f6szt\u00f6nd\u00edj nyertes hallgat\u00f3k-doktoranduszok EFOP-3.6.3-VEKOP-16-2017-00005 projekt III. \u00f6szt\u00f6nd\u00edj nyertesei &#8211; hallgat\u00f3k EFOP-3.6.3-VEKOP-16-2017-00005 projekt I. Prezent\u00e1ci\u00f3s program nyertesei EFOP-3.6.3-VEKOP-16-2017-00005 projekt I. Konferenciap\u00e1ly\u00e1zat nyertesei EFOP-3.6.3-VEKOP-16-2017-00005 projekt II. Konferenciap\u00e1ly\u00e1zat nyertesei<\/p>\n","protected":false},"author":1,"featured_media":0,"parent":1058,"menu_order":327,"comment_status":"closed","ping_status":"closed","template":"","meta":{"_acf_changed":false,"footnotes":""},"categories":[],"tags":[],"class_list":["post-1071","page","type-page","status-publish","hentry"],"acf":[],"_links":{"self":[{"href":"https:\/\/univet.hu\/hu\/wp-json\/wp\/v2\/pages\/1071","targetHints":{"allow":["GET"]}}],"collection":[{"href":"https:\/\/univet.hu\/hu\/wp-json\/wp\/v2\/pages"}],"about":[{"href":"https:\/\/univet.hu\/hu\/wp-json\/wp\/v2\/types\/page"}],"author":[{"embeddable":true,"href":"https:\/\/univet.hu\/hu\/wp-json\/wp\/v2\/users\/1"}],"replies":[{"embeddable":true,"href":"https:\/\/univet.hu\/hu\/wp-json\/wp\/v2\/comments?post=1071"}],"version-history":[{"count":0,"href":"https:\/\/univet.hu\/hu\/wp-json\/wp\/v2\/pages\/1071\/revisions"}],"up":[{"embeddable":true,"href":"https:\/\/univet.hu\/hu\/wp-json\/wp\/v2\/pages\/1058"}],"wp:attachment":[{"href":"https:\/\/univet.hu\/hu\/wp-json\/wp\/v2\/media?parent=1071"}],"wp:term":[{"taxonomy":"category","embeddable":true,"href":"https:\/\/univet.hu\/hu\/wp-json\/wp\/v2\/categories?post=1071"},{"taxonomy":"post_tag","embeddable":true,"href":"https:\/\/univet.hu\/hu\/wp-json\/wp\/v2\/tags?post=1071"}],"curies":[{"name":"wp","href":"https:\/\/api.w.org\/{rel}","templated":true}]}}