{"id":10731,"date":"1970-01-01T00:00:00","date_gmt":"1969-12-31T23:00:00","guid":{"rendered":"http:\/\/univet.hu\/oktatas\/kurzusok\/angol-szaknyelv-biologus-bsc-hallgatok-szamara-1\/"},"modified":"2019-05-07T10:56:52","modified_gmt":"2019-05-07T08:56:52","slug":"angol-szaknyelv-biologus-bsc-hallgatok-szamara-1","status":"publish","type":"page","link":"https:\/\/univet.hu\/hu\/oktatas\/kurzusok\/angol-szaknyelv-biologus-bsc-hallgatok-szamara-1\/","title":{"rendered":"Angol szaknyelv  biol\u00f3gus BSc hallgat\u00f3k sz\u00e1m\u00e1ra 1"},"content":{"rendered":"<p><strong>A t\u00e1rgy felv\u00e9tel\u00e9nek el\u0151felt\u00e9tele:<\/strong><\/p> <p>Vagy<\/p> <p>1. k\u00f6z\u00e9pfok\u00fa (B2 szint\u0171) komplex (C) nyelvvizsga angol nyelvb\u0151l<\/p> <p>vagy<\/p> <p>2. k\u00f6z\u00e9pfok\u00fa komplex (C) nyelvvizsga m\u00e1s nyelvb\u0151l, de k\u00f6z\u00e9pszint\u0171 nyelvtud\u00e1s angolb\u00f3l (\u00edr\u00e1sban \u00e9s sz\u00f3ban is)<\/p> <p>Bevezet\u00e9s a biol\u00f3gia angol szaknyelv\u00e9be k\u00fcl\u00f6nb\u00f6z\u0151 biol\u00f3giai t\u00e9m\u00e1j\u00fa \u00edrott sz\u00f6vegek \u00e9s hanganyagok feldolgoz\u00e1s\u00e1n kereszt\u00fcl. Nagy szerepet kap az \u00f3r\u00e1n a szakmai sz\u00f3kincs b\u0151v\u00edt\u00e9se, szakmai el\u0151ad\u00e1sok tart\u00e1sa \u00e9s a foly\u00e9kony nyelvhaszn\u00e1lat gyakorl\u00e1sa.<\/p>","protected":false},"excerpt":{"rendered":"<p>A t\u00e1rgy felv\u00e9tel\u00e9nek el\u0151felt\u00e9tele: Vagy 1. k\u00f6z\u00e9pfok\u00fa (B2 szint\u0171) komplex (C) nyelvvizsga angol nyelvb\u0151l vagy 2. k\u00f6z\u00e9pfok\u00fa komplex (C) nyelvvizsga m\u00e1s nyelvb\u0151l, de k\u00f6z\u00e9pszint\u0171 nyelvtud\u00e1s angolb\u00f3l (\u00edr\u00e1sban \u00e9s sz\u00f3ban is) Bevezet\u00e9s a biol\u00f3gia angol szaknyelv\u00e9be k\u00fcl\u00f6nb\u00f6z\u0151 biol\u00f3giai t\u00e9m\u00e1j\u00fa \u00edrott sz\u00f6vegek \u00e9s hanganyagok feldolgoz\u00e1s\u00e1n kereszt\u00fcl. Nagy szerepet kap az \u00f3r\u00e1n a szakmai sz\u00f3kincs b\u0151v\u00edt\u00e9se, szakmai el\u0151ad\u00e1sok<\/p>\n","protected":false},"author":3837,"featured_media":0,"parent":677,"menu_order":164,"comment_status":"closed","ping_status":"closed","template":"","meta":{"_acf_changed":false,"footnotes":""},"categories":[],"tags":[],"class_list":["post-10731","page","type-page","status-publish","hentry"],"acf":[],"_links":{"self":[{"href":"https:\/\/univet.hu\/hu\/wp-json\/wp\/v2\/pages\/10731","targetHints":{"allow":["GET"]}}],"collection":[{"href":"https:\/\/univet.hu\/hu\/wp-json\/wp\/v2\/pages"}],"about":[{"href":"https:\/\/univet.hu\/hu\/wp-json\/wp\/v2\/types\/page"}],"author":[{"embeddable":true,"href":"https:\/\/univet.hu\/hu\/wp-json\/wp\/v2\/users\/3837"}],"replies":[{"embeddable":true,"href":"https:\/\/univet.hu\/hu\/wp-json\/wp\/v2\/comments?post=10731"}],"version-history":[{"count":0,"href":"https:\/\/univet.hu\/hu\/wp-json\/wp\/v2\/pages\/10731\/revisions"}],"up":[{"embeddable":true,"href":"https:\/\/univet.hu\/hu\/wp-json\/wp\/v2\/pages\/677"}],"wp:attachment":[{"href":"https:\/\/univet.hu\/hu\/wp-json\/wp\/v2\/media?parent=10731"}],"wp:term":[{"taxonomy":"category","embeddable":true,"href":"https:\/\/univet.hu\/hu\/wp-json\/wp\/v2\/categories?post=10731"},{"taxonomy":"post_tag","embeddable":true,"href":"https:\/\/univet.hu\/hu\/wp-json\/wp\/v2\/tags?post=10731"}],"curies":[{"name":"wp","href":"https:\/\/api.w.org\/{rel}","templated":true}]}}