{"id":10733,"date":"1970-01-01T00:00:00","date_gmt":"1969-12-31T23:00:00","guid":{"rendered":"http:\/\/univet.hu\/oktatas\/kurzusok\/angol-szaknyelv-biologus-bsc-hallgatok-szamara-3\/"},"modified":"2019-05-07T11:03:42","modified_gmt":"2019-05-07T09:03:42","slug":"angol-szaknyelv-biologus-bsc-hallgatok-szamara-3","status":"publish","type":"page","link":"https:\/\/univet.hu\/hu\/oktatas\/kurzusok\/angol-szaknyelv-biologus-bsc-hallgatok-szamara-3\/","title":{"rendered":"Angol szaknyelv  biol\u00f3gus BSc hallgat\u00f3k sz\u00e1m\u00e1ra 3"},"content":{"rendered":"<p>A biol\u00f3gus szaknyelv sz\u00f3kincse<br \/> +kiejt\u00e9s; a folyamatos besz\u00e9d, az \u00e9l\u0151nyelv inton\u00e1ci\u00f3ja<br \/> +sz\u00f3kincsb\u0151v\u00edt\u00e9s<br \/> A szaknyelvben gyakran haszn\u00e1lt nyelvtani szerkezetek gyakorl\u00e1sa<br \/> Szakcikkek feldolgoz\u00e1sa sz\u00f6veg\u00e9rt\u00e9si feladatok, ford\u00edt\u00e1s, illetve sz\u00f3beli \u00f6sszefoglal\u00e1s\/besz\u00e1mol\u00f3 form\u00e1j\u00e1ban<br \/> A szakdolgozathoz sz\u00fcks\u00e9ges cikkek, szakk\u00f6nyv r\u00e9szletek feldolgoz\u00e1sa.<br \/> Angol nyelv\u0171 Abstract \u00edr\u00e1s\u00e1nak szab\u00e1lyai<br \/> Hall\u00e1sut\u00e1ni \u00e9rt\u00e9s fejleszt\u00e9se<br \/> +audio- \u00e9s videofelv\u00e9telek<br \/> Sz\u00f3beli \u00f6sszefoglal\u00f3k, hozz\u00e1sz\u00f3l\u00e1sok, prezent\u00e1ci\u00f3k gyakorl\u00e1sa<br \/> Grafikonok \u00e9s t\u00e1bl\u00e1zatok ismertet\u00e9se<br \/> Jegyzetel\u00e9s<\/p> <p>&nbsp;<\/p>","protected":false},"excerpt":{"rendered":"<p>A biol\u00f3gus szaknyelv sz\u00f3kincse +kiejt\u00e9s; a folyamatos besz\u00e9d, az \u00e9l\u0151nyelv inton\u00e1ci\u00f3ja +sz\u00f3kincsb\u0151v\u00edt\u00e9s A szaknyelvben gyakran haszn\u00e1lt nyelvtani szerkezetek gyakorl\u00e1sa Szakcikkek feldolgoz\u00e1sa sz\u00f6veg\u00e9rt\u00e9si feladatok, ford\u00edt\u00e1s, illetve sz\u00f3beli \u00f6sszefoglal\u00e1s\/besz\u00e1mol\u00f3 form\u00e1j\u00e1ban A szakdolgozathoz sz\u00fcks\u00e9ges cikkek, szakk\u00f6nyv r\u00e9szletek feldolgoz\u00e1sa. Angol nyelv\u0171 Abstract \u00edr\u00e1s\u00e1nak szab\u00e1lyai Hall\u00e1sut\u00e1ni \u00e9rt\u00e9s fejleszt\u00e9se +audio- \u00e9s videofelv\u00e9telek Sz\u00f3beli \u00f6sszefoglal\u00f3k, hozz\u00e1sz\u00f3l\u00e1sok, prezent\u00e1ci\u00f3k gyakorl\u00e1sa Grafikonok \u00e9s t\u00e1bl\u00e1zatok ismertet\u00e9se<\/p>\n","protected":false},"author":3837,"featured_media":0,"parent":677,"menu_order":164,"comment_status":"closed","ping_status":"closed","template":"","meta":{"_acf_changed":false,"footnotes":""},"categories":[],"tags":[],"class_list":["post-10733","page","type-page","status-publish","hentry"],"acf":[],"_links":{"self":[{"href":"https:\/\/univet.hu\/hu\/wp-json\/wp\/v2\/pages\/10733","targetHints":{"allow":["GET"]}}],"collection":[{"href":"https:\/\/univet.hu\/hu\/wp-json\/wp\/v2\/pages"}],"about":[{"href":"https:\/\/univet.hu\/hu\/wp-json\/wp\/v2\/types\/page"}],"author":[{"embeddable":true,"href":"https:\/\/univet.hu\/hu\/wp-json\/wp\/v2\/users\/3837"}],"replies":[{"embeddable":true,"href":"https:\/\/univet.hu\/hu\/wp-json\/wp\/v2\/comments?post=10733"}],"version-history":[{"count":0,"href":"https:\/\/univet.hu\/hu\/wp-json\/wp\/v2\/pages\/10733\/revisions"}],"up":[{"embeddable":true,"href":"https:\/\/univet.hu\/hu\/wp-json\/wp\/v2\/pages\/677"}],"wp:attachment":[{"href":"https:\/\/univet.hu\/hu\/wp-json\/wp\/v2\/media?parent=10733"}],"wp:term":[{"taxonomy":"category","embeddable":true,"href":"https:\/\/univet.hu\/hu\/wp-json\/wp\/v2\/categories?post=10733"},{"taxonomy":"post_tag","embeddable":true,"href":"https:\/\/univet.hu\/hu\/wp-json\/wp\/v2\/tags?post=10733"}],"curies":[{"name":"wp","href":"https:\/\/api.w.org\/{rel}","templated":true}]}}