{"id":10734,"date":"1970-01-01T00:00:00","date_gmt":"1969-12-31T23:00:00","guid":{"rendered":"http:\/\/univet.hu\/oktatas\/kurzusok\/angol-szaknyelv-biologus-bsc-hallgatok-szamara-4\/"},"modified":"2021-01-28T12:56:16","modified_gmt":"2021-01-28T11:56:16","slug":"angol-szaknyelv-biologus-bsc-hallgatok-szamara-4","status":"publish","type":"page","link":"https:\/\/univet.hu\/hu\/oktatas\/kurzusok\/angol-szaknyelv-biologus-bsc-hallgatok-szamara-4\/","title":{"rendered":"Angol szaknyelv  biol\u00f3gus BSc hallgat\u00f3k sz\u00e1m\u00e1ra 4"},"content":{"rendered":"<p>A m\u00e1r megszerzett nyelvi k\u00e9szs\u00e9gek meg\u0151rz\u00e9se, illetve azok tov\u00e1bbfejleszt\u00e9se mellett kezdett\u0151l fogva \u2013 \u00e9s egyre n\u00f6vekv\u0151 ar\u00e1nyban \u2013 szerepet kap a biol\u00f3gia \u00e9s a tudom\u00e1ny nyelv\u00e9nek elsaj\u00e1t\u00edt\u00e1sa \u00edrott \u00e9s hallott szaknyelvi sz\u00f6vegek feldolgoz\u00e1s\u00e1n, prezent\u00e1l\u00e1son, essz\u00e9k \u00edr\u00e1s\u00e1n, illetve szakmai vit\u00e1kon kereszt\u00fcl. A t\u00e1rgy \u00f6sszesen 4, egym\u00e1sra \u00e9p\u00fcl\u0151 f\u00e9l\u00e9ves modulb\u00f3l \u00e1ll, de nem k\u00f6telez\u0151 mind a 4 f\u00e9l\u00e9vben felvenni.<\/p>","protected":false},"excerpt":{"rendered":"<p>A m\u00e1r megszerzett nyelvi k\u00e9szs\u00e9gek meg\u0151rz\u00e9se, illetve azok tov\u00e1bbfejleszt\u00e9se mellett kezdett\u0151l fogva \u2013 \u00e9s egyre n\u00f6vekv\u0151 ar\u00e1nyban \u2013 szerepet kap a biol\u00f3gia \u00e9s a tudom\u00e1ny nyelv\u00e9nek elsaj\u00e1t\u00edt\u00e1sa \u00edrott \u00e9s hallott szaknyelvi sz\u00f6vegek feldolgoz\u00e1s\u00e1n, prezent\u00e1l\u00e1son, essz\u00e9k \u00edr\u00e1s\u00e1n, illetve szakmai vit\u00e1kon kereszt\u00fcl. A t\u00e1rgy \u00f6sszesen 4, egym\u00e1sra \u00e9p\u00fcl\u0151 f\u00e9l\u00e9ves modulb\u00f3l \u00e1ll, de nem k\u00f6telez\u0151 mind a 4<\/p>\n","protected":false},"author":3837,"featured_media":0,"parent":677,"menu_order":164,"comment_status":"closed","ping_status":"closed","template":"","meta":{"_acf_changed":false,"footnotes":""},"categories":[],"tags":[],"class_list":["post-10734","page","type-page","status-publish","hentry"],"acf":[],"_links":{"self":[{"href":"https:\/\/univet.hu\/hu\/wp-json\/wp\/v2\/pages\/10734","targetHints":{"allow":["GET"]}}],"collection":[{"href":"https:\/\/univet.hu\/hu\/wp-json\/wp\/v2\/pages"}],"about":[{"href":"https:\/\/univet.hu\/hu\/wp-json\/wp\/v2\/types\/page"}],"author":[{"embeddable":true,"href":"https:\/\/univet.hu\/hu\/wp-json\/wp\/v2\/users\/3837"}],"replies":[{"embeddable":true,"href":"https:\/\/univet.hu\/hu\/wp-json\/wp\/v2\/comments?post=10734"}],"version-history":[{"count":0,"href":"https:\/\/univet.hu\/hu\/wp-json\/wp\/v2\/pages\/10734\/revisions"}],"up":[{"embeddable":true,"href":"https:\/\/univet.hu\/hu\/wp-json\/wp\/v2\/pages\/677"}],"wp:attachment":[{"href":"https:\/\/univet.hu\/hu\/wp-json\/wp\/v2\/media?parent=10734"}],"wp:term":[{"taxonomy":"category","embeddable":true,"href":"https:\/\/univet.hu\/hu\/wp-json\/wp\/v2\/categories?post=10734"},{"taxonomy":"post_tag","embeddable":true,"href":"https:\/\/univet.hu\/hu\/wp-json\/wp\/v2\/tags?post=10734"}],"curies":[{"name":"wp","href":"https:\/\/api.w.org\/{rel}","templated":true}]}}