{"id":10735,"date":"1970-01-01T00:00:00","date_gmt":"1969-12-31T23:00:00","guid":{"rendered":"http:\/\/univet.hu\/oktatas\/kurzusok\/angol-szaknyelv-biologus-msc-hallgatok-szamara-1\/"},"modified":"2019-05-07T10:56:13","modified_gmt":"2019-05-07T08:56:13","slug":"angol-szaknyelv-biologus-msc-hallgatok-szamara-1","status":"publish","type":"page","link":"https:\/\/univet.hu\/hu\/oktatas\/kurzusok\/angol-szaknyelv-biologus-msc-hallgatok-szamara-1\/","title":{"rendered":"Angol szaknyelv biol\u00f3gus MSc hallgat\u00f3k sz\u00e1m\u00e1ra 1"},"content":{"rendered":"<p><strong>A t\u00e1rgy felv\u00e9tel\u00e9nek el\u0151felt\u00e9tele:<\/strong><\/p> <p><strong>angol k\u00f6z\u00e9pfok\u00fa (B2) C t\u00edpus\u00fa nyelvvizsga<\/strong><\/p> <p>&nbsp;<\/p> <p>A biol\u00f3gia angol szaknyelv\u00e9nek gyakorl\u00e1sa szakmai cikkek \u00e9s biol\u00f3giai t\u00e9m\u00e1j\u00fa hanganyagok feldolgoz\u00e1s\u00e1n kereszt\u00fcl. Nagy szerepet kap az \u00f3r\u00e1n a szakmai el\u0151ad\u00e1sok, kutat\u00e1si besz\u00e1mol\u00f3k elemeinek gyakorl\u00e1sa \u00e9s a foly\u00e9kony nyelvhaszn\u00e1lat.<\/p>","protected":false},"excerpt":{"rendered":"<p>A t\u00e1rgy felv\u00e9tel\u00e9nek el\u0151felt\u00e9tele: angol k\u00f6z\u00e9pfok\u00fa (B2) C t\u00edpus\u00fa nyelvvizsga &nbsp; A biol\u00f3gia angol szaknyelv\u00e9nek gyakorl\u00e1sa szakmai cikkek \u00e9s biol\u00f3giai t\u00e9m\u00e1j\u00fa hanganyagok feldolgoz\u00e1s\u00e1n kereszt\u00fcl. Nagy szerepet kap az \u00f3r\u00e1n a szakmai el\u0151ad\u00e1sok, kutat\u00e1si besz\u00e1mol\u00f3k elemeinek gyakorl\u00e1sa \u00e9s a foly\u00e9kony nyelvhaszn\u00e1lat.<\/p>\n","protected":false},"author":3837,"featured_media":0,"parent":677,"menu_order":164,"comment_status":"closed","ping_status":"closed","template":"","meta":{"_acf_changed":false,"footnotes":""},"categories":[],"tags":[],"class_list":["post-10735","page","type-page","status-publish","hentry"],"acf":[],"_links":{"self":[{"href":"https:\/\/univet.hu\/hu\/wp-json\/wp\/v2\/pages\/10735","targetHints":{"allow":["GET"]}}],"collection":[{"href":"https:\/\/univet.hu\/hu\/wp-json\/wp\/v2\/pages"}],"about":[{"href":"https:\/\/univet.hu\/hu\/wp-json\/wp\/v2\/types\/page"}],"author":[{"embeddable":true,"href":"https:\/\/univet.hu\/hu\/wp-json\/wp\/v2\/users\/3837"}],"replies":[{"embeddable":true,"href":"https:\/\/univet.hu\/hu\/wp-json\/wp\/v2\/comments?post=10735"}],"version-history":[{"count":0,"href":"https:\/\/univet.hu\/hu\/wp-json\/wp\/v2\/pages\/10735\/revisions"}],"up":[{"embeddable":true,"href":"https:\/\/univet.hu\/hu\/wp-json\/wp\/v2\/pages\/677"}],"wp:attachment":[{"href":"https:\/\/univet.hu\/hu\/wp-json\/wp\/v2\/media?parent=10735"}],"wp:term":[{"taxonomy":"category","embeddable":true,"href":"https:\/\/univet.hu\/hu\/wp-json\/wp\/v2\/categories?post=10735"},{"taxonomy":"post_tag","embeddable":true,"href":"https:\/\/univet.hu\/hu\/wp-json\/wp\/v2\/tags?post=10735"}],"curies":[{"name":"wp","href":"https:\/\/api.w.org\/{rel}","templated":true}]}}