{"id":10738,"date":"1970-01-01T00:00:00","date_gmt":"1969-12-31T23:00:00","guid":{"rendered":"http:\/\/univet.hu\/oktatas\/kurzusok\/angol-szaknyelv-biologus-msc-hallgatok-szamara-4\/"},"modified":"2021-02-17T14:10:27","modified_gmt":"2021-02-17T13:10:27","slug":"angol-szaknyelv-biologus-msc-hallgatok-szamara-4","status":"publish","type":"page","link":"https:\/\/univet.hu\/hu\/oktatas\/kurzusok\/angol-szaknyelv-biologus-msc-hallgatok-szamara-4\/","title":{"rendered":"Angol szaknyelv biol\u00f3gus MSc hallgat\u00f3k sz\u00e1m\u00e1ra 4"},"content":{"rendered":"<p>A kurzus a tudom\u00e1nyos k\u00f6zlem\u00e9nyek \u00edr\u00e1s\u00e1nak angol nyelvi saj\u00e1toss\u00e1gaival foglalkozik. C\u00e9lja a hallgat\u00f3k publik\u00e1ci\u00f3s st\u00edlus\u00e1nak a fejleszt\u00e9se. A kurzus sor\u00e1n tudatos\u00edtjuk illetve megismerj\u00fck \u00e9s gyakoroljuk azokat a szerkezeti, nyelvtani, sz\u00f3kincsbeli \u00e9s stilisztikai elemeket, amelyek helyes haszn\u00e1lata elengedhetetelen az \u00edrott tudom\u00e1nyos kommunik\u00e1ci\u00f3ban.<\/p> <p>&nbsp;<\/p> <p>A 2021. febru\u00e1rban &#8222;szinkron t\u00e1voll\u00e9ti &#8221; form\u00e1ban indul a kurzus, ami azt jelenti, hogy a hallgat\u00f3k a megadott id\u0151pontban interneten kereszt\u00fcl kapcsol\u00f3dnak be az online \u00f3r\u00e1kba, amelyeket a tan\u00e1r Teams vagy Zoom fel\u00fcleten tart. A hallgat\u00f3 felel\u0151ss\u00e9ge, hogy ehhez megfelel\u0151 eszk\u00f6z\u00f6kkel (sz\u00e1m\u00edt\u00f3g\u00e9p, laptop + mikrofon + kamera), valamint megfelel\u0151en gyors internet-kapcsolattal rendelkezzen. A mobiltelefon nem alkalmas erre a c\u00e9lra.<\/p>","protected":false},"excerpt":{"rendered":"<p>A kurzus a tudom\u00e1nyos k\u00f6zlem\u00e9nyek \u00edr\u00e1s\u00e1nak angol nyelvi saj\u00e1toss\u00e1gaival foglalkozik. C\u00e9lja a hallgat\u00f3k publik\u00e1ci\u00f3s st\u00edlus\u00e1nak a fejleszt\u00e9se. A kurzus sor\u00e1n tudatos\u00edtjuk illetve megismerj\u00fck \u00e9s gyakoroljuk azokat a szerkezeti, nyelvtani, sz\u00f3kincsbeli \u00e9s stilisztikai elemeket, amelyek helyes haszn\u00e1lata elengedhetetelen az \u00edrott tudom\u00e1nyos kommunik\u00e1ci\u00f3ban. &nbsp; A 2021. febru\u00e1rban &#8222;szinkron t\u00e1voll\u00e9ti &#8221; form\u00e1ban indul a kurzus, ami azt jelenti,<\/p>\n","protected":false},"author":3837,"featured_media":0,"parent":677,"menu_order":164,"comment_status":"closed","ping_status":"closed","template":"","meta":{"_acf_changed":false,"footnotes":""},"categories":[],"tags":[],"class_list":["post-10738","page","type-page","status-publish","hentry"],"acf":[],"_links":{"self":[{"href":"https:\/\/univet.hu\/hu\/wp-json\/wp\/v2\/pages\/10738","targetHints":{"allow":["GET"]}}],"collection":[{"href":"https:\/\/univet.hu\/hu\/wp-json\/wp\/v2\/pages"}],"about":[{"href":"https:\/\/univet.hu\/hu\/wp-json\/wp\/v2\/types\/page"}],"author":[{"embeddable":true,"href":"https:\/\/univet.hu\/hu\/wp-json\/wp\/v2\/users\/3837"}],"replies":[{"embeddable":true,"href":"https:\/\/univet.hu\/hu\/wp-json\/wp\/v2\/comments?post=10738"}],"version-history":[{"count":0,"href":"https:\/\/univet.hu\/hu\/wp-json\/wp\/v2\/pages\/10738\/revisions"}],"up":[{"embeddable":true,"href":"https:\/\/univet.hu\/hu\/wp-json\/wp\/v2\/pages\/677"}],"wp:attachment":[{"href":"https:\/\/univet.hu\/hu\/wp-json\/wp\/v2\/media?parent=10738"}],"wp:term":[{"taxonomy":"category","embeddable":true,"href":"https:\/\/univet.hu\/hu\/wp-json\/wp\/v2\/categories?post=10738"},{"taxonomy":"post_tag","embeddable":true,"href":"https:\/\/univet.hu\/hu\/wp-json\/wp\/v2\/tags?post=10738"}],"curies":[{"name":"wp","href":"https:\/\/api.w.org\/{rel}","templated":true}]}}