{"id":10739,"date":"1970-01-01T00:00:00","date_gmt":"1969-12-31T23:00:00","guid":{"rendered":"http:\/\/univet.hu\/oktatas\/kurzusok\/arachnologia-biologus-msc-zooklogia-szakirany\/"},"modified":"2018-09-07T15:36:29","modified_gmt":"2018-09-07T13:36:29","slug":"arachnologia-biologus-msc-zooklogia-szakirany","status":"publish","type":"page","link":"https:\/\/univet.hu\/hu\/oktatas\/kurzusok\/arachnologia-biologus-msc-zooklogia-szakirany\/","title":{"rendered":"Arachnol\u00f3gia &#8211; biol\u00f3gus MSc zookl\u00f3gia szakir\u00e1ny"},"content":{"rendered":"<p>A t\u00e1rgy c\u00e9lja az alapk\u00e9pz\u00e9sben megszerzett arachnol\u00f3giai ismeretek b\u0151v\u00edt\u00e9se. A hat\u00e1roz\u00e1si ismeretek alapjainak megszerz\u00e9se, fajismeret b\u0151v\u00edt\u00e9se, konkr\u00e9t hazai \u00e9l\u0151hely t\u00edpusok p\u00f3kfaun\u00e1j\u00e1nak bemutat\u00e1sa, az adatgy\u0171jt\u00e9si m\u00f3dszerekt\u0151l a fajeggy\u00fcttesek jellemz\u00e9s\u00e9ig.<br \/>Aj\u00e1nlott irodalom:<br \/>Hat\u00e1roz\u00f3k\u00f6nyvek, handoutok<\/p><\/p>","protected":false},"excerpt":{"rendered":"<p>A t\u00e1rgy c\u00e9lja az alapk\u00e9pz\u00e9sben megszerzett arachnol\u00f3giai ismeretek b\u0151v\u00edt\u00e9se. A hat\u00e1roz\u00e1si ismeretek alapjainak megszerz\u00e9se, fajismeret b\u0151v\u00edt\u00e9se, konkr\u00e9t hazai \u00e9l\u0151hely t\u00edpusok p\u00f3kfaun\u00e1j\u00e1nak bemutat\u00e1sa, az adatgy\u0171jt\u00e9si m\u00f3dszerekt\u0151l a fajeggy\u00fcttesek jellemz\u00e9s\u00e9ig.Aj\u00e1nlott irodalom:Hat\u00e1roz\u00f3k\u00f6nyvek, handoutok<\/p>\n","protected":false},"author":3837,"featured_media":0,"parent":677,"menu_order":164,"comment_status":"closed","ping_status":"closed","template":"","meta":{"_acf_changed":false,"footnotes":""},"categories":[],"tags":[],"class_list":["post-10739","page","type-page","status-publish","hentry"],"acf":[],"_links":{"self":[{"href":"https:\/\/univet.hu\/hu\/wp-json\/wp\/v2\/pages\/10739","targetHints":{"allow":["GET"]}}],"collection":[{"href":"https:\/\/univet.hu\/hu\/wp-json\/wp\/v2\/pages"}],"about":[{"href":"https:\/\/univet.hu\/hu\/wp-json\/wp\/v2\/types\/page"}],"author":[{"embeddable":true,"href":"https:\/\/univet.hu\/hu\/wp-json\/wp\/v2\/users\/3837"}],"replies":[{"embeddable":true,"href":"https:\/\/univet.hu\/hu\/wp-json\/wp\/v2\/comments?post=10739"}],"version-history":[{"count":0,"href":"https:\/\/univet.hu\/hu\/wp-json\/wp\/v2\/pages\/10739\/revisions"}],"up":[{"embeddable":true,"href":"https:\/\/univet.hu\/hu\/wp-json\/wp\/v2\/pages\/677"}],"wp:attachment":[{"href":"https:\/\/univet.hu\/hu\/wp-json\/wp\/v2\/media?parent=10739"}],"wp:term":[{"taxonomy":"category","embeddable":true,"href":"https:\/\/univet.hu\/hu\/wp-json\/wp\/v2\/categories?post=10739"},{"taxonomy":"post_tag","embeddable":true,"href":"https:\/\/univet.hu\/hu\/wp-json\/wp\/v2\/tags?post=10739"}],"curies":[{"name":"wp","href":"https:\/\/api.w.org\/{rel}","templated":true}]}}