{"id":10742,"date":"1970-01-01T00:00:00","date_gmt":"1969-12-31T23:00:00","guid":{"rendered":"http:\/\/univet.hu\/oktatas\/kurzusok\/az-allatorvosi-kardiologia-alapjai\/"},"modified":"2020-02-10T14:30:53","modified_gmt":"2020-02-10T13:30:53","slug":"az-allatorvosi-kardiologia-alapjai","status":"publish","type":"page","link":"https:\/\/univet.hu\/hu\/oktatas\/kurzusok\/az-allatorvosi-kardiologia-alapjai\/","title":{"rendered":"Az \u00e1llatorvosi kardiol\u00f3gia alapjai"},"content":{"rendered":"<p>(D)I.2.2. Fakultat\u00edv tant\u00e1rgy:<\/p> <p>A tant\u00e1rgy oktat\u00e1s\u00e1nak helye, \u00f3rasz\u00e1ma, az ismeretek ellen\u0151rz\u00e9s\u00e9nek form\u00e1ja:<\/p> <table style=\"width: 571px;\" border=\"1\" cellspacing=\"0\" cellpadding=\"0\"> <tbody> <tr> <td style=\"height: 66px; width: 55px;\"><strong>F\u00e9l\u00e9v<\/strong><\/td> <td style=\"height: 66px; width: 228px;\"><strong>T\u00e9mak\u00f6r<\/strong><\/td> <td style=\"height: 66px; width: 108px;\"> <p><strong>\u00d3rasz\u00e1m<\/strong><\/p> <p>(el\u0151ad\u00e1s\/gyakorlat)<\/td> <td style=\"height: 66px; width: 120px;\"> <p><strong>Az \u00e9rt\u00e9kel\u00e9s m\u00f3dja<\/strong><\/p> <p>(gyakorlati jegy, vizsga, szigorlat)<\/td> <td style=\"height: 66px; width: 60px;\"><strong>Kredit<\/strong><\/td> <\/tr> <tr> <td style=\"width: 55px;\">10.<\/td> <td style=\"width: 228px;\">Az \u00e1llatorvosi kardiol\u00f3gia alapjai<\/td> <td style=\"width: 108px;\">15\/0<\/td> <td style=\"width: 120px;\">kollokvium<\/td> <td style=\"width: 60px;\">2<\/td> <\/tr> <\/tbody> <\/table> <p>&nbsp;<\/p> <p>A tant\u00e1rgy oktat\u00e1s\u00e1nak r\u00f6vid, c\u00edmszavas tematik\u00e1ja (tant\u00e1rgyank\u00e9nt maximum 10 sor)<\/p> <p>A sz\u00edv topogr\u00e1fi\u00e1ja. A v\u00e9rkering\u00e9si szervek klinikai vizsg\u00e1lata. v\u00e9rkering\u00e9si szervek fizik\u00e1lis klinikai vizsg\u00e1lata. A fonokardiogr\u00e1fia \u00e9s az elektrokardiogr\u00e1fia elm\u00e9leti alapjai, vizsg\u00e1lati technik\u00e1k. A k\u00f3ros EKG-elt\u00e9r\u00e9sek, a ritmuszavarok diagnosztik\u00e1ja. Echokardiogr\u00e1fia. EKG-felv\u00e9telek k\u00e9sz\u00edt\u00e9se \u00e9s ki\u00e9rt\u00e9kel\u00e9se, v\u00e9rnyom\u00e1sm\u00e9r\u00e9s. A fonokardiogr\u00e1fia technik\u00e1ja, komputeranal\u00edzises EKG, echokardiogr\u00e1fia. A sz\u00edvbetegs\u00e9gek gy\u00f3gykezel\u00e9s\u00e9nek alapelvei, fontosabb gy\u00f3gyszerek. A sz\u00edvbetegs\u00e9gek k\u00f3rhat\u00e1roz\u00e1sa.<\/p> <p>&nbsp;<\/p> <p>A tananyag elsaj\u00e1t\u00edt\u00e1s\u00e1hoz aj\u00e1nlott irodalom:<\/p> <p><u>Szakk\u00f6nyvek:<\/u><\/p> <p>Hetyey Cs., V\u00f6r\u00f6s K.: \u00c1llatorvosi Ultrahang-diagnosztika. Pannonia Print Budapest 2012.<\/p> <p>Tilley, L.P.: Kis\u00e1llatorvosok EKG k\u00f6nyve. M\u0171szercentrum Kft., 2013.<\/p> <p>Smith, J.R. et al. (eds.): Manual of canine and feline cardiology. 5th ed. Elsevier, St. Luis, 2015.<\/p> <p>Ware, W. A.: Cardiovascular disease in small animal medicine. Manson Publishing, London, 2007.<\/p> <p>&nbsp;<\/p> <p><u>Hazai publik\u00e1ci\u00f3k:<\/u> (Megtal\u00e1lhat\u00f3k a tansz\u00e9ki honlap vonatkoz\u00f3 k\u00f6nyvt\u00e1r\u00e1ban, PDF-form\u00e1tumban, a kiad\u00f3 enged\u00e9ly\u00e9vel, saj\u00e1t haszn\u00e1latra)<\/p> <p>Arany-T\u00f3th Attila (2007): K\u00f6h\u00f6g\u00e9ssel j\u00e1r\u00f3 k\u00f3rk\u00e9pek r\u00f6ntgendiagnosztik\u00e1ja. Kamarai \u00c1llatorvos. 2. 19.-21.<\/p> <p>Manczur, F. (2010): V\u00e9rnyom\u00e1sm\u00e9r\u00e9s a kis\u00e1llatpraxisban I. Kis\u00e1llatpraxis, 11. 12-20.<\/p> <p>Manczur, F. (2010): V\u00e9rnyom\u00e1sm\u00e9r\u00e9s a kis\u00e1llatpraxisban II. Alacsony \u00e9s magas v\u00e9rnyom\u00e1ssal j\u00e1r\u00f3 k\u00f3rk\u00e9pek. Kis\u00e1llatpraxis, 11. 142-150.<\/p> <p style=\"margin-left: 4.5pt;\">V\u00f6r\u00f6s, K. (2004): Mit hallunk a sz\u00edv felett? A sz\u00edvz\u00f6rejek felismer\u00e9se \u00e9s jelent\u0151s\u00e9ge. \u00c1llatorvosi Kamarai H\u00edrek, 15. (5.), 4-7.<\/p> <p style=\"margin-left: 4.5pt;\">V\u00f6r\u00f6s, K. (2005): A kuty\u00e1k \u00e9s a macsk\u00e1k sz\u00edvel\u00e9gtelens\u00e9g\u00e9nek kialakul\u00e1sa \u00e9s gy\u00f3gykezel\u00e9se. I. A sz\u00edvel\u00e9gtelens\u00e9g kialakul\u00e1sa. \u00c1llatorvosi Kamarai H\u00edrek, 16. (5.) 4-8.<\/p> <p style=\"margin-left: 4.5pt;\">V\u00f6r\u00f6s, K. (2006): A kuty\u00e1k \u00e9s a macsk\u00e1k sz\u00edvel\u00e9gtelens\u00e9g\u00e9nek kialakul\u00e1sa \u00e9s gy\u00f3gykezel\u00e9se. II. A sz\u00edvel\u00e9gtelens\u00e9g gy\u00f3gykezel\u00e9se. Kamarai \u00c1llatorvos, 1. 22-27.<\/p> <p style=\"margin-left: 4.5pt;\">V\u00f6r\u00f6s, K. (2010): A fizik\u00e1lis klinikai vizsg\u00e1lat szerepe a sz\u00edvbetegs\u00e9gek meg\u00e1llap\u00edt\u00e1s\u00e1ban. Kis\u00e1llatpraxis, 11. (1.) 2-10.<\/p> <p>V\u00f6r\u00f6s, K. (2012): \u00dajabb ismeretek a kuty\u00e1k id\u00fclt endocardiosis\u00e1nak k\u00f3roktan\u00e1r\u00f3l, k\u00f3rfejl\u0151d\u00e9s\u00e9r\u0151l, meg\u00e1llap\u00edt\u00e1s\u00e1r\u00f3l \u00e9s a gy\u00f3gykezel\u00e9s lehet\u0151s\u00e9geir\u0151l. Irodalmi \u00e1ttekint\u00e9s. Kis\u00e1llatpraxis, 13. (1.) 2-7.<\/p> <p>V\u00f6r\u00f6s, K.; Hetyey, Cs. (2012): A kuty\u00e1k velesz\u00fcletett sz\u00edvbetegs\u00e9geinek echokardiogr\u00e1fi\u00e1ja. Kamarai \u00c1llatorvos, 7. (2.) 18.-24.<\/p>","protected":false},"excerpt":{"rendered":"<p>(D)I.2.2. Fakultat\u00edv tant\u00e1rgy: A tant\u00e1rgy oktat\u00e1s\u00e1nak helye, \u00f3rasz\u00e1ma, az ismeretek ellen\u0151rz\u00e9s\u00e9nek form\u00e1ja: F\u00e9l\u00e9v T\u00e9mak\u00f6r \u00d3rasz\u00e1m (el\u0151ad\u00e1s\/gyakorlat) Az \u00e9rt\u00e9kel\u00e9s m\u00f3dja (gyakorlati jegy, vizsga, szigorlat) Kredit 10. Az \u00e1llatorvosi kardiol\u00f3gia alapjai 15\/0 kollokvium 2 &nbsp; A tant\u00e1rgy oktat\u00e1s\u00e1nak r\u00f6vid, c\u00edmszavas tematik\u00e1ja (tant\u00e1rgyank\u00e9nt maximum 10 sor) A sz\u00edv topogr\u00e1fi\u00e1ja. A v\u00e9rkering\u00e9si szervek klinikai vizsg\u00e1lata. v\u00e9rkering\u00e9si szervek fizik\u00e1lis klinikai<\/p>\n","protected":false},"author":3837,"featured_media":0,"parent":677,"menu_order":164,"comment_status":"closed","ping_status":"closed","template":"","meta":{"_acf_changed":false,"footnotes":""},"categories":[],"tags":[],"class_list":["post-10742","page","type-page","status-publish","hentry"],"acf":[],"_links":{"self":[{"href":"https:\/\/univet.hu\/hu\/wp-json\/wp\/v2\/pages\/10742","targetHints":{"allow":["GET"]}}],"collection":[{"href":"https:\/\/univet.hu\/hu\/wp-json\/wp\/v2\/pages"}],"about":[{"href":"https:\/\/univet.hu\/hu\/wp-json\/wp\/v2\/types\/page"}],"author":[{"embeddable":true,"href":"https:\/\/univet.hu\/hu\/wp-json\/wp\/v2\/users\/3837"}],"replies":[{"embeddable":true,"href":"https:\/\/univet.hu\/hu\/wp-json\/wp\/v2\/comments?post=10742"}],"version-history":[{"count":0,"href":"https:\/\/univet.hu\/hu\/wp-json\/wp\/v2\/pages\/10742\/revisions"}],"up":[{"embeddable":true,"href":"https:\/\/univet.hu\/hu\/wp-json\/wp\/v2\/pages\/677"}],"wp:attachment":[{"href":"https:\/\/univet.hu\/hu\/wp-json\/wp\/v2\/media?parent=10742"}],"wp:term":[{"taxonomy":"category","embeddable":true,"href":"https:\/\/univet.hu\/hu\/wp-json\/wp\/v2\/categories?post=10742"},{"taxonomy":"post_tag","embeddable":true,"href":"https:\/\/univet.hu\/hu\/wp-json\/wp\/v2\/tags?post=10742"}],"curies":[{"name":"wp","href":"https:\/\/api.w.org\/{rel}","templated":true}]}}