{"id":10743,"date":"1970-01-01T00:00:00","date_gmt":"1969-12-31T23:00:00","guid":{"rendered":"http:\/\/univet.hu\/oktatas\/kurzusok\/az-allatorvoslas-tortenete\/"},"modified":"2022-01-26T16:21:06","modified_gmt":"2022-01-26T15:21:06","slug":"az-allatorvoslas-tortenete","status":"publish","type":"page","link":"https:\/\/univet.hu\/hu\/oktatas\/kurzusok\/az-allatorvoslas-tortenete\/","title":{"rendered":"Az \u00e1llatorvosl\u00e1s t\u00f6rt\u00e9nete"},"content":{"rendered":"<p>Tant\u00e1rgyfelel\u0151s: Dr. M\u00e1ndoki M\u00edra<\/p> <p>K\u00e9rd\u00e9s eset\u00e9n a t\u00e1rgyfelel\u0151s el\u00e9rhet\u0151s\u00e9ge:\u00a0<a class=\"decrypt\" rel=\"nboeplj\/njsbAvojwfu\/iv\"><a class=\"decrypt\" rel=\"nboeplj\/njsbAvojwfu\/iv\" href=\"javascript:void(0);\">[Kattintson az emailc\u00edmhez]<\/a><\/a><\/p> <p>I. egys\u00e9g &#8211; az \u00f3kori K\u00f6zel-Kelet \u00e9s Kelet<\/p> <p>Mezopot\u00e1mia orvostudom\u00e1nya<br \/> Egyiptom orvostudom\u00e1nya<br \/> India orvostudom\u00e1nya<br \/> K\u00edna orvostudom\u00e1nya<br \/> Az \u00f3sz\u00f6vets\u00e9gi zsid\u00f3s\u00e1g orvostudom\u00e1nya<\/p> <p>II. egys\u00e9g &#8211; A racion\u00e1lis-empirikus tudom\u00e1ny korszaka<\/p> <p>Az \u00f3kori g\u00f6r\u00f6g\u00f6k orvostudom\u00e1nya<br \/> A R\u00f3mai K\u00f6zt\u00e1rsas\u00e1g kor\u00e1nak orvostudom\u00e1nya<br \/> A R\u00f3mai Birodalom orvostudom\u00e1nya<br \/> A biz\u00e1nci orvostudom\u00e1ny<\/p> <p>III. egys\u00e9g &#8211; A metafizikus korszak<\/p> <p>Az arab orvostudom\u00e1ny<br \/> Vall\u00e1si alap\u00fa gy\u00f3gy\u00edt\u00e1s a kereszt\u00e9ny k\u00f6z\u00e9pkorban<\/p> <p>IV. egys\u00e9g &#8211; A tudom\u00e1nyos gondolkod\u00e1s felemelked\u00e9se<\/p> <p>Rufus, Salamiella, Mondeville, Par\u00e9, da Vinci, Fracastoro, Paracelsus, Vesalius, Ruini, Harvey, van Leeuwenhoek, Malphigi, Redi, Sydenham, Lancini, Spallanzani, Linne, Bourgelat, Scotti<\/p> <p>V. egys\u00e9g &#8211; <em>\u00d3ri\u00e1sok kora<\/em><\/p> <p>Pasteur, Roux, Nocard, Koch, L\u00f6ffler, Behring, Jenner, Semmelweis, Lister<\/p>","protected":false},"excerpt":{"rendered":"<p>Tant\u00e1rgyfelel\u0151s: Dr. M\u00e1ndoki M\u00edra K\u00e9rd\u00e9s eset\u00e9n a t\u00e1rgyfelel\u0151s el\u00e9rhet\u0151s\u00e9ge:\u00a0[Kattintson az emailc\u00edmhez] I. egys\u00e9g &#8211; az \u00f3kori K\u00f6zel-Kelet \u00e9s Kelet Mezopot\u00e1mia orvostudom\u00e1nya Egyiptom orvostudom\u00e1nya India orvostudom\u00e1nya K\u00edna orvostudom\u00e1nya Az \u00f3sz\u00f6vets\u00e9gi zsid\u00f3s\u00e1g orvostudom\u00e1nya II. egys\u00e9g &#8211; A racion\u00e1lis-empirikus tudom\u00e1ny korszaka Az \u00f3kori g\u00f6r\u00f6g\u00f6k orvostudom\u00e1nya A R\u00f3mai K\u00f6zt\u00e1rsas\u00e1g kor\u00e1nak orvostudom\u00e1nya A R\u00f3mai Birodalom orvostudom\u00e1nya A biz\u00e1nci orvostudom\u00e1ny III.<\/p>\n","protected":false},"author":3837,"featured_media":0,"parent":677,"menu_order":164,"comment_status":"closed","ping_status":"closed","template":"","meta":{"_acf_changed":false,"footnotes":""},"categories":[],"tags":[],"class_list":["post-10743","page","type-page","status-publish","hentry"],"acf":[],"_links":{"self":[{"href":"https:\/\/univet.hu\/hu\/wp-json\/wp\/v2\/pages\/10743","targetHints":{"allow":["GET"]}}],"collection":[{"href":"https:\/\/univet.hu\/hu\/wp-json\/wp\/v2\/pages"}],"about":[{"href":"https:\/\/univet.hu\/hu\/wp-json\/wp\/v2\/types\/page"}],"author":[{"embeddable":true,"href":"https:\/\/univet.hu\/hu\/wp-json\/wp\/v2\/users\/3837"}],"replies":[{"embeddable":true,"href":"https:\/\/univet.hu\/hu\/wp-json\/wp\/v2\/comments?post=10743"}],"version-history":[{"count":0,"href":"https:\/\/univet.hu\/hu\/wp-json\/wp\/v2\/pages\/10743\/revisions"}],"up":[{"embeddable":true,"href":"https:\/\/univet.hu\/hu\/wp-json\/wp\/v2\/pages\/677"}],"wp:attachment":[{"href":"https:\/\/univet.hu\/hu\/wp-json\/wp\/v2\/media?parent=10743"}],"wp:term":[{"taxonomy":"category","embeddable":true,"href":"https:\/\/univet.hu\/hu\/wp-json\/wp\/v2\/categories?post=10743"},{"taxonomy":"post_tag","embeddable":true,"href":"https:\/\/univet.hu\/hu\/wp-json\/wp\/v2\/tags?post=10743"}],"curies":[{"name":"wp","href":"https:\/\/api.w.org\/{rel}","templated":true}]}}