{"id":10746,"date":"1970-01-01T00:00:00","date_gmt":"1969-12-31T23:00:00","guid":{"rendered":"http:\/\/univet.hu\/oktatas\/kurzusok\/az-ossejtek-transplantatiojanak-lehetosegei-az-allatorvos-tudomanyban\/"},"modified":"2018-09-07T15:36:36","modified_gmt":"2018-09-07T13:36:36","slug":"az-ossejtek-transplantatiojanak-lehetosegei-az-allatorvos-tudomanyban","status":"publish","type":"page","link":"https:\/\/univet.hu\/hu\/oktatas\/kurzusok\/az-ossejtek-transplantatiojanak-lehetosegei-az-allatorvos-tudomanyban\/","title":{"rendered":"Az \u0151ssejtek transplantati\u00f3j\u00e1nak lehet\u0151s\u00e9gei az \u00e1llatorvos-tudom\u00e1nyban"},"content":{"rendered":"<p> A transplantatio t&ouml;rt&eacute;net&eacute;nek &aacute;ttekint&eacute;se<br \/> Az \u0151ssejtek fogalma, csoportos&iacute;t&aacute;sa<br \/> Az \u0151ssejtek jellemz&eacute;se<br \/> \u0150ssejt-szepar&aacute;l&aacute;si technik&aacute;k<br \/> \u0150ssejtforr&aacute;sok<br \/> \u0150ssejtek a feln\u0151tt szervezetben: fiziol&oacute;gi&aacute;s szerep<br \/> Tumor &ouml;ssejtek<br \/> \u0150ssejtek felhaszn&aacute;l&aacute;sa a hematol&oacute;giai betegs&eacute;gekben<br \/> \u0150ssejtek alkalmaz&aacute;sa az endocrin betegs&eacute;gekben<br \/> \u0150ssejtek alkalmaz&aacute;sa a kardiol&oacute;giai betegs&eacute;gekben<br \/> \u0150ssejtek alkalmaz&aacute;sa az idegrendszer betegs&eacute;geiben<br \/> Az \u0151ssejtek alkalmaz&aacute;s&aacute;nak t&aacute;rsadalmi-etikai vonatkoz&aacute;sai<\/p> <table border=\"1\" cellpadding=\"0\" cellspacing=\"0\" style=\"width:635px\"> <tbody> <tr> <td> <p>El\u0151tanulm&aacute;nyi k&ouml;vetelm&eacute;nyek:<\/p> <\/td> <td> <p>Sikeres sz&ouml;vettan z&aacute;r&oacute;vizsga<\/p> <\/td> <\/tr> <\/tbody> <\/table> <table border=\"1\" cellpadding=\"0\" cellspacing=\"0\" style=\"width:635px\"> <tbody> <tr> <td> <p>A tant&aacute;rgy k&eacute;pz&eacute;si c&eacute;lja:<\/p> <\/td> <td> <p>Alapoz&oacute; ismeretek az \u0151ssejtekr\u0151l &eacute;s alkalmaz&aacute;sukr&oacute;l.<\/p> <\/td> <\/tr> <\/tbody> <\/table> <p>&nbsp;<\/p>","protected":false},"excerpt":{"rendered":"<p>A transplantatio t&ouml;rt&eacute;net&eacute;nek &aacute;ttekint&eacute;se Az \u0151ssejtek fogalma, csoportos&iacute;t&aacute;sa Az \u0151ssejtek jellemz&eacute;se \u0150ssejt-szepar&aacute;l&aacute;si technik&aacute;k \u0150ssejtforr&aacute;sok \u0150ssejtek a feln\u0151tt szervezetben: fiziol&oacute;gi&aacute;s szerep Tumor &ouml;ssejtek \u0150ssejtek felhaszn&aacute;l&aacute;sa a hematol&oacute;giai betegs&eacute;gekben \u0150ssejtek alkalmaz&aacute;sa az endocrin betegs&eacute;gekben \u0150ssejtek alkalmaz&aacute;sa a kardiol&oacute;giai betegs&eacute;gekben \u0150ssejtek alkalmaz&aacute;sa az idegrendszer betegs&eacute;geiben Az \u0151ssejtek alkalmaz&aacute;s&aacute;nak t&aacute;rsadalmi-etikai vonatkoz&aacute;sai El\u0151tanulm&aacute;nyi k&ouml;vetelm&eacute;nyek: Sikeres sz&ouml;vettan z&aacute;r&oacute;vizsga A tant&aacute;rgy k&eacute;pz&eacute;si<\/p>\n","protected":false},"author":3837,"featured_media":0,"parent":677,"menu_order":164,"comment_status":"closed","ping_status":"closed","template":"","meta":{"_acf_changed":false,"footnotes":""},"categories":[],"tags":[],"class_list":["post-10746","page","type-page","status-publish","hentry"],"acf":[],"_links":{"self":[{"href":"https:\/\/univet.hu\/hu\/wp-json\/wp\/v2\/pages\/10746","targetHints":{"allow":["GET"]}}],"collection":[{"href":"https:\/\/univet.hu\/hu\/wp-json\/wp\/v2\/pages"}],"about":[{"href":"https:\/\/univet.hu\/hu\/wp-json\/wp\/v2\/types\/page"}],"author":[{"embeddable":true,"href":"https:\/\/univet.hu\/hu\/wp-json\/wp\/v2\/users\/3837"}],"replies":[{"embeddable":true,"href":"https:\/\/univet.hu\/hu\/wp-json\/wp\/v2\/comments?post=10746"}],"version-history":[{"count":0,"href":"https:\/\/univet.hu\/hu\/wp-json\/wp\/v2\/pages\/10746\/revisions"}],"up":[{"embeddable":true,"href":"https:\/\/univet.hu\/hu\/wp-json\/wp\/v2\/pages\/677"}],"wp:attachment":[{"href":"https:\/\/univet.hu\/hu\/wp-json\/wp\/v2\/media?parent=10746"}],"wp:term":[{"taxonomy":"category","embeddable":true,"href":"https:\/\/univet.hu\/hu\/wp-json\/wp\/v2\/categories?post=10746"},{"taxonomy":"post_tag","embeddable":true,"href":"https:\/\/univet.hu\/hu\/wp-json\/wp\/v2\/tags?post=10746"}],"curies":[{"name":"wp","href":"https:\/\/api.w.org\/{rel}","templated":true}]}}