{"id":10748,"date":"1970-01-01T00:00:00","date_gmt":"1969-12-31T23:00:00","guid":{"rendered":"http:\/\/univet.hu\/oktatas\/kurzusok\/baromfifajok-keltetese\/"},"modified":"2023-09-04T20:14:32","modified_gmt":"2023-09-04T18:14:32","slug":"baromfifajok-keltetese","status":"publish","type":"page","link":"https:\/\/univet.hu\/hu\/oktatas\/kurzusok\/baromfifajok-keltetese\/","title":{"rendered":"Baromfifajok keltet\u00e9se"},"content":{"rendered":"<p>A tant\u00e1rgy c\u00e9lja, hogy a hallgat\u00f3k megismerj\u00e9k a gazdas\u00e1gi \u00e9s egyes egzotikus mad\u00e1rfajok keltet\u00e9s\u00e9nek elm\u00e9leti \u00e9s gyakorlati alapjait.<\/p> <p>El\u0151tanulm\u00e1nyi k\u00f6vetelm\u00e9nyek: \u00c1llatteny\u00e9szt\u00e9stan kollokvium megl\u00e9te<\/p> <p>Tant\u00e1rgyfelel\u0151s: Dr. G\u00e1sp\u00e1rdy Andr\u00e1s<\/p>","protected":false},"excerpt":{"rendered":"<p>A tant\u00e1rgy c\u00e9lja, hogy a hallgat\u00f3k megismerj\u00e9k a gazdas\u00e1gi \u00e9s egyes egzotikus mad\u00e1rfajok keltet\u00e9s\u00e9nek elm\u00e9leti \u00e9s gyakorlati alapjait. El\u0151tanulm\u00e1nyi k\u00f6vetelm\u00e9nyek: \u00c1llatteny\u00e9szt\u00e9stan kollokvium megl\u00e9te Tant\u00e1rgyfelel\u0151s: Dr. G\u00e1sp\u00e1rdy Andr\u00e1s<\/p>\n","protected":false},"author":3837,"featured_media":0,"parent":677,"menu_order":164,"comment_status":"closed","ping_status":"closed","template":"","meta":{"_acf_changed":false,"footnotes":""},"categories":[],"tags":[],"class_list":["post-10748","page","type-page","status-publish","hentry"],"acf":[],"_links":{"self":[{"href":"https:\/\/univet.hu\/hu\/wp-json\/wp\/v2\/pages\/10748","targetHints":{"allow":["GET"]}}],"collection":[{"href":"https:\/\/univet.hu\/hu\/wp-json\/wp\/v2\/pages"}],"about":[{"href":"https:\/\/univet.hu\/hu\/wp-json\/wp\/v2\/types\/page"}],"author":[{"embeddable":true,"href":"https:\/\/univet.hu\/hu\/wp-json\/wp\/v2\/users\/3837"}],"replies":[{"embeddable":true,"href":"https:\/\/univet.hu\/hu\/wp-json\/wp\/v2\/comments?post=10748"}],"version-history":[{"count":0,"href":"https:\/\/univet.hu\/hu\/wp-json\/wp\/v2\/pages\/10748\/revisions"}],"up":[{"embeddable":true,"href":"https:\/\/univet.hu\/hu\/wp-json\/wp\/v2\/pages\/677"}],"wp:attachment":[{"href":"https:\/\/univet.hu\/hu\/wp-json\/wp\/v2\/media?parent=10748"}],"wp:term":[{"taxonomy":"category","embeddable":true,"href":"https:\/\/univet.hu\/hu\/wp-json\/wp\/v2\/categories?post=10748"},{"taxonomy":"post_tag","embeddable":true,"href":"https:\/\/univet.hu\/hu\/wp-json\/wp\/v2\/tags?post=10748"}],"curies":[{"name":"wp","href":"https:\/\/api.w.org\/{rel}","templated":true}]}}