{"id":10751,"date":"1970-01-01T00:00:00","date_gmt":"1969-12-31T23:00:00","guid":{"rendered":"http:\/\/univet.hu\/oktatas\/kurzusok\/belgyogyaszat-1\/"},"modified":"2019-10-07T15:50:02","modified_gmt":"2019-10-07T13:50:02","slug":"belgyogyaszat-1","status":"publish","type":"page","link":"https:\/\/univet.hu\/hu\/oktatas\/kurzusok\/belgyogyaszat-1\/","title":{"rendered":"Belgy\u00f3gy\u00e1szat 1."},"content":{"rendered":"<p>(D) I.2. Tant\u00e1rgyle\u00edr\u00e1s<\/p> <p>(D) I.2.1. K\u00f6telez\u0151 tant\u00e1rgy<\/p> <p><strong>Tant\u00e1rgyfelel\u0151s<\/strong>: Dr. Manczur Ferenc, PhD, egyetemi docens<\/p> <p>&nbsp;<\/p> <p>I.2.1.1. A tant\u00e1rgy neve:<\/p> <p>Oktat\u00e1s\u00e1nak helye, \u00f3rasz\u00e1ma, az ismeretek ellen\u0151rz\u00e9s\u00e9nek form\u00e1ja:<\/p> <table style=\"width: 714px;\" border=\"1\" cellspacing=\"0\" cellpadding=\"0\"> <tbody> <tr> <td style=\"height: 66px; width: 55px;\"><strong>F\u00e9l\u00e9v<\/strong><\/td> <td style=\"height: 66px; width: 228px;\"><strong>T\u00e9mak\u00f6r<\/strong><\/td> <td style=\"height: 66px; width: 108px;\"> <p><strong>\u00d3rasz\u00e1m<\/strong><\/p> <p>(el\u0151ad\u00e1s\/gyakorlat)<\/td> <td style=\"height: 66px; width: 120px;\"> <p><strong>Az \u00e9rt\u00e9kel\u00e9s m\u00f3dja<\/strong><\/p> <p>(gyakorlati jegy, vizsga, szigorlat)<\/td> <td style=\"height: 66px; width: 60px;\"><strong>Kredit<\/strong><\/td> <\/tr> <tr> <td style=\"width: 55px;\">7.<\/td> <td style=\"width: 228px;\">\u00c1llatorvosi belgy\u00f3gy\u00e1szat 1.<\/td> <td style=\"width: 108px;\">45\/30<\/td> <td style=\"width: 120px;\">Gyakorlati jegy<\/td> <td style=\"width: 60px;\">2<\/td> <\/tr> <tr> <td style=\"height: 39px; width: 55px;\">8.<\/td> <td style=\"height: 39px; width: 228px;\">\u00c1llatorvosi belgy\u00f3gy\u00e1szat 2.<\/td> <td style=\"height: 39px; width: 108px;\">60\/45<\/td> <td style=\"height: 39px; width: 120px;\">Gyakorlati jegy<\/td> <td style=\"height: 39px; width: 60px;\">2<\/td> <\/tr> <tr> <td style=\"width: 55px;\">9.<\/td> <td style=\"width: 228px;\">\u00c1llatorvosi belgy\u00f3gy\u00e1szat 3.<\/td> <td style=\"width: 108px;\">36\/0<\/td> <td style=\"width: 120px;\">Szigorlat<\/td> <td style=\"width: 60px;\">7<\/td> <\/tr> <\/tbody> <\/table> <p>&nbsp;<\/p> <p><strong>El\u0151tanulm\u00e1nyi felt\u00e9telek<\/strong>: \u00e1ltal\u00e1nos k\u00f3rtan, belgy\u00f3gy\u00e1szati diagnosztika, gy\u00f3gyszertan 2.<\/p> <p>&nbsp;<\/p> <p><strong>A tant\u00e1rgy oktat\u00e1s\u00e1nak r\u00f6vid, c\u00edmszavas tematik\u00e1ja<\/strong> (tant\u00e1rgyank\u00e9nt maximum 1 oldal)<\/p> <p>A belgy\u00f3gy\u00e1szat c\u00e9lja a h\u00e1zi eml\u0151s\u00e1llatok (k\u00e9r\u0151dz\u0151k, lovak, sert\u00e9sek, kuty\u00e1k \u00e9s macsk\u00e1k belgy\u00f3gy\u00e1szati jelleg\u0171 betegs\u00e9geinek oktat\u00e1sa. R\u00e9szletesen ismerteti ezeknek a betegs\u00e9geknek az oktan\u00e1t, k\u00f3rfejl\u0151d\u00e9s\u00e9t, diagnosztik\u00e1j\u00e1t, gy\u00f3gykezel\u00e9s\u00e9t \u00e9s megel\u0151z\u00e9s\u00e9t. A t\u00e1rgy elm\u00e9leti \u00e9s gyakorlati oktat\u00e1si k\u00e9pz\u00e9st is mag\u00e1ban foglal. A belgy\u00f3gy\u00e1szati gyakorlatok c\u00e9lja a diag\u00adnosztikai \u00e9s ter\u00e1pi\u00e1s m\u00f3dszerek begyakorl\u00e1sa. Sor ker\u00fcl tov\u00e1bb\u00e1 betegdemonstr\u00e1ci\u00f3kra \u00e9s konzult\u00e1ci\u00f3kra is.<\/p> <p>&nbsp;<\/p> <p>Belgy\u00f3gy\u00e1szat 1<\/p> <p>Az el\u0151ad\u00e1sok t\u00e9mak\u00f6rei: A kuty\u00e1k \u00e9s macsk\u00e1k belgy\u00f3gy\u00e1szata 1. r\u00e9sz<\/p> <p>A l\u00e9gz\u0151szervek betegs\u00e9gei. A sz\u00edvel\u00e9gtelens\u00e9g \u00e9s a sokk klinikai vonatkoz\u00e1sai. Sz\u00edvbetegs\u00e9gek. Az em\u00e9szt\u0151szervek betegs\u00e9gei. A hash\u00e1rtya betegs\u00e9gei \u00e9s a hasny\u00e1lmirigy betegs\u00e9gei kuty\u00e1kban \u00e9s macsk\u00e1kban. A m\u00e1j betegs\u00e9gei. A v\u00e9rk\u00e9pz\u0151 szervek betegs\u00e9gei.<\/p> <p>&nbsp;<\/p> <p>Belgy\u00f3gy\u00e1szat 2<\/p> <p>Az el\u0151ad\u00e1sok t\u00e9mak\u00f6rei: A nagy\u00e1llatok belgy\u00f3gy\u00e1szata.<\/p> <p>A sert\u00e9sek belgy\u00f3gy\u00e1szati betegs\u00e9gei. A k\u00e9r\u0151dz\u0151k belgy\u00f3gy\u00e1szati betegs\u00e9gei. A lovak belgy\u00f3gy\u00e1szati betegs\u00e9gei. Plen\u00e1ris gyakorlati m\u0171szeres diagnosztikai bemutat\u00f3k: ultrahangvizsg\u00e1lat, endoszk\u00f3pia.<\/p> <p>&nbsp;<\/p> <p>Belgy\u00f3gy\u00e1szat 3<\/p> <p>Az el\u0151ad\u00e1sok t\u00e9mak\u00f6rei: A kuty\u00e1k \u00e9s macsk\u00e1k belgy\u00f3gy\u00e1szata 1. r\u00e9sz<\/p> <p>Endokrin k\u00f3rform\u00e1k. Anyagforgalmi \u00e9s mozg\u00e1sszervi betegs\u00e9gek. Az idegrendszer betegs\u00e9gei. A heveny \u00e9s az id\u00fclt veseel\u00e9gtelens\u00e9g, a h\u00fagyszervek betegs\u00e9gei. Az idegrendszer betegs\u00e9gei. B\u0151rbetegs\u00e9gek.<\/p> <p>&nbsp;<\/p> <p>A tananyag elsaj\u00e1t\u00edt\u00e1s\u00e1hoz aj\u00e1nlott irodalom:<\/p> <p>Karsai F. &#8211; V\u00f6r\u00f6s K. (szerk.): \u00c1llatorvosi belgy\u00f3gy\u00e1szat I. A kuty\u00e1k \u00e9s a macsk\u00e1k betegs\u00e9gei, Primavet Kft. 1999., Karsai F. \u2013 V\u00f6r\u00f6s K.: \u00c1llatorvosi belgy\u00f3gy\u00e1szat II. A lovak, a k\u00e9r\u0151dz\u0151k \u00e9s a sert\u00e9sek betegs\u00e9gei, 3., v\u00e1ltozatlan kiad\u00e1s, M\u00c1OK Kft., Budapest, 2013.<\/p> <p>Tilley, L.P.: Kis\u00e1llatorvosok EKG k\u00f6nyve. M\u0171szercentrum Kft., 2013.<\/p> <p>HETYEY, Cs. \u2013 V\u00d6R\u00d6S, K. (szerk.): \u00c1llatorvosi ultrahang-diagnosztika. Pann\u00f3nia-Print, Budapest, 2012.<\/p> <p>&nbsp;<\/p> <p>A plen\u00e1ris gyakorlatok PDF-form\u00e1tum\u00fa \u00f3rav\u00e1zlatai. (A tansz\u00e9ki honlap hallgat\u00f3k r\u00e9sz\u00e9re hozz\u00e1f\u00e9rhet\u0151 k\u00f6nyvt\u00e1r\u00e1ban.)<\/p> <p>&nbsp;<\/p> <p>&nbsp;<\/p>","protected":false},"excerpt":{"rendered":"<p>(D) I.2. Tant\u00e1rgyle\u00edr\u00e1s (D) I.2.1. K\u00f6telez\u0151 tant\u00e1rgy Tant\u00e1rgyfelel\u0151s: Dr. Manczur Ferenc, PhD, egyetemi docens &nbsp; I.2.1.1. A tant\u00e1rgy neve: Oktat\u00e1s\u00e1nak helye, \u00f3rasz\u00e1ma, az ismeretek ellen\u0151rz\u00e9s\u00e9nek form\u00e1ja: F\u00e9l\u00e9v T\u00e9mak\u00f6r \u00d3rasz\u00e1m (el\u0151ad\u00e1s\/gyakorlat) Az \u00e9rt\u00e9kel\u00e9s m\u00f3dja (gyakorlati jegy, vizsga, szigorlat) Kredit 7. \u00c1llatorvosi belgy\u00f3gy\u00e1szat 1. 45\/30 Gyakorlati jegy 2 8. \u00c1llatorvosi belgy\u00f3gy\u00e1szat 2. 60\/45 Gyakorlati jegy 2 9.<\/p>\n","protected":false},"author":3837,"featured_media":0,"parent":677,"menu_order":164,"comment_status":"closed","ping_status":"closed","template":"","meta":{"_acf_changed":false,"footnotes":""},"categories":[],"tags":[],"class_list":["post-10751","page","type-page","status-publish","hentry"],"acf":[],"_links":{"self":[{"href":"https:\/\/univet.hu\/hu\/wp-json\/wp\/v2\/pages\/10751","targetHints":{"allow":["GET"]}}],"collection":[{"href":"https:\/\/univet.hu\/hu\/wp-json\/wp\/v2\/pages"}],"about":[{"href":"https:\/\/univet.hu\/hu\/wp-json\/wp\/v2\/types\/page"}],"author":[{"embeddable":true,"href":"https:\/\/univet.hu\/hu\/wp-json\/wp\/v2\/users\/3837"}],"replies":[{"embeddable":true,"href":"https:\/\/univet.hu\/hu\/wp-json\/wp\/v2\/comments?post=10751"}],"version-history":[{"count":0,"href":"https:\/\/univet.hu\/hu\/wp-json\/wp\/v2\/pages\/10751\/revisions"}],"up":[{"embeddable":true,"href":"https:\/\/univet.hu\/hu\/wp-json\/wp\/v2\/pages\/677"}],"wp:attachment":[{"href":"https:\/\/univet.hu\/hu\/wp-json\/wp\/v2\/media?parent=10751"}],"wp:term":[{"taxonomy":"category","embeddable":true,"href":"https:\/\/univet.hu\/hu\/wp-json\/wp\/v2\/categories?post=10751"},{"taxonomy":"post_tag","embeddable":true,"href":"https:\/\/univet.hu\/hu\/wp-json\/wp\/v2\/tags?post=10751"}],"curies":[{"name":"wp","href":"https:\/\/api.w.org\/{rel}","templated":true}]}}