{"id":10752,"date":"1970-01-01T00:00:00","date_gmt":"1969-12-31T23:00:00","guid":{"rendered":"http:\/\/univet.hu\/oktatas\/kurzusok\/belgyogyaszat\/"},"modified":"2018-09-07T15:36:41","modified_gmt":"2018-09-07T13:36:41","slug":"belgyogyaszat","status":"publish","type":"page","link":"https:\/\/univet.hu\/hu\/oktatas\/kurzusok\/belgyogyaszat\/","title":{"rendered":"Belgy\u00f3gy\u00e1szat 2."},"content":{"rendered":"<p>(D) I.2. Tant&aacute;rgyle&iacute;r&aacute;s<\/p> <p>(D) I.2.1. K&ouml;telez\u0151 tant&aacute;rgy<\/p> <p><strong>Tant&aacute;rgyfelel\u0151s<\/strong>: Dr. Bakos Zolt&aacute;n, egyetemi docens<\/p> <p>&nbsp;<\/p> <p>I.2.1.1. A tant&aacute;rgy neve:<\/p> <p>Oktat&aacute;s&aacute;nak helye, &oacute;rasz&aacute;ma, az ismeretek ellen\u0151rz&eacute;s&eacute;nek form&aacute;ja:<\/p> <table border=\"1\" cellpadding=\"0\" cellspacing=\"0\" style=\"width:714px\"> <tbody> <tr> <td style=\"height:66px; width:55px\"> <p><strong>F&eacute;l&eacute;v<\/strong><\/p> <\/td> <td style=\"height:66px; width:228px\"> <p><strong>T&eacute;mak&ouml;r<\/strong><\/p> <\/td> <td style=\"height:66px; width:108px\"> <p><strong>&Oacute;rasz&aacute;m<\/strong><\/p> <p>(el\u0151ad&aacute;s\/gyakorlat)<\/p> <\/td> <td style=\"height:66px; width:120px\"> <p><strong>Az &eacute;rt&eacute;kel&eacute;s m&oacute;dja<\/strong><\/p> <p>(gyakorlati jegy, vizsga, szigorlat)<\/p> <\/td> <td style=\"height:66px; width:60px\"> <p><strong>Kredit<\/strong><\/p> <\/td> <\/tr> <tr> <td style=\"width:55px\"> <p>7.<\/p> <\/td> <td style=\"width:228px\"> <p>&Aacute;llatorvosi belgy&oacute;gy&aacute;szat 1.<\/p> <\/td> <td style=\"width:108px\"> <p>45\/30<\/p> <\/td> <td style=\"width:120px\"> <p>Gyakorlati jegy<\/p> <\/td> <td style=\"width:60px\"> <p>2<\/p> <\/td> <\/tr> <tr> <td style=\"height:39px; width:55px\"> <p>8.<\/p> <\/td> <td style=\"height:39px; width:228px\"> <p>&Aacute;llatorvosi belgy&oacute;gy&aacute;szat 2.<\/p> <\/td> <td style=\"height:39px; width:108px\"> <p>60\/45<\/p> <\/td> <td style=\"height:39px; width:120px\"> <p>Gyakorlati jegy<\/p> <\/td> <td style=\"height:39px; width:60px\"> <p>2<\/p> <\/td> <\/tr> <tr> <td style=\"width:55px\"> <p>9.<\/p> <\/td> <td style=\"width:228px\"> <p>&Aacute;llatorvosi belgy&oacute;gy&aacute;szat 3.<\/p> <\/td> <td style=\"width:108px\"> <p>36\/0<\/p> <\/td> <td style=\"width:120px\"> <p>Szigorlat<\/p> <\/td> <td style=\"width:60px\"> <p>7<\/p> <\/td> <\/tr> <\/tbody> <\/table> <p>&nbsp;<\/p> <p><strong>El\u0151tanulm&aacute;nyi felt&eacute;telek<\/strong>: &aacute;ltal&aacute;nos k&oacute;rtan, belgy&oacute;gy&aacute;szati diagnosztika, gy&oacute;gyszertan 2.<\/p> <p>&nbsp;<\/p> <p><strong>A tant&aacute;rgy oktat&aacute;s&aacute;nak r&ouml;vid, c&iacute;mszavas tematik&aacute;ja<\/strong> (tant&aacute;rgyank&eacute;nt maximum 1 oldal)<\/p> <p>A belgy&oacute;gy&aacute;szat c&eacute;lja a h&aacute;zi eml\u0151s&aacute;llatok (k&eacute;r\u0151dz\u0151k, lovak, sert&eacute;sek, kuty&aacute;k &eacute;s macsk&aacute;k belgy&oacute;gy&aacute;szati jelleg\u0171 betegs&eacute;geinek oktat&aacute;sa. R&eacute;szletesen ismerteti ezeknek a betegs&eacute;geknek az oktan&aacute;t, k&oacute;rfejl\u0151d&eacute;s&eacute;t, diagnosztik&aacute;j&aacute;t, gy&oacute;gykezel&eacute;s&eacute;t &eacute;s megel\u0151z&eacute;s&eacute;t. A t&aacute;rgy elm&eacute;leti &eacute;s gyakorlati oktat&aacute;si k&eacute;pz&eacute;st is mag&aacute;ban foglal. A belgy&oacute;gy&aacute;szati gyakorlatok c&eacute;lja a diag&shy;nosztikai &eacute;s ter&aacute;pi&aacute;s m&oacute;dszerek begyakorl&aacute;sa. Sor ker&uuml;l tov&aacute;bb&aacute; betegdemonstr&aacute;ci&oacute;kra &eacute;s konzult&aacute;ci&oacute;kra is.<\/p> <p>&nbsp;<\/p> <p>Belgy&oacute;gy&aacute;szat 1<\/p> <p>Az el\u0151ad&aacute;sok t&eacute;mak&ouml;rei: A kuty&aacute;k &eacute;s macsk&aacute;k belgy&oacute;gy&aacute;szata 1. r&eacute;sz<\/p> <p>A l&eacute;gz\u0151szervek betegs&eacute;gei. A sz&iacute;vel&eacute;gtelens&eacute;g &eacute;s a sokk klinikai vonatkoz&aacute;sai. Sz&iacute;vbetegs&eacute;gek. Az em&eacute;szt\u0151szervek betegs&eacute;gei. A hash&aacute;rtya betegs&eacute;gei &eacute;s a hasny&aacute;lmirigy betegs&eacute;gei kuty&aacute;kban &eacute;s macsk&aacute;kban. A m&aacute;j betegs&eacute;gei. A v&eacute;rk&eacute;pz\u0151 szervek betegs&eacute;gei.<\/p> <p>&nbsp;<\/p> <p>Belgy&oacute;gy&aacute;szat 2<\/p> <p>Az el\u0151ad&aacute;sok t&eacute;mak&ouml;rei: A nagy&aacute;llatok belgy&oacute;gy&aacute;szata.<\/p> <p>A sert&eacute;sek belgy&oacute;gy&aacute;szati betegs&eacute;gei. A k&eacute;r\u0151dz\u0151k belgy&oacute;gy&aacute;szati betegs&eacute;gei. A lovak belgy&oacute;gy&aacute;szati betegs&eacute;gei.<\/p> <p>&nbsp;<\/p> <p>Belgy&oacute;gy&aacute;szat 3<\/p> <p>Az el\u0151ad&aacute;sok t&eacute;mak&ouml;rei: A kuty&aacute;k &eacute;s macsk&aacute;k belgy&oacute;gy&aacute;szata 1. r&eacute;sz<\/p> <p>Endokrin k&oacute;rform&aacute;k. Anyagforgalmi &eacute;s mozg&aacute;sszervi betegs&eacute;gek. Az idegrendszer betegs&eacute;gei. A heveny &eacute;s az id&uuml;lt veseel&eacute;gtelens&eacute;g, a h&uacute;gyszervek betegs&eacute;gei. Az idegrendszer betegs&eacute;gei. B\u0151rbetegs&eacute;gek.<\/p> <p>&nbsp;<\/p> <p>A tananyag elsaj&aacute;t&iacute;t&aacute;s&aacute;hoz aj&aacute;nlott irodalom:<\/p> <p>Karsai F. &#8211; V&ouml;r&ouml;s K. (szerk.): &Aacute;llatorvosi belgy&oacute;gy&aacute;szat I. A kuty&aacute;k &eacute;s a macsk&aacute;k betegs&eacute;gei, Primavet Kft. 1999., Karsai F. &ndash; V&ouml;r&ouml;s K.: &Aacute;llatorvosi belgy&oacute;gy&aacute;szat II. A lovak, a k&eacute;r\u0151dz\u0151k &eacute;s a sert&eacute;sek betegs&eacute;gei, 3., v&aacute;ltozatlan kiad&aacute;s, M&Aacute;OK Kft., Budapest, 2013.<\/p> <p>Tilley, L.P.: Kis&aacute;llatorvosok EKG k&ouml;nyve. M\u0171szercentrum Kft., 2013.<\/p> <p>HETYEY, Cs. &ndash; V&Ouml;R&Ouml;S, K. (szerk.): &Aacute;llatorvosi ultrahang-diagnosztika. Pann&oacute;nia-Print, Budapest, 2012.<\/p> <p>&nbsp;<\/p> <p>A plen&aacute;ris gyakorlatok PDF-form&aacute;tum&uacute; &oacute;rav&aacute;zlatai. (A tansz&eacute;ki honlap hallgat&oacute;k r&eacute;sz&eacute;re hozz&aacute;f&eacute;rhet\u0151 k&ouml;nyvt&aacute;r&aacute;ban.)<\/p> <p>&nbsp;<\/p>","protected":false},"excerpt":{"rendered":"<p>(D) I.2. Tant&aacute;rgyle&iacute;r&aacute;s (D) I.2.1. K&ouml;telez\u0151 tant&aacute;rgy Tant&aacute;rgyfelel\u0151s: Dr. Bakos Zolt&aacute;n, egyetemi docens &nbsp; I.2.1.1. A tant&aacute;rgy neve: Oktat&aacute;s&aacute;nak helye, &oacute;rasz&aacute;ma, az ismeretek ellen\u0151rz&eacute;s&eacute;nek form&aacute;ja: F&eacute;l&eacute;v T&eacute;mak&ouml;r &Oacute;rasz&aacute;m (el\u0151ad&aacute;s\/gyakorlat) Az &eacute;rt&eacute;kel&eacute;s m&oacute;dja (gyakorlati jegy, vizsga, szigorlat) Kredit 7. &Aacute;llatorvosi belgy&oacute;gy&aacute;szat 1. 45\/30 Gyakorlati jegy 2 8. &Aacute;llatorvosi belgy&oacute;gy&aacute;szat 2. 60\/45 Gyakorlati jegy 2 9. &Aacute;llatorvosi<\/p>\n","protected":false},"author":3837,"featured_media":0,"parent":677,"menu_order":163,"comment_status":"closed","ping_status":"closed","template":"","meta":{"_acf_changed":false,"footnotes":""},"categories":[],"tags":[],"class_list":["post-10752","page","type-page","status-publish","hentry"],"acf":[],"_links":{"self":[{"href":"https:\/\/univet.hu\/hu\/wp-json\/wp\/v2\/pages\/10752","targetHints":{"allow":["GET"]}}],"collection":[{"href":"https:\/\/univet.hu\/hu\/wp-json\/wp\/v2\/pages"}],"about":[{"href":"https:\/\/univet.hu\/hu\/wp-json\/wp\/v2\/types\/page"}],"author":[{"embeddable":true,"href":"https:\/\/univet.hu\/hu\/wp-json\/wp\/v2\/users\/3837"}],"replies":[{"embeddable":true,"href":"https:\/\/univet.hu\/hu\/wp-json\/wp\/v2\/comments?post=10752"}],"version-history":[{"count":0,"href":"https:\/\/univet.hu\/hu\/wp-json\/wp\/v2\/pages\/10752\/revisions"}],"up":[{"embeddable":true,"href":"https:\/\/univet.hu\/hu\/wp-json\/wp\/v2\/pages\/677"}],"wp:attachment":[{"href":"https:\/\/univet.hu\/hu\/wp-json\/wp\/v2\/media?parent=10752"}],"wp:term":[{"taxonomy":"category","embeddable":true,"href":"https:\/\/univet.hu\/hu\/wp-json\/wp\/v2\/categories?post=10752"},{"taxonomy":"post_tag","embeddable":true,"href":"https:\/\/univet.hu\/hu\/wp-json\/wp\/v2\/tags?post=10752"}],"curies":[{"name":"wp","href":"https:\/\/api.w.org\/{rel}","templated":true}]}}