{"id":10754,"date":"1970-01-01T00:00:00","date_gmt":"1969-12-31T23:00:00","guid":{"rendered":"http:\/\/univet.hu\/oktatas\/kurzusok\/belgyogyaszati-diagnosztika\/"},"modified":"2019-01-23T11:09:57","modified_gmt":"2019-01-23T10:09:57","slug":"belgyogyaszati-diagnosztika","status":"publish","type":"page","link":"https:\/\/univet.hu\/hu\/oktatas\/kurzusok\/belgyogyaszati-diagnosztika\/","title":{"rendered":"Belgy\u00f3gy\u00e1szati Diagnosztika"},"content":{"rendered":"<p>(D) I.2. Tant\u00e1rgyle\u00edr\u00e1s<\/p> <p>(D) I.2.1. K\u00f6telez\u0151 tant\u00e1rgy<\/p> <p><strong>Tant\u00e1rgyfelel\u0151s<\/strong>: Dr. Sterczer \u00c1gnes, PhD, egyetemi docens<\/p> <p>I.2.1.1. A tant\u00e1rgy neve:<\/p> <p>Oktat\u00e1s\u00e1nak helye, \u00f3rasz\u00e1ma, az ismeretek ellen\u0151rz\u00e9s\u00e9nek form\u00e1ja:<\/p> <table style=\"width: 714px;\" border=\"1\" cellspacing=\"0\" cellpadding=\"0\"> <tbody> <tr> <td style=\"height: 66px; width: 55px;\"><strong>F\u00e9l\u00e9v<\/strong><\/td> <td style=\"height: 66px; width: 228px;\"><strong>T\u00e9mak\u00f6r<\/strong><\/td> <td style=\"height: 66px; width: 108px;\"> <p><strong>\u00d3rasz\u00e1m<\/strong><\/p> <p>(el\u0151ad\u00e1s\/gyakorlat)<\/td> <td style=\"height: 66px; width: 120px;\"> <p><strong>Az \u00e9rt\u00e9kel\u00e9s m\u00f3dja<\/strong><\/p> <p>(gyakorlati jegy, vizsga, szigorlat)<\/td> <td style=\"height: 66px; width: 60px;\"><strong>Kredit<\/strong><\/td> <\/tr> <tr> <td style=\"width: 55px;\">6<\/td> <td style=\"width: 228px;\">Belgy\u00f3gy\u00e1szati diagnosztika<\/td> <td style=\"width: 108px;\">45\/30<\/td> <td style=\"width: 120px;\">Vizsga<\/td> <td style=\"width: 60px;\">4<\/td> <\/tr> <\/tbody> <\/table> <p>&nbsp;<\/p> <p><strong>El\u0151tanulm\u00e1nyi felt\u00e9telek<\/strong>: t\u00e1janat\u00f3mia, laborat\u00f3riumi diagnosztika, k\u00f3r\u00e9lettan<\/p> <p><strong>A tant\u00e1rgy oktat\u00e1s\u00e1nak r\u00f6vid, c\u00edmszavas tematik\u00e1ja<\/strong> (tant\u00e1rgyank\u00e9nt maximum 1 oldal)<\/p> <p>Az \u00e1llatokkal val\u00f3 b\u00e1n\u00e1sm\u00f3d, a vizsg\u00e1l\u00f3 m\u00f3dszerek, a betegs\u00e9gek t\u00fcnetei, a diagn\u00f3zis kialak\u00edt\u00e1s\u00e1nak megismertet\u00e9se. A szervek klinikai vizsg\u00e1lat\u00e1nak c\u00e9lja, m\u00f3dszerei. K\u00f3rjelz\u00e9s, diagn\u00f3zis t\u00edpusok. A vizsg\u00e1lati lelet le\u00edr\u00e1s\u00e1nak sorrendje. Nationale. A k\u00f3rel\u0151zm\u00e9ny felv\u00e9tel\u00e9nek szempontjai \u00e9s \u00f6sszetev\u0151i.\u00a0 A jelen \u00e1llapot. \u00c1ltal\u00e1nos \u00e1llapot. Klinikai alap\u00e9rt\u00e9kek. Az egyes szervek \u00e9s szervrendszerek r\u00e9szletes klinikai vizsg\u00e1lata. M\u0171szeres diagnosztikai vizsg\u00e1latok, elektrokardiogr\u00e1fia, ultrahang-diagnosztika, endoszk\u00f3pia.<\/p> <p>&nbsp;<\/p> <p>A tananyag elsaj\u00e1t\u00edt\u00e1s\u00e1hoz aj\u00e1nlott irodalom:<\/p> <p>Papp L.-V\u00f6r\u00f6s K.-Magdus M.: \u00c1llatorvosi belgy\u00f3gy\u00e1szati diagnosztika I., jegyzet \u00c1OTE, 1993.<\/p> <p>Papp L.: \u00c1llatorvosi belgy\u00f3gy\u00e1szati diagnosztika II., jegyzet \u00c1OTE 1994.<\/p> <p>Ga\u00e1l Tibor: \u00c1llatorvosi k\u00f3r\u00e9lettan el\u0151ad\u00e1sv\u00e1zlatok, jegyzet, \u00c1OTK, 2002.<\/p> <p>Tilley, L.P.: Kis\u00e1llatorvosok EKG k\u00f6nyve. M\u0171szercentrum Kft., 2013.<\/p> <p>&nbsp;<\/p> <p>A plen\u00e1ris gyakorlatok PDF-form\u00e1tum\u00fa \u00f3rav\u00e1zlatai. (A tansz\u00e9ki honlap hallgat\u00f3k r\u00e9sz\u00e9re hozz\u00e1f\u00e9rhet\u0151 k\u00f6nyvt\u00e1r\u00e1ban.)<\/p> <p>&nbsp;<\/p>","protected":false},"excerpt":{"rendered":"<p>(D) I.2. Tant\u00e1rgyle\u00edr\u00e1s (D) I.2.1. K\u00f6telez\u0151 tant\u00e1rgy Tant\u00e1rgyfelel\u0151s: Dr. Sterczer \u00c1gnes, PhD, egyetemi docens I.2.1.1. A tant\u00e1rgy neve: Oktat\u00e1s\u00e1nak helye, \u00f3rasz\u00e1ma, az ismeretek ellen\u0151rz\u00e9s\u00e9nek form\u00e1ja: F\u00e9l\u00e9v T\u00e9mak\u00f6r \u00d3rasz\u00e1m (el\u0151ad\u00e1s\/gyakorlat) Az \u00e9rt\u00e9kel\u00e9s m\u00f3dja (gyakorlati jegy, vizsga, szigorlat) Kredit 6 Belgy\u00f3gy\u00e1szati diagnosztika 45\/30 Vizsga 4 &nbsp; El\u0151tanulm\u00e1nyi felt\u00e9telek: t\u00e1janat\u00f3mia, laborat\u00f3riumi diagnosztika, k\u00f3r\u00e9lettan A tant\u00e1rgy oktat\u00e1s\u00e1nak r\u00f6vid, c\u00edmszavas<\/p>\n","protected":false},"author":3837,"featured_media":0,"parent":677,"menu_order":163,"comment_status":"closed","ping_status":"closed","template":"","meta":{"_acf_changed":false,"footnotes":""},"categories":[],"tags":[],"class_list":["post-10754","page","type-page","status-publish","hentry"],"acf":[],"_links":{"self":[{"href":"https:\/\/univet.hu\/hu\/wp-json\/wp\/v2\/pages\/10754","targetHints":{"allow":["GET"]}}],"collection":[{"href":"https:\/\/univet.hu\/hu\/wp-json\/wp\/v2\/pages"}],"about":[{"href":"https:\/\/univet.hu\/hu\/wp-json\/wp\/v2\/types\/page"}],"author":[{"embeddable":true,"href":"https:\/\/univet.hu\/hu\/wp-json\/wp\/v2\/users\/3837"}],"replies":[{"embeddable":true,"href":"https:\/\/univet.hu\/hu\/wp-json\/wp\/v2\/comments?post=10754"}],"version-history":[{"count":0,"href":"https:\/\/univet.hu\/hu\/wp-json\/wp\/v2\/pages\/10754\/revisions"}],"up":[{"embeddable":true,"href":"https:\/\/univet.hu\/hu\/wp-json\/wp\/v2\/pages\/677"}],"wp:attachment":[{"href":"https:\/\/univet.hu\/hu\/wp-json\/wp\/v2\/media?parent=10754"}],"wp:term":[{"taxonomy":"category","embeddable":true,"href":"https:\/\/univet.hu\/hu\/wp-json\/wp\/v2\/categories?post=10754"},{"taxonomy":"post_tag","embeddable":true,"href":"https:\/\/univet.hu\/hu\/wp-json\/wp\/v2\/tags?post=10754"}],"curies":[{"name":"wp","href":"https:\/\/api.w.org\/{rel}","templated":true}]}}