{"id":10755,"date":"1970-01-01T00:00:00","date_gmt":"1969-12-31T23:00:00","guid":{"rendered":"http:\/\/univet.hu\/oktatas\/kurzusok\/bendoemesztes-egyes-kerdesei\/"},"modified":"2020-10-14T15:07:38","modified_gmt":"2020-10-14T13:07:38","slug":"bendoemesztes-egyes-kerdesei","status":"publish","type":"page","link":"https:\/\/univet.hu\/hu\/oktatas\/kurzusok\/bendoemesztes-egyes-kerdesei\/","title":{"rendered":"Bend\u0151em\u00e9szt\u00e9s egyes k\u00e9rd\u00e9sei"},"content":{"rendered":"<p>Tematika:<\/p> <ul> <li>Az ill\u00f3savak<\/li> <li>Az ill\u00f3zs\u00edrsavak direkt hat\u00e1sai<\/li> <li>Az ill\u00f3zs\u00edrsavak hat\u00e1sa egyes sejtek different\u00e1ci\u00f3j\u00e1ra<\/li> <li>Az ill\u00f3zs\u00edrsavak indirekt hat\u00e1sai<\/li> <li>Az ill\u00f3zs\u00edrsavak hat\u00e1sa az egyes daganatok kialakul\u00e1s\u00e1ra<\/li> <li>Az ill\u00f3zs\u00edrsavak szerepe a takarm\u00e1nyoz\u00e1sban<\/li> <li>Az ill\u00f3zs\u00edrsavak <em>evol\u00faci\u00f3ja<\/em><\/li> <\/ul>","protected":false},"excerpt":{"rendered":"<p>Tematika: Az ill\u00f3savak Az ill\u00f3zs\u00edrsavak direkt hat\u00e1sai Az ill\u00f3zs\u00edrsavak hat\u00e1sa egyes sejtek different\u00e1ci\u00f3j\u00e1ra Az ill\u00f3zs\u00edrsavak indirekt hat\u00e1sai Az ill\u00f3zs\u00edrsavak hat\u00e1sa az egyes daganatok kialakul\u00e1s\u00e1ra Az ill\u00f3zs\u00edrsavak szerepe a takarm\u00e1nyoz\u00e1sban Az ill\u00f3zs\u00edrsavak evol\u00faci\u00f3ja<\/p>\n","protected":false},"author":3837,"featured_media":0,"parent":677,"menu_order":163,"comment_status":"closed","ping_status":"closed","template":"","meta":{"_acf_changed":false,"footnotes":""},"categories":[],"tags":[],"class_list":["post-10755","page","type-page","status-publish","hentry"],"acf":[],"_links":{"self":[{"href":"https:\/\/univet.hu\/hu\/wp-json\/wp\/v2\/pages\/10755","targetHints":{"allow":["GET"]}}],"collection":[{"href":"https:\/\/univet.hu\/hu\/wp-json\/wp\/v2\/pages"}],"about":[{"href":"https:\/\/univet.hu\/hu\/wp-json\/wp\/v2\/types\/page"}],"author":[{"embeddable":true,"href":"https:\/\/univet.hu\/hu\/wp-json\/wp\/v2\/users\/3837"}],"replies":[{"embeddable":true,"href":"https:\/\/univet.hu\/hu\/wp-json\/wp\/v2\/comments?post=10755"}],"version-history":[{"count":0,"href":"https:\/\/univet.hu\/hu\/wp-json\/wp\/v2\/pages\/10755\/revisions"}],"up":[{"embeddable":true,"href":"https:\/\/univet.hu\/hu\/wp-json\/wp\/v2\/pages\/677"}],"wp:attachment":[{"href":"https:\/\/univet.hu\/hu\/wp-json\/wp\/v2\/media?parent=10755"}],"wp:term":[{"taxonomy":"category","embeddable":true,"href":"https:\/\/univet.hu\/hu\/wp-json\/wp\/v2\/categories?post=10755"},{"taxonomy":"post_tag","embeddable":true,"href":"https:\/\/univet.hu\/hu\/wp-json\/wp\/v2\/tags?post=10755"}],"curies":[{"name":"wp","href":"https:\/\/api.w.org\/{rel}","templated":true}]}}