{"id":10756,"date":"1970-01-01T00:00:00","date_gmt":"1969-12-31T23:00:00","guid":{"rendered":"http:\/\/univet.hu\/oktatas\/kurzusok\/bevezetes-a-biologiaba\/"},"modified":"2021-11-15T11:11:29","modified_gmt":"2021-11-15T10:11:29","slug":"bevezetes-a-biologiaba","status":"publish","type":"page","link":"https:\/\/univet.hu\/hu\/oktatas\/kurzusok\/bevezetes-a-biologiaba\/","title":{"rendered":"Bevezet\u00e9s a Biol\u00f3gi\u00e1ba"},"content":{"rendered":"<p>A tant\u00e1rgy h\u00e1rom nagyobb tematikus egys\u00e9gre tagol\u00f3dik, r\u00e9szben a k\u00f6z\u00e9piskol\u00e1ban elsaj\u00e1t\u00edtott biol\u00f3giai ismeretek sz\u00fcks\u00e9ges elm\u00e9ly\u00edt\u00e9se, r\u00e9szben \u00faj ismeretek \u00e1tad\u00e1sa c\u00e9lj\u00e1b\u00f3l. Az els\u0151 r\u00e9szben a genetikus k\u00f3ddal \u00e9s annak struktur\u00e1lis megjelen\u00e9s\u00e9vel, a kromosz\u00f3m\u00e1val foglalkozunk. A m\u00e1sodik r\u00e9szben a sejt \u00e1ltal\u00e1nos strukt\u00far\u00e1j\u00e1t ismertetj\u00fck, m\u00edg a harmadik fejezetben m\u00e1r a genetikus k\u00f3d \u00e9s a sejt-finomszerkezet ismeret\u00e9ben t\u00e1rgyaljuk az egyedfejl\u0151d\u00e9s embrion\u00e1lis id\u0151szak\u00e1t a gametogenezist\u0151l a testforma kialakul\u00e1s\u00e1ig. A tant\u00e1rgy kiz\u00e1r\u00f3lag tantermi el\u0151ad\u00e1s form\u00e1j\u00e1ban ker\u00fcl oktat\u00e1sra.<\/p> <p>&nbsp;<\/p>","protected":false},"excerpt":{"rendered":"<p>A tant\u00e1rgy h\u00e1rom nagyobb tematikus egys\u00e9gre tagol\u00f3dik, r\u00e9szben a k\u00f6z\u00e9piskol\u00e1ban elsaj\u00e1t\u00edtott biol\u00f3giai ismeretek sz\u00fcks\u00e9ges elm\u00e9ly\u00edt\u00e9se, r\u00e9szben \u00faj ismeretek \u00e1tad\u00e1sa c\u00e9lj\u00e1b\u00f3l. Az els\u0151 r\u00e9szben a genetikus k\u00f3ddal \u00e9s annak struktur\u00e1lis megjelen\u00e9s\u00e9vel, a kromosz\u00f3m\u00e1val foglalkozunk. A m\u00e1sodik r\u00e9szben a sejt \u00e1ltal\u00e1nos strukt\u00far\u00e1j\u00e1t ismertetj\u00fck, m\u00edg a harmadik fejezetben m\u00e1r a genetikus k\u00f3d \u00e9s a sejt-finomszerkezet ismeret\u00e9ben t\u00e1rgyaljuk az<\/p>\n","protected":false},"author":3837,"featured_media":0,"parent":677,"menu_order":163,"comment_status":"closed","ping_status":"closed","template":"","meta":{"_acf_changed":false,"footnotes":""},"categories":[],"tags":[],"class_list":["post-10756","page","type-page","status-publish","hentry"],"acf":[],"_links":{"self":[{"href":"https:\/\/univet.hu\/hu\/wp-json\/wp\/v2\/pages\/10756","targetHints":{"allow":["GET"]}}],"collection":[{"href":"https:\/\/univet.hu\/hu\/wp-json\/wp\/v2\/pages"}],"about":[{"href":"https:\/\/univet.hu\/hu\/wp-json\/wp\/v2\/types\/page"}],"author":[{"embeddable":true,"href":"https:\/\/univet.hu\/hu\/wp-json\/wp\/v2\/users\/3837"}],"replies":[{"embeddable":true,"href":"https:\/\/univet.hu\/hu\/wp-json\/wp\/v2\/comments?post=10756"}],"version-history":[{"count":0,"href":"https:\/\/univet.hu\/hu\/wp-json\/wp\/v2\/pages\/10756\/revisions"}],"up":[{"embeddable":true,"href":"https:\/\/univet.hu\/hu\/wp-json\/wp\/v2\/pages\/677"}],"wp:attachment":[{"href":"https:\/\/univet.hu\/hu\/wp-json\/wp\/v2\/media?parent=10756"}],"wp:term":[{"taxonomy":"category","embeddable":true,"href":"https:\/\/univet.hu\/hu\/wp-json\/wp\/v2\/categories?post=10756"},{"taxonomy":"post_tag","embeddable":true,"href":"https:\/\/univet.hu\/hu\/wp-json\/wp\/v2\/tags?post=10756"}],"curies":[{"name":"wp","href":"https:\/\/api.w.org\/{rel}","templated":true}]}}