{"id":10757,"date":"1970-01-01T00:00:00","date_gmt":"1969-12-31T23:00:00","guid":{"rendered":"http:\/\/univet.hu\/oktatas\/kurzusok\/bevezetes-a-sejttenyesztesbe\/"},"modified":"2020-11-03T09:26:04","modified_gmt":"2020-11-03T08:26:04","slug":"bevezetes-a-sejttenyesztesbe","status":"publish","type":"page","link":"https:\/\/univet.hu\/hu\/oktatas\/kurzusok\/bevezetes-a-sejttenyesztesbe\/","title":{"rendered":"Bevezet\u00e9s a sejtteny\u00e9szt\u00e9sbe"},"content":{"rendered":"<p>A tant\u00e1rgy c\u00e9lja megismertetni a hallgat\u00f3kat az \u00e1llati (els\u0151sorban eml\u0151s) sejtek kontroll\u00e1lt\u00a0in vitro\u00a0k\u00f6r\u00fclm\u00e9nyek k\u00f6z\u00f6tti fenntart\u00e1s\u00e1val, szapor\u00edt\u00e1s\u00e1val, jellemz\u00e9s\u00e9vel, a modern laborgyakorlatban sejtteny\u00e9szeteken v\u00e9gzett vizsg\u00e1lati m\u00f3dszerekkel, valamint a sejtteny\u00e9szetek k\u00fcl\u00f6nb\u00f6z\u0151 kutat\u00e1si \u00e9s ipari felhaszn\u00e1l\u00e1s\u00e1nak fontosabb, \u00e1ltal\u00e1nos\u00edthat\u00f3 alapjaival.<\/p> <p>Oktat\u00f3k: Dr. Farkas Orsolya, Pal\u00f3cz Orsolya<\/p>","protected":false},"excerpt":{"rendered":"<p>A tant\u00e1rgy c\u00e9lja megismertetni a hallgat\u00f3kat az \u00e1llati (els\u0151sorban eml\u0151s) sejtek kontroll\u00e1lt\u00a0in vitro\u00a0k\u00f6r\u00fclm\u00e9nyek k\u00f6z\u00f6tti fenntart\u00e1s\u00e1val, szapor\u00edt\u00e1s\u00e1val, jellemz\u00e9s\u00e9vel, a modern laborgyakorlatban sejtteny\u00e9szeteken v\u00e9gzett vizsg\u00e1lati m\u00f3dszerekkel, valamint a sejtteny\u00e9szetek k\u00fcl\u00f6nb\u00f6z\u0151 kutat\u00e1si \u00e9s ipari felhaszn\u00e1l\u00e1s\u00e1nak fontosabb, \u00e1ltal\u00e1nos\u00edthat\u00f3 alapjaival. Oktat\u00f3k: Dr. Farkas Orsolya, Pal\u00f3cz Orsolya<\/p>\n","protected":false},"author":3837,"featured_media":0,"parent":677,"menu_order":163,"comment_status":"closed","ping_status":"closed","template":"","meta":{"_acf_changed":false,"footnotes":""},"categories":[],"tags":[],"class_list":["post-10757","page","type-page","status-publish","hentry"],"acf":[],"_links":{"self":[{"href":"https:\/\/univet.hu\/hu\/wp-json\/wp\/v2\/pages\/10757","targetHints":{"allow":["GET"]}}],"collection":[{"href":"https:\/\/univet.hu\/hu\/wp-json\/wp\/v2\/pages"}],"about":[{"href":"https:\/\/univet.hu\/hu\/wp-json\/wp\/v2\/types\/page"}],"author":[{"embeddable":true,"href":"https:\/\/univet.hu\/hu\/wp-json\/wp\/v2\/users\/3837"}],"replies":[{"embeddable":true,"href":"https:\/\/univet.hu\/hu\/wp-json\/wp\/v2\/comments?post=10757"}],"version-history":[{"count":0,"href":"https:\/\/univet.hu\/hu\/wp-json\/wp\/v2\/pages\/10757\/revisions"}],"up":[{"embeddable":true,"href":"https:\/\/univet.hu\/hu\/wp-json\/wp\/v2\/pages\/677"}],"wp:attachment":[{"href":"https:\/\/univet.hu\/hu\/wp-json\/wp\/v2\/media?parent=10757"}],"wp:term":[{"taxonomy":"category","embeddable":true,"href":"https:\/\/univet.hu\/hu\/wp-json\/wp\/v2\/categories?post=10757"},{"taxonomy":"post_tag","embeddable":true,"href":"https:\/\/univet.hu\/hu\/wp-json\/wp\/v2\/tags?post=10757"}],"curies":[{"name":"wp","href":"https:\/\/api.w.org\/{rel}","templated":true}]}}