{"id":10758,"date":"1970-01-01T00:00:00","date_gmt":"1969-12-31T23:00:00","guid":{"rendered":"http:\/\/univet.hu\/oktatas\/kurzusok\/biofizika-i\/"},"modified":"2023-08-29T13:03:12","modified_gmt":"2023-08-29T11:03:12","slug":"biofizika-i","status":"publish","type":"page","link":"https:\/\/univet.hu\/hu\/oktatas\/kurzusok\/biofizika-i\/","title":{"rendered":"Biofizika"},"content":{"rendered":"<div class=\"ewa-rteLine\"><\/div> <div>A fizika legal\u00e1bb h\u00e1rom vonatkoz\u00e1sban kapcsol\u00f3dik az orvosi \u00e9s term\u00e9szetesen az \u00e1llatorvosi tudom\u00e1nyokhoz \u00e9s gyakorlathoz. Bizonyos ter\u00fcleteinek kell\u0151 ismerete seg\u00edt egy sor alapvet\u0151 \u00e9lettani folyamat meg\u00e9rt\u00e9s\u00e9ben. A legt\u00f6bb hagyom\u00e1nyos \u00e9s modern diagnosztikai elj\u00e1r\u00e1s \u00e9s eszk\u00f6z c\u00e9lzott fizikai meggondol\u00e1sokon alapszik. De egyre t\u00f6bb az olyan gy\u00f3gy\u00edt\u00f3 elj\u00e1r\u00e1s, amely kifejezetten fizikai elj\u00e1r\u00e1snak tekinthet\u0151. A Biofizika \u00e1tfog\u00f3 elnevez\u00e9s\u0171 tant\u00e1rgy a fizika azon kiv\u00e1lasztott ter\u00fcleteir\u0151l ad t\u00f6m\u00f6r ismereteket, amelyek k\u00f6zvetlen\u00fcl kapcsol\u00f3dnak az orvosi, \u00e1llatorvosi gyakorlathoz.<\/div>","protected":false},"excerpt":{"rendered":"<p>A fizika legal\u00e1bb h\u00e1rom vonatkoz\u00e1sban kapcsol\u00f3dik az orvosi \u00e9s term\u00e9szetesen az \u00e1llatorvosi tudom\u00e1nyokhoz \u00e9s gyakorlathoz. Bizonyos ter\u00fcleteinek kell\u0151 ismerete seg\u00edt egy sor alapvet\u0151 \u00e9lettani folyamat meg\u00e9rt\u00e9s\u00e9ben. A legt\u00f6bb hagyom\u00e1nyos \u00e9s modern diagnosztikai elj\u00e1r\u00e1s \u00e9s eszk\u00f6z c\u00e9lzott fizikai meggondol\u00e1sokon alapszik. De egyre t\u00f6bb az olyan gy\u00f3gy\u00edt\u00f3 elj\u00e1r\u00e1s, amely kifejezetten fizikai elj\u00e1r\u00e1snak tekinthet\u0151. A Biofizika \u00e1tfog\u00f3 elnevez\u00e9s\u0171<\/p>\n","protected":false},"author":3837,"featured_media":0,"parent":677,"menu_order":163,"comment_status":"closed","ping_status":"closed","template":"","meta":{"_acf_changed":false,"footnotes":""},"categories":[],"tags":[],"class_list":["post-10758","page","type-page","status-publish","hentry"],"acf":[],"_links":{"self":[{"href":"https:\/\/univet.hu\/hu\/wp-json\/wp\/v2\/pages\/10758","targetHints":{"allow":["GET"]}}],"collection":[{"href":"https:\/\/univet.hu\/hu\/wp-json\/wp\/v2\/pages"}],"about":[{"href":"https:\/\/univet.hu\/hu\/wp-json\/wp\/v2\/types\/page"}],"author":[{"embeddable":true,"href":"https:\/\/univet.hu\/hu\/wp-json\/wp\/v2\/users\/3837"}],"replies":[{"embeddable":true,"href":"https:\/\/univet.hu\/hu\/wp-json\/wp\/v2\/comments?post=10758"}],"version-history":[{"count":0,"href":"https:\/\/univet.hu\/hu\/wp-json\/wp\/v2\/pages\/10758\/revisions"}],"up":[{"embeddable":true,"href":"https:\/\/univet.hu\/hu\/wp-json\/wp\/v2\/pages\/677"}],"wp:attachment":[{"href":"https:\/\/univet.hu\/hu\/wp-json\/wp\/v2\/media?parent=10758"}],"wp:term":[{"taxonomy":"category","embeddable":true,"href":"https:\/\/univet.hu\/hu\/wp-json\/wp\/v2\/categories?post=10758"},{"taxonomy":"post_tag","embeddable":true,"href":"https:\/\/univet.hu\/hu\/wp-json\/wp\/v2\/tags?post=10758"}],"curies":[{"name":"wp","href":"https:\/\/api.w.org\/{rel}","templated":true}]}}