{"id":10760,"date":"1970-01-01T00:00:00","date_gmt":"1969-12-31T23:00:00","guid":{"rendered":"http:\/\/univet.hu\/oktatas\/kurzusok\/biogeografia-2-msc\/"},"modified":"2018-09-07T15:36:48","modified_gmt":"2018-09-07T13:36:48","slug":"biogeografia-2-msc","status":"publish","type":"page","link":"https:\/\/univet.hu\/hu\/oktatas\/kurzusok\/biogeografia-2-msc\/","title":{"rendered":"Biogeogr\u00e1fia 2. &#8211; MSc"},"content":{"rendered":"<p>A fajok keletkez\u00e9s\u00e9nek, elterjed\u00e9s\u00e9nek, \u00e9let\u00e9nek \u00e1ltal\u00e1nos t\u00f6rv\u00e9nyszer\u0171s\u00e9gei, az evol\u00faci\u00f3s, f\u00f6ldt\u00f6rt\u00e9neti v\u00e1ltoz\u00e1sok, \u00f6kol\u00f3giai t\u00e9nyez\u0151k \u00e9s a fajok f\u00f6ldfelsz\u00edni eloszl\u00e1s\u00e1nak \u00f6sszef\u00fcgg\u00e9sei. A biogeogr\u00e1fia \u00e1ltal\u00e1nos t\u00f6rv\u00e9nyszer\u0171s\u00e9gei, alapfogalmak \u00e9s \u00f6sszef\u00fcgg\u00e9sek. Paleobiogeogr\u00e1fia. Filogeogr\u00e1fia.<br \/>Aj\u00e1nlott \u00e9s k\u00f6telez\u0151 irodalom:<br \/>Udvardy M. 1983. Dinamikus \u00e1llatf\u00f6ldrajz. Tank\u00f6nyvkiad\u00f3, Budapest.<br \/>Varga J. \u00e9s R\u00e1cz I. 1996 \u00c1llatf\u00f6ldrajz. Esterh\u00e1zy K\u00e1roly Tan\u00e1rk\u00e9pz\u0151 F\u0151iskola, Eger. K\u00e9zirat.<br \/>Varga Z. 1984. A fajk\u00e9pz\u0151d\u00e9s. In: Vida G. (szerk.) Az evol\u00faci\u00f3kutat\u00e1s frontvonalai, II. Natura, Budapest, pp. 99-157.<br \/>Varga Z. 1996. Fajk\u00e9pz\u0151d\u00e9s \u00e9s biol\u00f3giai sokf\u00e9les\u00e9g. Term\u00e9szet Vil\u00e1ga II. k\u00fcl\u00f6nsz\u00e1m, pp. 11-15.<br \/>Varga Z. 2003. Biol\u00f3giai sokf\u00e9les\u00e9g \u00e9s term\u00e9szetv\u00e9delmi strat\u00e9gia a K\u00e1rp\u00e1t-medenc\u00e9ben. In: Ker\u00e9nyi A. (szerk.) Eur\u00f3pa term\u00e9szet- \u00e9s k\u00f6rnyezetv\u00e9delme. Nemzeti Tank\u00f6nyvkiad\u00f3, Budapest. pp. 150-169.<br \/>P\u00f3cs T. 1991. N\u00f6v\u00e9nyf\u00f6ldrajz. In: Hortob\u00e1gyi T, \u00e9s Simon T. (szerk.) N\u00f6v\u00e9nyf\u00f6ldrajz, t\u00e1rsul\u00e1stan, \u00e9s \u00f6kol\u00f3gia. Tank\u00f6nyvkiad\u00f3, Budapest. pp. 27-168.<br \/>S\u00fcmegi P. 2001. A negyedid\u0151szak f\u00f6ldtani \u00e9s \u0151sk\u00f6rnyezettani alapjai. JatePress, Szeged.<br \/>Lomolino, M. V., B. R. Riddle, R. J. Whittaker and James H. Brown. 2010. Biogeography, 4rd Edition. Sinauer Associates, Inc. <br \/>Avise, J. 2000. Phylogeography: The History and Formation of Species. President and Fellows of Harvard College.<br \/>G\u00e9czy Barnab\u00e1s 1993. \u0150s\u00e1llattan. Invertebrata Paleontologia. Tank\u00f6nyvkiad\u00f3<br \/>G\u00e9czy Barnab\u00e1s 1993. \u0150s\u00e1llattan. Vertebrata Paleontologia. Tank\u00f6nyvkiad\u00f3<br \/>Moln\u00e1r B. 1997. A F\u00f6ld \u00e9s az \u00e9let fejl\u0151d\u00e9se. Nemzeti Tank\u00f6nyvkiad\u00f3, Budapest. p. 360.<br \/>P\u00e1lfy J\u00f3zsef 2000. Kihaltak \u00e9s t\u00fal\u00e9l\u0151k. F\u00e9lmilli\u00e1rd \u00e9v nagy fajpusztul\u00e1sai. Vince Kiad\u00f3, Tudom\u00e1ny-Egyetem sorozat<\/p><\/p>","protected":false},"excerpt":{"rendered":"<p>A fajok keletkez\u00e9s\u00e9nek, elterjed\u00e9s\u00e9nek, \u00e9let\u00e9nek \u00e1ltal\u00e1nos t\u00f6rv\u00e9nyszer\u0171s\u00e9gei, az evol\u00faci\u00f3s, f\u00f6ldt\u00f6rt\u00e9neti v\u00e1ltoz\u00e1sok, \u00f6kol\u00f3giai t\u00e9nyez\u0151k \u00e9s a fajok f\u00f6ldfelsz\u00edni eloszl\u00e1s\u00e1nak \u00f6sszef\u00fcgg\u00e9sei. A biogeogr\u00e1fia \u00e1ltal\u00e1nos t\u00f6rv\u00e9nyszer\u0171s\u00e9gei, alapfogalmak \u00e9s \u00f6sszef\u00fcgg\u00e9sek. Paleobiogeogr\u00e1fia. Filogeogr\u00e1fia.Aj\u00e1nlott \u00e9s k\u00f6telez\u0151 irodalom:Udvardy M. 1983. Dinamikus \u00e1llatf\u00f6ldrajz. Tank\u00f6nyvkiad\u00f3, Budapest.Varga J. \u00e9s R\u00e1cz I. 1996 \u00c1llatf\u00f6ldrajz. Esterh\u00e1zy K\u00e1roly Tan\u00e1rk\u00e9pz\u0151 F\u0151iskola, Eger. K\u00e9zirat.Varga Z. 1984. A fajk\u00e9pz\u0151d\u00e9s. In: Vida<\/p>\n","protected":false},"author":3837,"featured_media":0,"parent":677,"menu_order":163,"comment_status":"closed","ping_status":"closed","template":"","meta":{"_acf_changed":false,"footnotes":""},"categories":[],"tags":[],"class_list":["post-10760","page","type-page","status-publish","hentry"],"acf":[],"_links":{"self":[{"href":"https:\/\/univet.hu\/hu\/wp-json\/wp\/v2\/pages\/10760","targetHints":{"allow":["GET"]}}],"collection":[{"href":"https:\/\/univet.hu\/hu\/wp-json\/wp\/v2\/pages"}],"about":[{"href":"https:\/\/univet.hu\/hu\/wp-json\/wp\/v2\/types\/page"}],"author":[{"embeddable":true,"href":"https:\/\/univet.hu\/hu\/wp-json\/wp\/v2\/users\/3837"}],"replies":[{"embeddable":true,"href":"https:\/\/univet.hu\/hu\/wp-json\/wp\/v2\/comments?post=10760"}],"version-history":[{"count":0,"href":"https:\/\/univet.hu\/hu\/wp-json\/wp\/v2\/pages\/10760\/revisions"}],"up":[{"embeddable":true,"href":"https:\/\/univet.hu\/hu\/wp-json\/wp\/v2\/pages\/677"}],"wp:attachment":[{"href":"https:\/\/univet.hu\/hu\/wp-json\/wp\/v2\/media?parent=10760"}],"wp:term":[{"taxonomy":"category","embeddable":true,"href":"https:\/\/univet.hu\/hu\/wp-json\/wp\/v2\/categories?post=10760"},{"taxonomy":"post_tag","embeddable":true,"href":"https:\/\/univet.hu\/hu\/wp-json\/wp\/v2\/tags?post=10760"}],"curies":[{"name":"wp","href":"https:\/\/api.w.org\/{rel}","templated":true}]}}