{"id":10761,"date":"1970-01-01T00:00:00","date_gmt":"1969-12-31T23:00:00","guid":{"rendered":"http:\/\/univet.hu\/oktatas\/kurzusok\/bioinformatika\/"},"modified":"2025-06-12T11:26:51","modified_gmt":"2025-06-12T09:26:51","slug":"bioinformatika","status":"publish","type":"page","link":"https:\/\/univet.hu\/hu\/oktatas\/kurzusok\/bioinformatika\/","title":{"rendered":"Bioinformatika"},"content":{"rendered":"<table class=\"table table-striped\"> <tbody> <tr> <td><strong>El\u0151tanulm\u00e1nyok:<\/strong><\/td> <td>\u00e9lettan \u00edr\u00e1sbeli vizsga, vagy sz\u00e1m\u00edt\u00f3g\u00e9pes statisztika gyakorlat<\/td> <\/tr> <tr> <td><strong>El\u0151ad\u00f3:<\/strong><\/td> <td>Dr. Bartha Tibor egyetemi tan\u00e1r<\/td> <\/tr> <tr> <td><strong>Tov\u00e1bbi el\u0151ad\u00f3:<\/strong><\/td> <td>Dr. Fodor J\u00e1nos egyetemi docens<\/td> <\/tr> <tr> <td><strong>Tematika:<\/strong><\/td> <td> <ul> <li>A tudom\u00e1nyban felhaszn\u00e1lt m\u00f3dszerek \u00e9s fejl\u0151d\u00e9s\u00fck<\/li> <li>A leggyakrabban haszn\u00e1lt molekul\u00e1ris biol\u00f3giai elj\u00e1r\u00e1sok<\/li> <li>A bioinformatika \u00e9s a sziliko-biol\u00f3gia megjelen\u00e9se<\/li> <li>Az adatfeldolgoz\u00e1s \u00e9s modellez\u00e9s elm\u00e9leti alapjai<\/li> <li>A sz\u00e1m\u00edt\u00f3g\u00e9pes szoftverek sz\u00e1m\u00e1ra \u00e9rtelmezhet\u0151 adatokr\u00f3l \u00e1ltal\u00e1ban<\/li> <li>A nagy adatb\u00e1zisok haszn\u00e1lat\u00e1nak alapjai <ul> <li>A t\u00f6megspektroszk\u00f3pia \u00faj technik\u00e1i<\/li> <li>A kl\u00f3noz\u00e1s \u00e9s a proteomanal\u00edzis alapjai<\/li> <li>Strukt\u00fara-anal\u00edzis<\/li> <li>Interakci\u00f3k<\/li> <li>Funkci\u00f3anal\u00edzis<\/li> <\/ul> <\/li> <li>Hasonl\u00f3s\u00e1gvizsg\u00e1latok <ul> <li>A dot-blot-t\u00f3l a mintafelismer\u00e9sig<\/li> <li>\u201cFasta\u201d-t\u00edpus\u00fa \u00f6sszehasonl\u00edt\u00e1sok<\/li> <li>\u201cBlast\u201d-t\u00edpus\u00fa \u00f6sszehasonl\u00edt\u00e1sok<\/li> <li>A megfelel\u0151 \u00f6sszehasonl\u00edt\u00e1si m\u00f3dszerek kiv\u00e1laszt\u00e1sa<\/li> <\/ul> <\/li> <\/ul> <\/td> <\/tr> <tr> <td><strong>Gyakorlat:<\/strong><\/td> <td>Ismerked\u00e9s a nagy adatb\u00e1zisokkal \u2013 elm\u00e9leti ismeretek a gyakorlatban<\/td> <\/tr> <tr> <td><strong>Sz\u00e1monk\u00e9r\u00e9s:<\/strong><\/td> <td>Adatb\u00e1zisok kezel\u00e9s\u00e9hez k\u00f6t\u00f6tt feladatok \u00f6n\u00e1ll\u00f3 kidolgoz\u00e1sa.<\/td> <\/tr> <tr> <td><strong>Oszt\u00e1lyz\u00e1s:<\/strong><\/td> <td>\u00f6tfokozat\u00fa \u00e9rt\u00e9kel\u00e9s (jegy)<\/td> <\/tr> <\/tbody> <\/table> <p>&nbsp;<\/p>","protected":false},"excerpt":{"rendered":"<p>El\u0151tanulm\u00e1nyok: \u00e9lettan \u00edr\u00e1sbeli vizsga, vagy sz\u00e1m\u00edt\u00f3g\u00e9pes statisztika gyakorlat El\u0151ad\u00f3: Dr. Bartha Tibor egyetemi tan\u00e1r Tov\u00e1bbi el\u0151ad\u00f3: Dr. Fodor J\u00e1nos egyetemi docens Tematika: A tudom\u00e1nyban felhaszn\u00e1lt m\u00f3dszerek \u00e9s fejl\u0151d\u00e9s\u00fck A leggyakrabban haszn\u00e1lt molekul\u00e1ris biol\u00f3giai elj\u00e1r\u00e1sok A bioinformatika \u00e9s a sziliko-biol\u00f3gia megjelen\u00e9se Az adatfeldolgoz\u00e1s \u00e9s modellez\u00e9s elm\u00e9leti alapjai A sz\u00e1m\u00edt\u00f3g\u00e9pes szoftverek sz\u00e1m\u00e1ra \u00e9rtelmezhet\u0151 adatokr\u00f3l \u00e1ltal\u00e1ban A nagy<\/p>\n","protected":false},"author":3837,"featured_media":0,"parent":677,"menu_order":163,"comment_status":"closed","ping_status":"closed","template":"","meta":{"_acf_changed":false,"footnotes":""},"categories":[64],"tags":[],"class_list":["post-10761","page","type-page","status-publish","hentry","category-kurzusok"],"acf":[],"_links":{"self":[{"href":"https:\/\/univet.hu\/hu\/wp-json\/wp\/v2\/pages\/10761","targetHints":{"allow":["GET"]}}],"collection":[{"href":"https:\/\/univet.hu\/hu\/wp-json\/wp\/v2\/pages"}],"about":[{"href":"https:\/\/univet.hu\/hu\/wp-json\/wp\/v2\/types\/page"}],"author":[{"embeddable":true,"href":"https:\/\/univet.hu\/hu\/wp-json\/wp\/v2\/users\/3837"}],"replies":[{"embeddable":true,"href":"https:\/\/univet.hu\/hu\/wp-json\/wp\/v2\/comments?post=10761"}],"version-history":[{"count":1,"href":"https:\/\/univet.hu\/hu\/wp-json\/wp\/v2\/pages\/10761\/revisions"}],"predecessor-version":[{"id":185747,"href":"https:\/\/univet.hu\/hu\/wp-json\/wp\/v2\/pages\/10761\/revisions\/185747"}],"up":[{"embeddable":true,"href":"https:\/\/univet.hu\/hu\/wp-json\/wp\/v2\/pages\/677"}],"wp:attachment":[{"href":"https:\/\/univet.hu\/hu\/wp-json\/wp\/v2\/media?parent=10761"}],"wp:term":[{"taxonomy":"category","embeddable":true,"href":"https:\/\/univet.hu\/hu\/wp-json\/wp\/v2\/categories?post=10761"},{"taxonomy":"post_tag","embeddable":true,"href":"https:\/\/univet.hu\/hu\/wp-json\/wp\/v2\/tags?post=10761"}],"curies":[{"name":"wp","href":"https:\/\/api.w.org\/{rel}","templated":true}]}}