{"id":10763,"date":"1970-01-01T00:00:00","date_gmt":"1969-12-31T23:00:00","guid":{"rendered":"http:\/\/univet.hu\/oktatas\/kurzusok\/biologiai-kemia\/"},"modified":"2024-08-28T14:34:41","modified_gmt":"2024-08-28T12:34:41","slug":"biologiai-kemia","status":"publish","type":"page","link":"https:\/\/univet.hu\/hu\/oktatas\/kurzusok\/biologiai-kemia\/","title":{"rendered":"Biol\u00f3giai k\u00e9mia"},"content":{"rendered":"<p>A tant\u00e1rgy t\u00e1rgyalja a molekul\u00e1ris biol\u00f3gia legf\u0151bb fejezeteit, \u00edgy a nukleotidok k\u00e9mi\u00e1j\u00e1t, a replik\u00e1ci\u00f3, transzkripci\u00f3 \u00e9s transzl\u00e1ci\u00f3 folyamat\u00e1t, valamint a biotechnol\u00f3gia alapjait. A tov\u00e1bbiakban az intermedier anyagcsere egyes folyamatainak \u00f6sszehasonl\u00edt\u00f3 \u00e1ttekint\u00e9s\u00e9re ker\u00fcl sor, k\u00fcl\u00f6n\u00f6s tekintettel az anyagcsereutak k\u00f6z\u00f6tti \u00f6sszef\u00fcgg\u00e9sekre, valamint az egyes taxonok specifikus saj\u00e1toss\u00e1gaira. V\u00e9g\u00fcl a t\u00e1rgy keret\u00e9ben bemutatjuk a legfontosabb intracellul\u00e1ris jel\u00e1tviteli utakat.<\/p> <p>Oktat\u00f3k: Dr. M\u00e1tis G\u00e1bor, Dr. Mackei M\u00e1t\u00e9, Dr. Kem\u00e9ny \u00c1gnes, V\u00f6r\u00f6sh\u00e1zi J\u00falia, Dr. M\u00e1rton Rege Anna, Dr. K\u00e1m\u00e1n-T\u00f3th Evelin<\/p> <p>&nbsp;<\/p>","protected":false},"excerpt":{"rendered":"<p>A tant\u00e1rgy t\u00e1rgyalja a molekul\u00e1ris biol\u00f3gia legf\u0151bb fejezeteit, \u00edgy a nukleotidok k\u00e9mi\u00e1j\u00e1t, a replik\u00e1ci\u00f3, transzkripci\u00f3 \u00e9s transzl\u00e1ci\u00f3 folyamat\u00e1t, valamint a biotechnol\u00f3gia alapjait. A tov\u00e1bbiakban az intermedier anyagcsere egyes folyamatainak \u00f6sszehasonl\u00edt\u00f3 \u00e1ttekint\u00e9s\u00e9re ker\u00fcl sor, k\u00fcl\u00f6n\u00f6s tekintettel az anyagcsereutak k\u00f6z\u00f6tti \u00f6sszef\u00fcgg\u00e9sekre, valamint az egyes taxonok specifikus saj\u00e1toss\u00e1gaira. V\u00e9g\u00fcl a t\u00e1rgy keret\u00e9ben bemutatjuk a legfontosabb intracellul\u00e1ris jel\u00e1tviteli utakat.<\/p>\n","protected":false},"author":3837,"featured_media":0,"parent":677,"menu_order":163,"comment_status":"closed","ping_status":"closed","template":"","meta":{"_acf_changed":false,"footnotes":""},"categories":[],"tags":[],"class_list":["post-10763","page","type-page","status-publish","hentry"],"acf":[],"_links":{"self":[{"href":"https:\/\/univet.hu\/hu\/wp-json\/wp\/v2\/pages\/10763","targetHints":{"allow":["GET"]}}],"collection":[{"href":"https:\/\/univet.hu\/hu\/wp-json\/wp\/v2\/pages"}],"about":[{"href":"https:\/\/univet.hu\/hu\/wp-json\/wp\/v2\/types\/page"}],"author":[{"embeddable":true,"href":"https:\/\/univet.hu\/hu\/wp-json\/wp\/v2\/users\/3837"}],"replies":[{"embeddable":true,"href":"https:\/\/univet.hu\/hu\/wp-json\/wp\/v2\/comments?post=10763"}],"version-history":[{"count":0,"href":"https:\/\/univet.hu\/hu\/wp-json\/wp\/v2\/pages\/10763\/revisions"}],"up":[{"embeddable":true,"href":"https:\/\/univet.hu\/hu\/wp-json\/wp\/v2\/pages\/677"}],"wp:attachment":[{"href":"https:\/\/univet.hu\/hu\/wp-json\/wp\/v2\/media?parent=10763"}],"wp:term":[{"taxonomy":"category","embeddable":true,"href":"https:\/\/univet.hu\/hu\/wp-json\/wp\/v2\/categories?post=10763"},{"taxonomy":"post_tag","embeddable":true,"href":"https:\/\/univet.hu\/hu\/wp-json\/wp\/v2\/tags?post=10763"}],"curies":[{"name":"wp","href":"https:\/\/api.w.org\/{rel}","templated":true}]}}