{"id":10764,"date":"1970-01-01T00:00:00","date_gmt":"1969-12-31T23:00:00","guid":{"rendered":"http:\/\/univet.hu\/oktatas\/kurzusok\/biologiai-meresi-modszerek-biologus-msc\/"},"modified":"2024-08-28T14:37:44","modified_gmt":"2024-08-28T12:37:44","slug":"biologiai-meresi-modszerek-biologus-msc","status":"publish","type":"page","link":"https:\/\/univet.hu\/hu\/oktatas\/kurzusok\/biologiai-meresi-modszerek-biologus-msc\/","title":{"rendered":"Biol\u00f3giai m\u00e9r\u00e9si m\u00f3dszerek- biol\u00f3gus MSc"},"content":{"rendered":"<p>A Biol\u00f3giai m\u00e9r\u00e9si m\u00f3dszerek c. t\u00e1rgyat a biol\u00f3gus MSc k\u00e9pz\u00e9s 2. f\u00e9l\u00e9v\u00e9ben oktatjuk. A tant\u00e1rgy c\u00e9lja a legfontosabb biol\u00f3giai, biok\u00e9miai \u00e9s molekul\u00e1ris biol\u00f3giai vizsg\u00e1lati m\u00f3dszerek bemutat\u00e1sa.<\/p> <p>&nbsp;<\/p>","protected":false},"excerpt":{"rendered":"<p>A Biol\u00f3giai m\u00e9r\u00e9si m\u00f3dszerek c. t\u00e1rgyat a biol\u00f3gus MSc k\u00e9pz\u00e9s 2. f\u00e9l\u00e9v\u00e9ben oktatjuk. A tant\u00e1rgy c\u00e9lja a legfontosabb biol\u00f3giai, biok\u00e9miai \u00e9s molekul\u00e1ris biol\u00f3giai vizsg\u00e1lati m\u00f3dszerek bemutat\u00e1sa. &nbsp;<\/p>\n","protected":false},"author":3837,"featured_media":0,"parent":677,"menu_order":163,"comment_status":"closed","ping_status":"closed","template":"","meta":{"_acf_changed":false,"footnotes":""},"categories":[],"tags":[],"class_list":["post-10764","page","type-page","status-publish","hentry"],"acf":[],"_links":{"self":[{"href":"https:\/\/univet.hu\/hu\/wp-json\/wp\/v2\/pages\/10764","targetHints":{"allow":["GET"]}}],"collection":[{"href":"https:\/\/univet.hu\/hu\/wp-json\/wp\/v2\/pages"}],"about":[{"href":"https:\/\/univet.hu\/hu\/wp-json\/wp\/v2\/types\/page"}],"author":[{"embeddable":true,"href":"https:\/\/univet.hu\/hu\/wp-json\/wp\/v2\/users\/3837"}],"replies":[{"embeddable":true,"href":"https:\/\/univet.hu\/hu\/wp-json\/wp\/v2\/comments?post=10764"}],"version-history":[{"count":0,"href":"https:\/\/univet.hu\/hu\/wp-json\/wp\/v2\/pages\/10764\/revisions"}],"up":[{"embeddable":true,"href":"https:\/\/univet.hu\/hu\/wp-json\/wp\/v2\/pages\/677"}],"wp:attachment":[{"href":"https:\/\/univet.hu\/hu\/wp-json\/wp\/v2\/media?parent=10764"}],"wp:term":[{"taxonomy":"category","embeddable":true,"href":"https:\/\/univet.hu\/hu\/wp-json\/wp\/v2\/categories?post=10764"},{"taxonomy":"post_tag","embeddable":true,"href":"https:\/\/univet.hu\/hu\/wp-json\/wp\/v2\/tags?post=10764"}],"curies":[{"name":"wp","href":"https:\/\/api.w.org\/{rel}","templated":true}]}}