{"id":10765,"date":"1970-01-01T00:00:00","date_gmt":"1969-12-31T23:00:00","guid":{"rendered":"http:\/\/univet.hu\/oktatas\/kurzusok\/biomatematika-allatorvosoknak\/"},"modified":"2022-01-26T09:32:35","modified_gmt":"2022-01-26T08:32:35","slug":"biomatematika-allatorvosoknak","status":"publish","type":"page","link":"https:\/\/univet.hu\/hu\/oktatas\/kurzusok\/biomatematika-allatorvosoknak\/","title":{"rendered":"Biomatematika (\u00e1llatorvosoknak)"},"content":{"rendered":"<p>A t\u00e1rgy oktat\u00e1s\u00e1nak c\u00e9lja, hogy a hallgat\u00f3kat felk\u00e9sz\u00edtse a szakter\u00fclet\u00fck\u00f6n el\u0151fordul\u00f3 alapvet\u0151 statisztikai modellek \u00e9s m\u00f3dszerek meg\u00e9rt\u00e9s\u00e9re \u00e9s alkalmaz\u00e1s\u00e1ra. A gyakorlaton az R programot haszn\u00e1ljuk.<\/p> <p>Irodalom: Reiczigel-Harnos-Solymosi: <a href=\"https:\/\/e-akademia.hu\/index.php\/statr\/\">Biostatisztika nem statisztikusoknak<\/a>. Pars Kiad\u00f3, 2007, 2010, 2014, 2018, 2019.<\/p> <p>A tant\u00e1rgy tananyagai a Biomatematika tansz\u00e9k <a href=\"http:\/\/biomat.univet.hu\/moodle\">e-learning<\/a> fel\u00fclet\u00e9n \u00e9rhet\u0151k el.<\/p> <p>Sz\u00fcks\u00e9ges el\u0151tanulm\u00e1nyok: Informatika<\/p>","protected":false},"excerpt":{"rendered":"<p>A t\u00e1rgy oktat\u00e1s\u00e1nak c\u00e9lja, hogy a hallgat\u00f3kat felk\u00e9sz\u00edtse a szakter\u00fclet\u00fck\u00f6n el\u0151fordul\u00f3 alapvet\u0151 statisztikai modellek \u00e9s m\u00f3dszerek meg\u00e9rt\u00e9s\u00e9re \u00e9s alkalmaz\u00e1s\u00e1ra. A gyakorlaton az R programot haszn\u00e1ljuk. Irodalom: Reiczigel-Harnos-Solymosi: Biostatisztika nem statisztikusoknak. Pars Kiad\u00f3, 2007, 2010, 2014, 2018, 2019. A tant\u00e1rgy tananyagai a Biomatematika tansz\u00e9k e-learning fel\u00fclet\u00e9n \u00e9rhet\u0151k el. Sz\u00fcks\u00e9ges el\u0151tanulm\u00e1nyok: Informatika<\/p>\n","protected":false},"author":3837,"featured_media":0,"parent":677,"menu_order":163,"comment_status":"closed","ping_status":"closed","template":"","meta":{"_acf_changed":false,"footnotes":""},"categories":[],"tags":[],"class_list":["post-10765","page","type-page","status-publish","hentry"],"acf":[],"_links":{"self":[{"href":"https:\/\/univet.hu\/hu\/wp-json\/wp\/v2\/pages\/10765","targetHints":{"allow":["GET"]}}],"collection":[{"href":"https:\/\/univet.hu\/hu\/wp-json\/wp\/v2\/pages"}],"about":[{"href":"https:\/\/univet.hu\/hu\/wp-json\/wp\/v2\/types\/page"}],"author":[{"embeddable":true,"href":"https:\/\/univet.hu\/hu\/wp-json\/wp\/v2\/users\/3837"}],"replies":[{"embeddable":true,"href":"https:\/\/univet.hu\/hu\/wp-json\/wp\/v2\/comments?post=10765"}],"version-history":[{"count":0,"href":"https:\/\/univet.hu\/hu\/wp-json\/wp\/v2\/pages\/10765\/revisions"}],"up":[{"embeddable":true,"href":"https:\/\/univet.hu\/hu\/wp-json\/wp\/v2\/pages\/677"}],"wp:attachment":[{"href":"https:\/\/univet.hu\/hu\/wp-json\/wp\/v2\/media?parent=10765"}],"wp:term":[{"taxonomy":"category","embeddable":true,"href":"https:\/\/univet.hu\/hu\/wp-json\/wp\/v2\/categories?post=10765"},{"taxonomy":"post_tag","embeddable":true,"href":"https:\/\/univet.hu\/hu\/wp-json\/wp\/v2\/tags?post=10765"}],"curies":[{"name":"wp","href":"https:\/\/api.w.org\/{rel}","templated":true}]}}