{"id":10766,"date":"1970-01-01T00:00:00","date_gmt":"1969-12-31T23:00:00","guid":{"rendered":"http:\/\/univet.hu\/oktatas\/kurzusok\/biomatematika-biologus-msc\/"},"modified":"2020-11-18T12:53:48","modified_gmt":"2020-11-18T11:53:48","slug":"biomatematika-biologus-msc","status":"publish","type":"page","link":"https:\/\/univet.hu\/hu\/oktatas\/kurzusok\/biomatematika-biologus-msc\/","title":{"rendered":"Biomatematika (biol\u00f3gus MSc)"},"content":{"rendered":"<p>Bevezet\u00e9s a biostatisztik\u00e1ba biol\u00f3gusok sz\u00e1m\u00e1ra, R-es gyakorlatokkal.<\/p> <p>Egy kev\u00e9s val\u00f3sz\u00edn\u0171s\u00e9gsz\u00e1m\u00edt\u00e1s, majd statisztikai pr\u00f3b\u00e1k, konfidencia-intervallumok, korrel\u00e1ci\u00f3, regresszi\u00f3, ANOVA, ANCOVA, \u00e1ltal\u00e1nos\u00edtott lin. modell.<\/p> <p>Irodalom: Reiczigel-Harnos-Solymosi: Biostatisztika nem statisztikusoknak, Pars, 2007, 2010, 2014.<\/p> <p>El\u0151ad\u00f3: Dr. Reiczigel Jen\u0151 (L \u00e9p. 3. em. 304, fogad\u00f3\u00f3ra cs\u00fct 16:30-17:30)<\/p> <p>El\u0151ad\u00e1s kedd 10:15-12:00, N \u00e9p. H1 terem, gyakorlat cs\u00fct 13:15-14:45, N \u00e9p. H1 terem<\/p>","protected":false},"excerpt":{"rendered":"<p>Bevezet\u00e9s a biostatisztik\u00e1ba biol\u00f3gusok sz\u00e1m\u00e1ra, R-es gyakorlatokkal. Egy kev\u00e9s val\u00f3sz\u00edn\u0171s\u00e9gsz\u00e1m\u00edt\u00e1s, majd statisztikai pr\u00f3b\u00e1k, konfidencia-intervallumok, korrel\u00e1ci\u00f3, regresszi\u00f3, ANOVA, ANCOVA, \u00e1ltal\u00e1nos\u00edtott lin. modell. Irodalom: Reiczigel-Harnos-Solymosi: Biostatisztika nem statisztikusoknak, Pars, 2007, 2010, 2014. El\u0151ad\u00f3: Dr. Reiczigel Jen\u0151 (L \u00e9p. 3. em. 304, fogad\u00f3\u00f3ra cs\u00fct 16:30-17:30) El\u0151ad\u00e1s kedd 10:15-12:00, N \u00e9p. H1 terem, gyakorlat cs\u00fct 13:15-14:45, N \u00e9p. H1<\/p>\n","protected":false},"author":3837,"featured_media":0,"parent":677,"menu_order":163,"comment_status":"closed","ping_status":"closed","template":"","meta":{"_acf_changed":false,"footnotes":""},"categories":[],"tags":[],"class_list":["post-10766","page","type-page","status-publish","hentry"],"acf":[],"_links":{"self":[{"href":"https:\/\/univet.hu\/hu\/wp-json\/wp\/v2\/pages\/10766","targetHints":{"allow":["GET"]}}],"collection":[{"href":"https:\/\/univet.hu\/hu\/wp-json\/wp\/v2\/pages"}],"about":[{"href":"https:\/\/univet.hu\/hu\/wp-json\/wp\/v2\/types\/page"}],"author":[{"embeddable":true,"href":"https:\/\/univet.hu\/hu\/wp-json\/wp\/v2\/users\/3837"}],"replies":[{"embeddable":true,"href":"https:\/\/univet.hu\/hu\/wp-json\/wp\/v2\/comments?post=10766"}],"version-history":[{"count":0,"href":"https:\/\/univet.hu\/hu\/wp-json\/wp\/v2\/pages\/10766\/revisions"}],"up":[{"embeddable":true,"href":"https:\/\/univet.hu\/hu\/wp-json\/wp\/v2\/pages\/677"}],"wp:attachment":[{"href":"https:\/\/univet.hu\/hu\/wp-json\/wp\/v2\/media?parent=10766"}],"wp:term":[{"taxonomy":"category","embeddable":true,"href":"https:\/\/univet.hu\/hu\/wp-json\/wp\/v2\/categories?post=10766"},{"taxonomy":"post_tag","embeddable":true,"href":"https:\/\/univet.hu\/hu\/wp-json\/wp\/v2\/tags?post=10766"}],"curies":[{"name":"wp","href":"https:\/\/api.w.org\/{rel}","templated":true}]}}