{"id":10769,"date":"1970-01-01T00:00:00","date_gmt":"1969-12-31T23:00:00","guid":{"rendered":"http:\/\/univet.hu\/oktatas\/kurzusok\/biomatematikai-modellek-biologus-msc\/"},"modified":"2019-03-05T14:57:33","modified_gmt":"2019-03-05T13:57:33","slug":"biomatematikai-modellek-biologus-msc","status":"publish","type":"page","link":"https:\/\/univet.hu\/hu\/oktatas\/kurzusok\/biomatematikai-modellek-biologus-msc\/","title":{"rendered":"Biomatematikai modellek &#8211; biol\u00f3gus MSc"},"content":{"rendered":"<p>A popul\u00e1ci\u00f3dinamika \u00e9s a popul\u00e1ci\u00f3genetika legfontosabb modelljeinek bemutat\u00e1sa sor\u00e1n a hallgat\u00f3k megismerik a k\u00fcl\u00f6nb\u00f6z\u0151 modell-t\u00edpusok (determinisztikus\/sztochasztikus, diszkr\u00e9t\/folytonos, t\u00e9rben explicit\/homog\u00e9n) jellemz\u0151it, alkalmazhat\u00f3s\u00e1gaik hat\u00e1rait \u00e9s megold\u00e1s\u00e1nak m\u00f3dszereit (anal\u00edtikus, szimul\u00e1ci\u00f3, numerikus). A sz\u00fcks\u00e9ges matematikai alapfogalmakat minden t\u00e9m\u00e1n\u00e1l \u00e1tism\u00e9telj\u00fck, koncentr\u00e1lva a szeml\u00e9letes jelent\u00e9sre. Minden modelln\u00e9l hangs\u00falyos a k\u00fcl\u00f6nb\u00f6z\u0151 \u00e1brat\u00edpusokkal t\u00f6rt\u00e9n\u0151 szeml\u00e9ltet\u00e9s: c\u00e9lv\u00e1ltoz\u00f3 az id\u0151, illetve a param\u00e9terek f\u00fcggv\u00e9ny\u00e9ben, f\u00e1zist\u00e9r, a v\u00e1ltoz\u00e1si sebess\u00e9g a pillanatnyi \u00e9rt\u00e9k f\u00fcggv\u00e9ny\u00e9ben, stb.<\/p> <p>&nbsp;<\/p>","protected":false},"excerpt":{"rendered":"<p>A popul\u00e1ci\u00f3dinamika \u00e9s a popul\u00e1ci\u00f3genetika legfontosabb modelljeinek bemutat\u00e1sa sor\u00e1n a hallgat\u00f3k megismerik a k\u00fcl\u00f6nb\u00f6z\u0151 modell-t\u00edpusok (determinisztikus\/sztochasztikus, diszkr\u00e9t\/folytonos, t\u00e9rben explicit\/homog\u00e9n) jellemz\u0151it, alkalmazhat\u00f3s\u00e1gaik hat\u00e1rait \u00e9s megold\u00e1s\u00e1nak m\u00f3dszereit (anal\u00edtikus, szimul\u00e1ci\u00f3, numerikus). A sz\u00fcks\u00e9ges matematikai alapfogalmakat minden t\u00e9m\u00e1n\u00e1l \u00e1tism\u00e9telj\u00fck, koncentr\u00e1lva a szeml\u00e9letes jelent\u00e9sre. Minden modelln\u00e9l hangs\u00falyos a k\u00fcl\u00f6nb\u00f6z\u0151 \u00e1brat\u00edpusokkal t\u00f6rt\u00e9n\u0151 szeml\u00e9ltet\u00e9s: c\u00e9lv\u00e1ltoz\u00f3 az id\u0151, illetve a param\u00e9terek f\u00fcggv\u00e9ny\u00e9ben, f\u00e1zist\u00e9r,<\/p>\n","protected":false},"author":3837,"featured_media":0,"parent":677,"menu_order":163,"comment_status":"closed","ping_status":"closed","template":"","meta":{"_acf_changed":false,"footnotes":""},"categories":[],"tags":[],"class_list":["post-10769","page","type-page","status-publish","hentry"],"acf":[],"_links":{"self":[{"href":"https:\/\/univet.hu\/hu\/wp-json\/wp\/v2\/pages\/10769","targetHints":{"allow":["GET"]}}],"collection":[{"href":"https:\/\/univet.hu\/hu\/wp-json\/wp\/v2\/pages"}],"about":[{"href":"https:\/\/univet.hu\/hu\/wp-json\/wp\/v2\/types\/page"}],"author":[{"embeddable":true,"href":"https:\/\/univet.hu\/hu\/wp-json\/wp\/v2\/users\/3837"}],"replies":[{"embeddable":true,"href":"https:\/\/univet.hu\/hu\/wp-json\/wp\/v2\/comments?post=10769"}],"version-history":[{"count":0,"href":"https:\/\/univet.hu\/hu\/wp-json\/wp\/v2\/pages\/10769\/revisions"}],"up":[{"embeddable":true,"href":"https:\/\/univet.hu\/hu\/wp-json\/wp\/v2\/pages\/677"}],"wp:attachment":[{"href":"https:\/\/univet.hu\/hu\/wp-json\/wp\/v2\/media?parent=10769"}],"wp:term":[{"taxonomy":"category","embeddable":true,"href":"https:\/\/univet.hu\/hu\/wp-json\/wp\/v2\/categories?post=10769"},{"taxonomy":"post_tag","embeddable":true,"href":"https:\/\/univet.hu\/hu\/wp-json\/wp\/v2\/tags?post=10769"}],"curies":[{"name":"wp","href":"https:\/\/api.w.org\/{rel}","templated":true}]}}