{"id":10771,"date":"1970-01-01T00:00:00","date_gmt":"1969-12-31T23:00:00","guid":{"rendered":"http:\/\/univet.hu\/oktatas\/kurzusok\/biotechnologia-biologus-msc\/"},"modified":"2018-09-07T15:36:57","modified_gmt":"2018-09-07T13:36:57","slug":"biotechnologia-biologus-msc","status":"publish","type":"page","link":"https:\/\/univet.hu\/hu\/oktatas\/kurzusok\/biotechnologia-biologus-msc\/","title":{"rendered":"Biotechnol\u00f3gia &#8211; biol\u00f3gus MSc"},"content":{"rendered":"<p>A t\u00e1rgy a biotechnol\u00f3gi\u00e1val kapcsolatos alapfogalmak tiszt\u00e1z\u00e1s\u00e1t k\u00f6vet\u0151en r\u00e9szletesen t\u00e1rgyalja a n\u00f6v\u00e9nyi, \u00e1llati biotechnol\u00f3gia f\u0151 ter\u00fcleteit. A n\u00f6v\u00e9nybiotechnol\u00f3gia keret\u00e9ben kit\u00e9r az in vitro sejt- \u00e9s sz\u00f6vetteny\u00e9szt\u00e9sre, a szexu\u00e1lis \u00e9s aszexu\u00e1lis reprodukci\u00f3s biotechnik\u00e1ira, a transzg\u00e9nikus n\u00f6v\u00e9nyek el\u0151\u00e1ll\u00edt\u00e1s\u00e1ra (molekul\u00e1ris transzform\u00e1ci\u00f3) \u00e9s vizsg\u00e1lat\u00e1ra. Az \u00e1llatbiotechnol\u00f3gia keret\u00e9ben ismerteti az in vitro mikromanipul\u00e1ci\u00f3s technik\u00e1kat, a szexdetermin\u00e1ci\u00f3 \u00e9s ivardiffenci\u00e1l\u00f3d\u00e1s biotechnik\u00e1it, tov\u00e1bb\u00e1 a transzg\u00e9nikus \u00e1llatok el\u0151\u00e1ll\u00edt\u00e1s\u00e1nak m\u00f3dszereit. Mindk\u00e9t ter\u00fcleten r\u00f6viden bemutatja a gyakorlati alkalmaz\u00e1s lehet\u0151s\u00e9geit \u00e9s eredm\u00e9nyeit.<\/p> <p>K\u00f6telez\u0151 \u00e9s aj\u00e1nlott irodalom:<\/p> <ul> <li><span style=\"text-decoration: underline;\">N\u00f6v\u00e9nybiotechnol\u00f3gia:<\/span> Heszky L. Kiss E. (2006): N\u00f6v\u00e9nyi biotechnol\u00f3gia \u00e9s molekul\u00e1ris nemes\u00edt\u00e9s.\u00a0 In: Heszky L., F\u00e9s\u0171s L., Hornok L. (szerk.): Mez\u0151gazdas\u00e1gi biotechnol\u00f3gia 107-193 p. Agroinform Kiad\u00f3 Bp.<\/li> <\/ul> <p>Heszky L. Tanuljunk g\u00e9ntechnol\u00f3gi\u00e1ul sorozat 1-20. r\u00e9szei. (http:\/\/mkk.szie.hu\/dep\/genetika\/gmo-val_kapcsolatos_kozlemenyek.htm)<\/p> <ul> <li><span style=\"text-decoration: underline;\">\u00c1llatbiotechnol\u00f3gia:<\/span> B\u0151sze Zs., Dinny\u00e9s A., \u00e9s mts. (2006): \u00c1llatteny\u00e9szt\u00e9si biotechnol\u00f3gia.\u00a0 In: Heszky L., F\u00e9s\u0171s L., Hornok L. (szerk.): Mez\u0151gazdas\u00e1gi biotechnol\u00f3gia 227-354 p. Agroinform Kiad\u00f3 Bp.<\/li> <\/ul> <p>\u00a0<\/p> <p>F\u00e9s\u00fcs L. \u00e9s mts. (2000): Molekul\u00e1ris genetikai m\u00f3dszerek alkalmaz\u00e1sa az \u00e1llatteny\u00e9szt\u00e9sben. Agroinform Kiad\u00f3 Rt. Budapest. Kijel\u00f6lt fejezetek<\/p>","protected":false},"excerpt":{"rendered":"<p>A t\u00e1rgy a biotechnol\u00f3gi\u00e1val kapcsolatos alapfogalmak tiszt\u00e1z\u00e1s\u00e1t k\u00f6vet\u0151en r\u00e9szletesen t\u00e1rgyalja a n\u00f6v\u00e9nyi, \u00e1llati biotechnol\u00f3gia f\u0151 ter\u00fcleteit. A n\u00f6v\u00e9nybiotechnol\u00f3gia keret\u00e9ben kit\u00e9r az in vitro sejt- \u00e9s sz\u00f6vetteny\u00e9szt\u00e9sre, a szexu\u00e1lis \u00e9s aszexu\u00e1lis reprodukci\u00f3s biotechnik\u00e1ira, a transzg\u00e9nikus n\u00f6v\u00e9nyek el\u0151\u00e1ll\u00edt\u00e1s\u00e1ra (molekul\u00e1ris transzform\u00e1ci\u00f3) \u00e9s vizsg\u00e1lat\u00e1ra. Az \u00e1llatbiotechnol\u00f3gia keret\u00e9ben ismerteti az in vitro mikromanipul\u00e1ci\u00f3s technik\u00e1kat, a szexdetermin\u00e1ci\u00f3 \u00e9s ivardiffenci\u00e1l\u00f3d\u00e1s biotechnik\u00e1it, tov\u00e1bb\u00e1<\/p>\n","protected":false},"author":3837,"featured_media":0,"parent":677,"menu_order":163,"comment_status":"closed","ping_status":"closed","template":"","meta":{"_acf_changed":false,"footnotes":""},"categories":[],"tags":[],"class_list":["post-10771","page","type-page","status-publish","hentry"],"acf":[],"_links":{"self":[{"href":"https:\/\/univet.hu\/hu\/wp-json\/wp\/v2\/pages\/10771","targetHints":{"allow":["GET"]}}],"collection":[{"href":"https:\/\/univet.hu\/hu\/wp-json\/wp\/v2\/pages"}],"about":[{"href":"https:\/\/univet.hu\/hu\/wp-json\/wp\/v2\/types\/page"}],"author":[{"embeddable":true,"href":"https:\/\/univet.hu\/hu\/wp-json\/wp\/v2\/users\/3837"}],"replies":[{"embeddable":true,"href":"https:\/\/univet.hu\/hu\/wp-json\/wp\/v2\/comments?post=10771"}],"version-history":[{"count":0,"href":"https:\/\/univet.hu\/hu\/wp-json\/wp\/v2\/pages\/10771\/revisions"}],"up":[{"embeddable":true,"href":"https:\/\/univet.hu\/hu\/wp-json\/wp\/v2\/pages\/677"}],"wp:attachment":[{"href":"https:\/\/univet.hu\/hu\/wp-json\/wp\/v2\/media?parent=10771"}],"wp:term":[{"taxonomy":"category","embeddable":true,"href":"https:\/\/univet.hu\/hu\/wp-json\/wp\/v2\/categories?post=10771"},{"taxonomy":"post_tag","embeddable":true,"href":"https:\/\/univet.hu\/hu\/wp-json\/wp\/v2\/tags?post=10771"}],"curies":[{"name":"wp","href":"https:\/\/api.w.org\/{rel}","templated":true}]}}