{"id":10772,"date":"1970-01-01T00:00:00","date_gmt":"1969-12-31T23:00:00","guid":{"rendered":"http:\/\/univet.hu\/oktatas\/kurzusok\/biotechnologia-biologia-bsc\/"},"modified":"2019-01-31T11:35:16","modified_gmt":"2019-01-31T10:35:16","slug":"biotechnologia-biologia-bsc","status":"publish","type":"page","link":"https:\/\/univet.hu\/hu\/oktatas\/kurzusok\/biotechnologia-biologia-bsc\/","title":{"rendered":"Biotechnol\u00f3gia (Biol\u00f3gia BSc)"},"content":{"rendered":"<p>Tansz\u00e9k neve: \u00c9lettani \u00e9s Biok\u00e9miai Tansz\u00e9k; J\u00e1rv\u00e1nytani \u00e9s Mikrobiol\u00f3giai Tansz\u00e9k; Sz\u00fcl\u00e9szeti \u00e9s Szaporod\u00e1sbiol\u00f3giai Tansz\u00e9k<\/p> <p>Tant\u00e1rgyfelel\u0151s oktat\u00f3 (e-mail): Dr. Forg\u00e1ch Petra virology[PUT AT HERE]univet.hu<\/p> <p>R\u00e9sztvev\u0151 oktat\u00f3(k): ld. az el\u0151ad\u00e1sok tematik\u00e1j\u00e1t<\/p> <p>A tant\u00e1rgy k\u00e9pz\u00e9si c\u00e9lja: A biotechnol\u00f3gia elm\u00e9leti h\u00e1tter\u00e9nek \u00e9s gyakorlati m\u00f3dszereinek megismer\u00e9se.<\/p> <p>Aj\u00e1nlott irodalom:<\/p> <p>M. R. Green, J. Sambrook: MolecularCloning, ALaboratoryManual, FourthEdition, Cold Spring Harbor, New York 2012<\/p> <p>J.M. Walker, R. Rapley: MolecularBiology and Biotechnology, FourthEdition, The Royal Society of Chemistry, Cambridge, UK, 2002<\/p> <p>B\u00e1lint Mikl\u00f3s: Molekul\u00e1ris biol\u00f3gia. M\u0171szaki K\u00f6nyvkiad\u00f3. Budapest. 2000<\/p> <p>&nbsp;<\/p>","protected":false},"excerpt":{"rendered":"<p>Tansz\u00e9k neve: \u00c9lettani \u00e9s Biok\u00e9miai Tansz\u00e9k; J\u00e1rv\u00e1nytani \u00e9s Mikrobiol\u00f3giai Tansz\u00e9k; Sz\u00fcl\u00e9szeti \u00e9s Szaporod\u00e1sbiol\u00f3giai Tansz\u00e9k Tant\u00e1rgyfelel\u0151s oktat\u00f3 (e-mail): Dr. Forg\u00e1ch Petra virology[PUT AT HERE]univet.hu R\u00e9sztvev\u0151 oktat\u00f3(k): ld. az el\u0151ad\u00e1sok tematik\u00e1j\u00e1t A tant\u00e1rgy k\u00e9pz\u00e9si c\u00e9lja: A biotechnol\u00f3gia elm\u00e9leti h\u00e1tter\u00e9nek \u00e9s gyakorlati m\u00f3dszereinek megismer\u00e9se. Aj\u00e1nlott irodalom: M. R. Green, J. Sambrook: MolecularCloning, ALaboratoryManual, FourthEdition, Cold Spring Harbor, New<\/p>\n","protected":false},"author":3837,"featured_media":0,"parent":677,"menu_order":163,"comment_status":"closed","ping_status":"closed","template":"","meta":{"_acf_changed":false,"footnotes":""},"categories":[],"tags":[],"class_list":["post-10772","page","type-page","status-publish","hentry"],"acf":[],"_links":{"self":[{"href":"https:\/\/univet.hu\/hu\/wp-json\/wp\/v2\/pages\/10772","targetHints":{"allow":["GET"]}}],"collection":[{"href":"https:\/\/univet.hu\/hu\/wp-json\/wp\/v2\/pages"}],"about":[{"href":"https:\/\/univet.hu\/hu\/wp-json\/wp\/v2\/types\/page"}],"author":[{"embeddable":true,"href":"https:\/\/univet.hu\/hu\/wp-json\/wp\/v2\/users\/3837"}],"replies":[{"embeddable":true,"href":"https:\/\/univet.hu\/hu\/wp-json\/wp\/v2\/comments?post=10772"}],"version-history":[{"count":0,"href":"https:\/\/univet.hu\/hu\/wp-json\/wp\/v2\/pages\/10772\/revisions"}],"up":[{"embeddable":true,"href":"https:\/\/univet.hu\/hu\/wp-json\/wp\/v2\/pages\/677"}],"wp:attachment":[{"href":"https:\/\/univet.hu\/hu\/wp-json\/wp\/v2\/media?parent=10772"}],"wp:term":[{"taxonomy":"category","embeddable":true,"href":"https:\/\/univet.hu\/hu\/wp-json\/wp\/v2\/categories?post=10772"},{"taxonomy":"post_tag","embeddable":true,"href":"https:\/\/univet.hu\/hu\/wp-json\/wp\/v2\/tags?post=10772"}],"curies":[{"name":"wp","href":"https:\/\/api.w.org\/{rel}","templated":true}]}}