{"id":10773,"date":"1970-01-01T00:00:00","date_gmt":"1969-12-31T23:00:00","guid":{"rendered":"http:\/\/univet.hu\/oktatas\/kurzusok\/cikkolvaso-szeminarium-biologia-bsc-szunbiologia-szakirany\/"},"modified":"2018-09-07T15:36:58","modified_gmt":"2018-09-07T13:36:58","slug":"cikkolvaso-szeminarium-biologia-bsc-szunbiologia-szakirany","status":"publish","type":"page","link":"https:\/\/univet.hu\/hu\/oktatas\/kurzusok\/cikkolvaso-szeminarium-biologia-bsc-szunbiologia-szakirany\/","title":{"rendered":"Cikkolvas\u00f3 szemin\u00e1rium &#8211; biol\u00f3gia BSc Sz\u00fcnbiol\u00f3gia szakir\u00e1ny"},"content":{"rendered":"<p>tant\u00e1rgyfelel\u0151s:<strong> Dr. F\u00fcl\u00f6p D\u00e1vid<\/strong><\/p> <p>A hallgat\u00f3k az els\u0151dleges szakirodalom alapj\u00e1n dolgoznak fel k\u00e9rd\u00e9seket. A szemin\u00e1rium k\u00e9rd\u00e9sei \u00e9vr\u0151l-\u00e9vre v\u00e1ltoznak, r\u00e9szben a z\u00e1r\u00f3vizsgat\u00e9telekhez, r\u00e9szben a hallgat\u00f3k szakdolgozati t\u00e9m\u00e1ihoz alkalmazkodva.\u00a0<\/p> <p>\u00a0<\/p><\/p>","protected":false},"excerpt":{"rendered":"<p>tant\u00e1rgyfelel\u0151s: Dr. F\u00fcl\u00f6p D\u00e1vid A hallgat\u00f3k az els\u0151dleges szakirodalom alapj\u00e1n dolgoznak fel k\u00e9rd\u00e9seket. A szemin\u00e1rium k\u00e9rd\u00e9sei \u00e9vr\u0151l-\u00e9vre v\u00e1ltoznak, r\u00e9szben a z\u00e1r\u00f3vizsgat\u00e9telekhez, r\u00e9szben a hallgat\u00f3k szakdolgozati t\u00e9m\u00e1ihoz alkalmazkodva.\u00a0 \u00a0<\/p>\n","protected":false},"author":3837,"featured_media":0,"parent":677,"menu_order":163,"comment_status":"closed","ping_status":"closed","template":"","meta":{"_acf_changed":false,"footnotes":""},"categories":[],"tags":[],"class_list":["post-10773","page","type-page","status-publish","hentry"],"acf":[],"_links":{"self":[{"href":"https:\/\/univet.hu\/hu\/wp-json\/wp\/v2\/pages\/10773","targetHints":{"allow":["GET"]}}],"collection":[{"href":"https:\/\/univet.hu\/hu\/wp-json\/wp\/v2\/pages"}],"about":[{"href":"https:\/\/univet.hu\/hu\/wp-json\/wp\/v2\/types\/page"}],"author":[{"embeddable":true,"href":"https:\/\/univet.hu\/hu\/wp-json\/wp\/v2\/users\/3837"}],"replies":[{"embeddable":true,"href":"https:\/\/univet.hu\/hu\/wp-json\/wp\/v2\/comments?post=10773"}],"version-history":[{"count":0,"href":"https:\/\/univet.hu\/hu\/wp-json\/wp\/v2\/pages\/10773\/revisions"}],"up":[{"embeddable":true,"href":"https:\/\/univet.hu\/hu\/wp-json\/wp\/v2\/pages\/677"}],"wp:attachment":[{"href":"https:\/\/univet.hu\/hu\/wp-json\/wp\/v2\/media?parent=10773"}],"wp:term":[{"taxonomy":"category","embeddable":true,"href":"https:\/\/univet.hu\/hu\/wp-json\/wp\/v2\/categories?post=10773"},{"taxonomy":"post_tag","embeddable":true,"href":"https:\/\/univet.hu\/hu\/wp-json\/wp\/v2\/tags?post=10773"}],"curies":[{"name":"wp","href":"https:\/\/api.w.org\/{rel}","templated":true}]}}