{"id":10775,"date":"1970-01-01T00:00:00","date_gmt":"1969-12-31T23:00:00","guid":{"rendered":"http:\/\/univet.hu\/oktatas\/kurzusok\/cikkolvaso-szeminarium-2-biologus-msc\/"},"modified":"2018-09-07T15:37:00","modified_gmt":"2018-09-07T13:37:00","slug":"cikkolvaso-szeminarium-2-biologus-msc","status":"publish","type":"page","link":"https:\/\/univet.hu\/hu\/oktatas\/kurzusok\/cikkolvaso-szeminarium-2-biologus-msc\/","title":{"rendered":"Cikkolvas\u00f3 szemin\u00e1rium 2. &#8211; biol\u00f3gus MSc"},"content":{"rendered":"<p>A cikkolvas\u00f3 szemin\u00e1rium olyan kurzus, amelyen a hallgat\u00f3k szakdolgozati t\u00e9m\u00e1ikhoz kapcsol\u00f3d\u00f3 eredeti angol nyelv\u0171 vezet\u0151 nemzetk\u00f6zi tudom\u00e1nyos foly\u00f3iratokat olvasnak, \u00e9rtelmeznek \u00e9s mutatnak be. E cikkek mind a klasszikus szakirodalmat, mind pedig a leg\u00fajabb tudom\u00e1nyos eredm\u00e9nyeket fel\u00f6lelik. Megvitatjuk a kutat\u00e1si m\u00f3dszer alkalmass\u00e1g\u00e1t, a k\u00f6vetkeztet\u00e9sek \u00e1ltal\u00e1nos\u00edthat\u00f3s\u00e1g\u00e1t. A cikkolvas\u00f3 szemin\u00e1rium c\u00e9lja, hogy el\u0151seg\u00edtse a hallgat\u00f3kat abban, hogyan elemezzenek kritikusan cikkeket \u00e9s fejlessze a tudom\u00e1nyos probl\u00e9m\u00e1k angol nyelv\u0171 megvitat\u00e1s\u00e1nak k\u00e9szs\u00e9g\u00e9t.<\/p> <p>K\u00d6TELEZ\u0150 IRODALOM<\/p> <p>Kiadott szakcikkek<\/p> <p>A gyakorlatokat t\u00f6mb\u00f6s\u00edtve tartj\u00e1k.<\/p> <p>El\u0151tanulm\u00e1nyi felt\u00e9telek:<br \/>Nincs<\/p><\/p>","protected":false},"excerpt":{"rendered":"<p>A cikkolvas\u00f3 szemin\u00e1rium olyan kurzus, amelyen a hallgat\u00f3k szakdolgozati t\u00e9m\u00e1ikhoz kapcsol\u00f3d\u00f3 eredeti angol nyelv\u0171 vezet\u0151 nemzetk\u00f6zi tudom\u00e1nyos foly\u00f3iratokat olvasnak, \u00e9rtelmeznek \u00e9s mutatnak be. E cikkek mind a klasszikus szakirodalmat, mind pedig a leg\u00fajabb tudom\u00e1nyos eredm\u00e9nyeket fel\u00f6lelik. Megvitatjuk a kutat\u00e1si m\u00f3dszer alkalmass\u00e1g\u00e1t, a k\u00f6vetkeztet\u00e9sek \u00e1ltal\u00e1nos\u00edthat\u00f3s\u00e1g\u00e1t. A cikkolvas\u00f3 szemin\u00e1rium c\u00e9lja, hogy el\u0151seg\u00edtse a hallgat\u00f3kat abban, hogyan elemezzenek<\/p>\n","protected":false},"author":3837,"featured_media":0,"parent":677,"menu_order":163,"comment_status":"closed","ping_status":"closed","template":"","meta":{"_acf_changed":false,"footnotes":""},"categories":[],"tags":[],"class_list":["post-10775","page","type-page","status-publish","hentry"],"acf":[],"_links":{"self":[{"href":"https:\/\/univet.hu\/hu\/wp-json\/wp\/v2\/pages\/10775","targetHints":{"allow":["GET"]}}],"collection":[{"href":"https:\/\/univet.hu\/hu\/wp-json\/wp\/v2\/pages"}],"about":[{"href":"https:\/\/univet.hu\/hu\/wp-json\/wp\/v2\/types\/page"}],"author":[{"embeddable":true,"href":"https:\/\/univet.hu\/hu\/wp-json\/wp\/v2\/users\/3837"}],"replies":[{"embeddable":true,"href":"https:\/\/univet.hu\/hu\/wp-json\/wp\/v2\/comments?post=10775"}],"version-history":[{"count":0,"href":"https:\/\/univet.hu\/hu\/wp-json\/wp\/v2\/pages\/10775\/revisions"}],"up":[{"embeddable":true,"href":"https:\/\/univet.hu\/hu\/wp-json\/wp\/v2\/pages\/677"}],"wp:attachment":[{"href":"https:\/\/univet.hu\/hu\/wp-json\/wp\/v2\/media?parent=10775"}],"wp:term":[{"taxonomy":"category","embeddable":true,"href":"https:\/\/univet.hu\/hu\/wp-json\/wp\/v2\/categories?post=10775"},{"taxonomy":"post_tag","embeddable":true,"href":"https:\/\/univet.hu\/hu\/wp-json\/wp\/v2\/tags?post=10775"}],"curies":[{"name":"wp","href":"https:\/\/api.w.org\/{rel}","templated":true}]}}