{"id":10778,"date":"1970-01-01T00:00:00","date_gmt":"1969-12-31T23:00:00","guid":{"rendered":"http:\/\/univet.hu\/oktatas\/kurzusok\/egzotikus-halak-hullok-madarak-es-kisemlosok-taplalasa\/"},"modified":"2023-07-29T00:19:19","modified_gmt":"2023-07-28T22:19:19","slug":"egzotikus-halak-hullok-madarak-es-kisemlosok-taplalasa","status":"publish","type":"page","link":"https:\/\/univet.hu\/hu\/oktatas\/kurzusok\/egzotikus-halak-hullok-madarak-es-kisemlosok-taplalasa\/","title":{"rendered":"Egzotikus h\u00fcll\u0151k, madarak \u00e9s kiseml\u0151s\u00f6k t\u00e1pl\u00e1l\u00e1sa"},"content":{"rendered":"<p><strong>A tant\u00e1rgy \u00e1ltal\u00e1nos c\u00e9lja:<\/strong><\/p> <p>A f\u0151bb egzotikus \u00e1llatfajok t\u00e1pl\u00e1l\u00e1si saj\u00e1toss\u00e1gainak bemutat\u00e1sa.<\/p> <p>&nbsp;<\/p> <p><strong>Sz\u00fcks\u00e9ges el\u0151tanulm\u00e1nyok:<\/strong><\/p> <ul> <li>\u00c1llatorvostan-hallgat\u00f3k: takarm\u00e1nyoz\u00e1stan 1. vizsga.<\/li> <li>Biol\u00f3gia szak: nincs.<\/li> <\/ul> <p>&nbsp;<\/p> <p><strong>Felel\u0151s tan\u00e1r:<\/strong> Dr. Hull\u00e1r Istv\u00e1n egyetemi docens<\/p> <p><strong>R\u00e9sztvev\u0151 oktat\u00f3:<\/strong>\u00a0Dr. Het\u00e9nyi Nikoletta tudom\u00e1nyos munkat\u00e1rs<\/p>","protected":false},"excerpt":{"rendered":"<p>A tant\u00e1rgy \u00e1ltal\u00e1nos c\u00e9lja: A f\u0151bb egzotikus \u00e1llatfajok t\u00e1pl\u00e1l\u00e1si saj\u00e1toss\u00e1gainak bemutat\u00e1sa. &nbsp; Sz\u00fcks\u00e9ges el\u0151tanulm\u00e1nyok: \u00c1llatorvostan-hallgat\u00f3k: takarm\u00e1nyoz\u00e1stan 1. vizsga. Biol\u00f3gia szak: nincs. &nbsp; Felel\u0151s tan\u00e1r: Dr. Hull\u00e1r Istv\u00e1n egyetemi docens R\u00e9sztvev\u0151 oktat\u00f3:\u00a0Dr. Het\u00e9nyi Nikoletta tudom\u00e1nyos munkat\u00e1rs<\/p>\n","protected":false},"author":3837,"featured_media":0,"parent":677,"menu_order":163,"comment_status":"closed","ping_status":"closed","template":"","meta":{"_acf_changed":false,"footnotes":""},"categories":[],"tags":[],"class_list":["post-10778","page","type-page","status-publish","hentry"],"acf":[],"_links":{"self":[{"href":"https:\/\/univet.hu\/hu\/wp-json\/wp\/v2\/pages\/10778","targetHints":{"allow":["GET"]}}],"collection":[{"href":"https:\/\/univet.hu\/hu\/wp-json\/wp\/v2\/pages"}],"about":[{"href":"https:\/\/univet.hu\/hu\/wp-json\/wp\/v2\/types\/page"}],"author":[{"embeddable":true,"href":"https:\/\/univet.hu\/hu\/wp-json\/wp\/v2\/users\/3837"}],"replies":[{"embeddable":true,"href":"https:\/\/univet.hu\/hu\/wp-json\/wp\/v2\/comments?post=10778"}],"version-history":[{"count":0,"href":"https:\/\/univet.hu\/hu\/wp-json\/wp\/v2\/pages\/10778\/revisions"}],"up":[{"embeddable":true,"href":"https:\/\/univet.hu\/hu\/wp-json\/wp\/v2\/pages\/677"}],"wp:attachment":[{"href":"https:\/\/univet.hu\/hu\/wp-json\/wp\/v2\/media?parent=10778"}],"wp:term":[{"taxonomy":"category","embeddable":true,"href":"https:\/\/univet.hu\/hu\/wp-json\/wp\/v2\/categories?post=10778"},{"taxonomy":"post_tag","embeddable":true,"href":"https:\/\/univet.hu\/hu\/wp-json\/wp\/v2\/tags?post=10778"}],"curies":[{"name":"wp","href":"https:\/\/api.w.org\/{rel}","templated":true}]}}