{"id":10779,"date":"1970-01-01T00:00:00","date_gmt":"1969-12-31T23:00:00","guid":{"rendered":"http:\/\/univet.hu\/oktatas\/kurzusok\/egzotikus-kisemlosok-biologiaja-es-egeszsegvedelme\/"},"modified":"2025-04-17T07:39:06","modified_gmt":"2025-04-17T05:39:06","slug":"egzotikus-kisemlosok-biologiaja-es-egeszsegvedelme","status":"publish","type":"page","link":"https:\/\/univet.hu\/hu\/oktatas\/kurzusok\/egzotikus-kisemlosok-biologiaja-es-egeszsegvedelme\/","title":{"rendered":"Egzotikus kiseml\u0151s\u00f6k biol\u00f3gi\u00e1ja \u00e9s eg\u00e9szs\u00e9gv\u00e9delme"},"content":{"rendered":"<p>A tant\u00e1rgy felel\u0151se: Dr. G\u00e1l J\u00e1nos<\/p> <p>El\u0151tanulm\u00e1nyi k\u00f6vetelm\u00e9nyek: Egzotikus \u00e1llatok gy\u00f3gy\u00e1szata<\/p> <p style=\"text-align: justify\">Az \u00e9rdekl\u0151d\u0151 hallgat\u00f3k sz\u00e1m\u00e1ra \u00e1ttekint\u00e9st ad a tant\u00e1rgy az egzotikus kiseml\u0151s\u00f6k tart\u00e1s\u00e1r\u00f3l, helyes ell\u00e1t\u00e1s\u00e1r\u00f3l. Az el\u0151ad\u00e1sok keret\u00e9ben megismerheti az \u00e9rdekl\u0151d\u0151 hallgat\u00f3s\u00e1g a fontosabb nem fert\u0151z\u0151 \u00e9s fert\u0151z\u0151 betegs\u00e9geket szervrendszerekhez k\u00f6t\u00f6tt csoportos\u00edt\u00e1sban. Betekint\u00e9st kaphatnak a k\u00e9pz\u00e9sen r\u00e9sztvev\u0151k az egyes betegs\u00e9gek diagnosztik\u00e1j\u00e1ba \u00e9s ter\u00e1pi\u00e1s lehet\u0151s\u00e9gekbe.<\/p> <p>&nbsp;<\/p> <p><strong>Aj\u00e1nlott szakirodalom:<\/strong><\/p> <p>Katherine Quesenberry, Christoph Mans, Connie Orcutt: Ferrets, Rabbits, and Rodents Clinical Medicine and Surgery<\/p>","protected":false},"excerpt":{"rendered":"<p>A tant\u00e1rgy felel\u0151se: Dr. G\u00e1l J\u00e1nos El\u0151tanulm\u00e1nyi k\u00f6vetelm\u00e9nyek: Egzotikus \u00e1llatok gy\u00f3gy\u00e1szata Az \u00e9rdekl\u0151d\u0151 hallgat\u00f3k sz\u00e1m\u00e1ra \u00e1ttekint\u00e9st ad a tant\u00e1rgy az egzotikus kiseml\u0151s\u00f6k tart\u00e1s\u00e1r\u00f3l, helyes ell\u00e1t\u00e1s\u00e1r\u00f3l. Az el\u0151ad\u00e1sok keret\u00e9ben megismerheti az \u00e9rdekl\u0151d\u0151 hallgat\u00f3s\u00e1g a fontosabb nem fert\u0151z\u0151 \u00e9s fert\u0151z\u0151 betegs\u00e9geket szervrendszerekhez k\u00f6t\u00f6tt csoportos\u00edt\u00e1sban. Betekint\u00e9st kaphatnak a k\u00e9pz\u00e9sen r\u00e9sztvev\u0151k az egyes betegs\u00e9gek diagnosztik\u00e1j\u00e1ba \u00e9s ter\u00e1pi\u00e1s lehet\u0151s\u00e9gekbe. &nbsp;<\/p>\n","protected":false},"author":3837,"featured_media":0,"parent":677,"menu_order":163,"comment_status":"closed","ping_status":"closed","template":"","meta":{"_acf_changed":false,"footnotes":""},"categories":[],"tags":[],"class_list":["post-10779","page","type-page","status-publish","hentry"],"acf":[],"_links":{"self":[{"href":"https:\/\/univet.hu\/hu\/wp-json\/wp\/v2\/pages\/10779","targetHints":{"allow":["GET"]}}],"collection":[{"href":"https:\/\/univet.hu\/hu\/wp-json\/wp\/v2\/pages"}],"about":[{"href":"https:\/\/univet.hu\/hu\/wp-json\/wp\/v2\/types\/page"}],"author":[{"embeddable":true,"href":"https:\/\/univet.hu\/hu\/wp-json\/wp\/v2\/users\/3837"}],"replies":[{"embeddable":true,"href":"https:\/\/univet.hu\/hu\/wp-json\/wp\/v2\/comments?post=10779"}],"version-history":[{"count":2,"href":"https:\/\/univet.hu\/hu\/wp-json\/wp\/v2\/pages\/10779\/revisions"}],"predecessor-version":[{"id":178797,"href":"https:\/\/univet.hu\/hu\/wp-json\/wp\/v2\/pages\/10779\/revisions\/178797"}],"up":[{"embeddable":true,"href":"https:\/\/univet.hu\/hu\/wp-json\/wp\/v2\/pages\/677"}],"wp:attachment":[{"href":"https:\/\/univet.hu\/hu\/wp-json\/wp\/v2\/media?parent=10779"}],"wp:term":[{"taxonomy":"category","embeddable":true,"href":"https:\/\/univet.hu\/hu\/wp-json\/wp\/v2\/categories?post=10779"},{"taxonomy":"post_tag","embeddable":true,"href":"https:\/\/univet.hu\/hu\/wp-json\/wp\/v2\/tags?post=10779"}],"curies":[{"name":"wp","href":"https:\/\/api.w.org\/{rel}","templated":true}]}}