{"id":10784,"date":"1970-01-01T00:00:00","date_gmt":"1969-12-31T23:00:00","guid":{"rendered":"http:\/\/univet.hu\/oktatas\/kurzusok\/elelmiszer-technologia-a-gyakorlatban\/"},"modified":"2023-07-24T14:52:43","modified_gmt":"2023-07-24T12:52:43","slug":"elelmiszer-technologia-a-gyakorlatban","status":"publish","type":"page","link":"https:\/\/univet.hu\/hu\/oktatas\/kurzusok\/elelmiszer-technologia-a-gyakorlatban\/","title":{"rendered":"\u00c9lelmiszer-technol\u00f3gia a gyakorlatban"},"content":{"rendered":"<p><strong><span style=\"font-size: 14pt;\">Tematika<\/span><\/strong><\/p> <ul> <li>A tejfeldolgoz\u00e1s \u00e1ltal\u00e1nos m\u0171veletei<\/li> <li>Tejterm\u00e9kek gy\u00e1rt\u00e1sa a gyakorlatban<\/li> <li>A baromfiv\u00e1g\u00e1s technol\u00f3gia higi\u00e9ni\u00e1ja a gyakorlatban<\/li> <li>A sert\u00e9s- \u00e9s marhav\u00e1g\u00e1s technol\u00f3giai higi\u00e9ni\u00e1ja a gyakorlatban<\/li> <li>A vadfeldolgoz\u00e1s technol\u00f3giai higi\u00e9ni\u00e1ja a gyakorlatban<\/li> <li>A h\u00fask\u00e9sz\u00edtm\u00e9nyek el\u0151\u00e1ll\u00edt\u00e1s\u00e1nak higi\u00e9ni\u00e1ja a gyakorlatban<\/li> <li>N\u00f6v\u00e9nyi eredet\u0171 \u00e9lelmiszerek el\u0151\u00e1ll\u00edt\u00e1s\u00e1nak higi\u00e9ni\u00e1ja a gyakorlatban<\/li> <\/ul> <p>&nbsp;<\/p> <p>J\u00e1rv\u00e1nyhelyzet eset\u00e9n online m\u00f3don is megtarthat\u00f3 virtu\u00e1lis \u00fczeml\u00e1togat\u00e1ssal.<\/p> <p>&nbsp;<\/p> <p><strong><span style=\"font-size: 14pt;\">Felel\u0151s oktat\u00f3k<\/span><\/strong><\/p> <ul> <li>Dr. Darnay L\u00edvia, egyetemi adjunktus<\/li> <\/ul>","protected":false},"excerpt":{"rendered":"<p>Tematika A tejfeldolgoz\u00e1s \u00e1ltal\u00e1nos m\u0171veletei Tejterm\u00e9kek gy\u00e1rt\u00e1sa a gyakorlatban A baromfiv\u00e1g\u00e1s technol\u00f3gia higi\u00e9ni\u00e1ja a gyakorlatban A sert\u00e9s- \u00e9s marhav\u00e1g\u00e1s technol\u00f3giai higi\u00e9ni\u00e1ja a gyakorlatban A vadfeldolgoz\u00e1s technol\u00f3giai higi\u00e9ni\u00e1ja a gyakorlatban A h\u00fask\u00e9sz\u00edtm\u00e9nyek el\u0151\u00e1ll\u00edt\u00e1s\u00e1nak higi\u00e9ni\u00e1ja a gyakorlatban N\u00f6v\u00e9nyi eredet\u0171 \u00e9lelmiszerek el\u0151\u00e1ll\u00edt\u00e1s\u00e1nak higi\u00e9ni\u00e1ja a gyakorlatban &nbsp; J\u00e1rv\u00e1nyhelyzet eset\u00e9n online m\u00f3don is megtarthat\u00f3 virtu\u00e1lis \u00fczeml\u00e1togat\u00e1ssal. &nbsp; Felel\u0151s oktat\u00f3k Dr.<\/p>\n","protected":false},"author":3837,"featured_media":0,"parent":677,"menu_order":164,"comment_status":"closed","ping_status":"closed","template":"","meta":{"_acf_changed":false,"footnotes":""},"categories":[],"tags":[],"class_list":["post-10784","page","type-page","status-publish","hentry"],"acf":[],"_links":{"self":[{"href":"https:\/\/univet.hu\/hu\/wp-json\/wp\/v2\/pages\/10784","targetHints":{"allow":["GET"]}}],"collection":[{"href":"https:\/\/univet.hu\/hu\/wp-json\/wp\/v2\/pages"}],"about":[{"href":"https:\/\/univet.hu\/hu\/wp-json\/wp\/v2\/types\/page"}],"author":[{"embeddable":true,"href":"https:\/\/univet.hu\/hu\/wp-json\/wp\/v2\/users\/3837"}],"replies":[{"embeddable":true,"href":"https:\/\/univet.hu\/hu\/wp-json\/wp\/v2\/comments?post=10784"}],"version-history":[{"count":0,"href":"https:\/\/univet.hu\/hu\/wp-json\/wp\/v2\/pages\/10784\/revisions"}],"up":[{"embeddable":true,"href":"https:\/\/univet.hu\/hu\/wp-json\/wp\/v2\/pages\/677"}],"wp:attachment":[{"href":"https:\/\/univet.hu\/hu\/wp-json\/wp\/v2\/media?parent=10784"}],"wp:term":[{"taxonomy":"category","embeddable":true,"href":"https:\/\/univet.hu\/hu\/wp-json\/wp\/v2\/categories?post=10784"},{"taxonomy":"post_tag","embeddable":true,"href":"https:\/\/univet.hu\/hu\/wp-json\/wp\/v2\/tags?post=10784"}],"curies":[{"name":"wp","href":"https:\/\/api.w.org\/{rel}","templated":true}]}}