{"id":10785,"date":"1970-01-01T00:00:00","date_gmt":"1969-12-31T23:00:00","guid":{"rendered":"http:\/\/univet.hu\/oktatas\/kurzusok\/epidemiologiai-vizsgalatok\/"},"modified":"2020-11-18T12:52:06","modified_gmt":"2020-11-18T11:52:06","slug":"epidemiologiai-vizsgalatok","status":"publish","type":"page","link":"https:\/\/univet.hu\/hu\/oktatas\/kurzusok\/epidemiologiai-vizsgalatok\/","title":{"rendered":"Epidemiol\u00f3giai vizsg\u00e1latok&#8230;"},"content":{"rendered":"<p>A t\u00e1rgyban a hallgat\u00f3k megismerik a legfontosabb mortalit\u00e1si \u00e9s morbidit\u00e1si mutat\u00f3kat, a kock\u00e1zati \u00e9s prognosztikai t\u00e9nyez\u0151k m\u00e9r\u0151sz\u00e1mait, \u00e9s gyakorlatot szereznek ezek haszn\u00e1lat\u00e1ban. Megismerik az epidemiol\u00f3giai vizsg\u00e1latok t\u00edpusait \u00e9s e vizsg\u00e1latok tervez\u00e9s\u00e9nek alapvet\u0151 k\u00e9rd\u00e9seit. Megismerik \u00e9s alkalmazz\u00e1k a diagnosztikai tesztek ki\u00e9rt\u00e9kel\u00e9s\u00e9re, \u00f6sszehasonl\u00edt\u00e1s\u00e1ra szolg\u00e1l\u00f3 statisztikai m\u00f3dszereket.<\/p> <p>&nbsp;<\/p> <p><strong>Aj\u00e1nlott irodalom:\u00a0<\/strong><\/p> <style type=\"text\/css\"><!--td {border: 1px solid #ccc;}br {mso-data-placement:same-cell;}--><\/style> <p><span data-sheets-value=\"{&quot;1&quot;:2,&quot;2&quot;:&quot;Schoenbach VJ, Rosamond WD, Understanding the fundamentals of epidemiology \u2014 an evolving text, Fall 2000 Edition, \\nlet\u00f6lthet\u0151 innen (2020.01.10): www.epidemiolog.net\/evolving\/FundamentalsOfEpidemiology.pdf&quot;}\" data-sheets-userformat=\"{&quot;2&quot;:553,&quot;3&quot;:{&quot;1&quot;:0},&quot;6&quot;:{&quot;1&quot;:[{&quot;1&quot;:2,&quot;2&quot;:0,&quot;5&quot;:{&quot;1&quot;:2,&quot;2&quot;:0}},{&quot;1&quot;:0,&quot;2&quot;:0,&quot;3&quot;:3},{&quot;1&quot;:1,&quot;2&quot;:0,&quot;4&quot;:1}]},&quot;8&quot;:{&quot;1&quot;:[{&quot;1&quot;:2,&quot;2&quot;:0,&quot;5&quot;:{&quot;1&quot;:2,&quot;2&quot;:0}},{&quot;1&quot;:0,&quot;2&quot;:0,&quot;3&quot;:3},{&quot;1&quot;:1,&quot;2&quot;:0,&quot;4&quot;:1}]},&quot;12&quot;:0}\">Schoenbach VJ, Rosamond WD, Understanding the fundamentals of epidemiology \u2014 an evolving text, Fall 2000 Edition,<br \/> let\u00f6lthet\u0151 innen (2020.01.10): www.epidemiolog.net\/evolving\/FundamentalsOfEpidemiology.pdf<\/span><\/p>","protected":false},"excerpt":{"rendered":"<p>A t\u00e1rgyban a hallgat\u00f3k megismerik a legfontosabb mortalit\u00e1si \u00e9s morbidit\u00e1si mutat\u00f3kat, a kock\u00e1zati \u00e9s prognosztikai t\u00e9nyez\u0151k m\u00e9r\u0151sz\u00e1mait, \u00e9s gyakorlatot szereznek ezek haszn\u00e1lat\u00e1ban. Megismerik az epidemiol\u00f3giai vizsg\u00e1latok t\u00edpusait \u00e9s e vizsg\u00e1latok tervez\u00e9s\u00e9nek alapvet\u0151 k\u00e9rd\u00e9seit. Megismerik \u00e9s alkalmazz\u00e1k a diagnosztikai tesztek ki\u00e9rt\u00e9kel\u00e9s\u00e9re, \u00f6sszehasonl\u00edt\u00e1s\u00e1ra szolg\u00e1l\u00f3 statisztikai m\u00f3dszereket. &nbsp; Aj\u00e1nlott irodalom:\u00a0 Schoenbach VJ, Rosamond WD, Understanding the fundamentals of<\/p>\n","protected":false},"author":3837,"featured_media":0,"parent":677,"menu_order":164,"comment_status":"closed","ping_status":"closed","template":"","meta":{"_acf_changed":false,"footnotes":""},"categories":[],"tags":[],"class_list":["post-10785","page","type-page","status-publish","hentry"],"acf":[],"_links":{"self":[{"href":"https:\/\/univet.hu\/hu\/wp-json\/wp\/v2\/pages\/10785","targetHints":{"allow":["GET"]}}],"collection":[{"href":"https:\/\/univet.hu\/hu\/wp-json\/wp\/v2\/pages"}],"about":[{"href":"https:\/\/univet.hu\/hu\/wp-json\/wp\/v2\/types\/page"}],"author":[{"embeddable":true,"href":"https:\/\/univet.hu\/hu\/wp-json\/wp\/v2\/users\/3837"}],"replies":[{"embeddable":true,"href":"https:\/\/univet.hu\/hu\/wp-json\/wp\/v2\/comments?post=10785"}],"version-history":[{"count":0,"href":"https:\/\/univet.hu\/hu\/wp-json\/wp\/v2\/pages\/10785\/revisions"}],"up":[{"embeddable":true,"href":"https:\/\/univet.hu\/hu\/wp-json\/wp\/v2\/pages\/677"}],"wp:attachment":[{"href":"https:\/\/univet.hu\/hu\/wp-json\/wp\/v2\/media?parent=10785"}],"wp:term":[{"taxonomy":"category","embeddable":true,"href":"https:\/\/univet.hu\/hu\/wp-json\/wp\/v2\/categories?post=10785"},{"taxonomy":"post_tag","embeddable":true,"href":"https:\/\/univet.hu\/hu\/wp-json\/wp\/v2\/tags?post=10785"}],"curies":[{"name":"wp","href":"https:\/\/api.w.org\/{rel}","templated":true}]}}