{"id":10786,"date":"1970-01-01T00:00:00","date_gmt":"1969-12-31T23:00:00","guid":{"rendered":"http:\/\/univet.hu\/oktatas\/kurzusok\/erzekeles-az-allatvilagban\/"},"modified":"2018-09-07T15:37:09","modified_gmt":"2018-09-07T13:37:09","slug":"erzekeles-az-allatvilagban","status":"publish","type":"page","link":"https:\/\/univet.hu\/hu\/oktatas\/kurzusok\/erzekeles-az-allatvilagban\/","title":{"rendered":"\u00c9rz\u00e9kel\u00e9s az \u00e1llatvil\u00e1gban"},"content":{"rendered":"<ul> <li>Az &eacute;rz\u0151rendszerek (l&aacute;t&aacute;s, a hall&aacute;s, a szagl&aacute;s, &iacute;zlel&eacute;s, szomatoszenzoros m\u0171k&ouml;d&eacute;sek, infrav&ouml;r&ouml;s f&eacute;ny, elektromos &eacute;s m&aacute;gneses er\u0151terek &eacute;rz&eacute;kel&eacute;se) szervei. Sz&ouml;vettani &eacute;s &eacute;lettani jellegzetess&eacute;gek &nbsp;feleleven&iacute;t&eacute;se, fejl\u0151d&eacute;s&uuml;k az ontogenezis illetve a filogenezis sor&aacute;n .<\/li> <li>Az egyes &eacute;rz\u0151rendszerek receptorsejtjeiben lej&aacute;tsz&oacute;d&oacute; folyamatok molekul&aacute;ris sejtbiol&oacute;giai alapjai.<\/li> <li>A receptorstrukt&uacute;r&aacute;kban keletkezett jelek tov&aacute;bb&iacute;t&aacute;sa az agyba.<\/li> <li>Jelfeldolgoz&aacute;s az agyban.<\/li> <li>Az egyes &eacute;rz&eacute;kel&eacute;si form&aacute;k &nbsp;szerepe az &aacute;llatok &eacute;let&eacute;ben, k&uuml;l&ouml;n&ouml;s tekintettel a szoci&aacute;lis magatart&aacute;sra.<\/li> <\/ul> <p>&nbsp;<\/p>","protected":false},"excerpt":{"rendered":"<p>Az &eacute;rz\u0151rendszerek (l&aacute;t&aacute;s, a hall&aacute;s, a szagl&aacute;s, &iacute;zlel&eacute;s, szomatoszenzoros m\u0171k&ouml;d&eacute;sek, infrav&ouml;r&ouml;s f&eacute;ny, elektromos &eacute;s m&aacute;gneses er\u0151terek &eacute;rz&eacute;kel&eacute;se) szervei. Sz&ouml;vettani &eacute;s &eacute;lettani jellegzetess&eacute;gek &nbsp;feleleven&iacute;t&eacute;se, fejl\u0151d&eacute;s&uuml;k az ontogenezis illetve a filogenezis sor&aacute;n . Az egyes &eacute;rz\u0151rendszerek receptorsejtjeiben lej&aacute;tsz&oacute;d&oacute; folyamatok molekul&aacute;ris sejtbiol&oacute;giai alapjai. A receptorstrukt&uacute;r&aacute;kban keletkezett jelek tov&aacute;bb&iacute;t&aacute;sa az agyba. Jelfeldolgoz&aacute;s az agyban. Az egyes &eacute;rz&eacute;kel&eacute;si form&aacute;k &nbsp;szerepe<\/p>\n","protected":false},"author":3837,"featured_media":0,"parent":677,"menu_order":164,"comment_status":"closed","ping_status":"closed","template":"","meta":{"_acf_changed":false,"footnotes":""},"categories":[],"tags":[],"class_list":["post-10786","page","type-page","status-publish","hentry"],"acf":[],"_links":{"self":[{"href":"https:\/\/univet.hu\/hu\/wp-json\/wp\/v2\/pages\/10786","targetHints":{"allow":["GET"]}}],"collection":[{"href":"https:\/\/univet.hu\/hu\/wp-json\/wp\/v2\/pages"}],"about":[{"href":"https:\/\/univet.hu\/hu\/wp-json\/wp\/v2\/types\/page"}],"author":[{"embeddable":true,"href":"https:\/\/univet.hu\/hu\/wp-json\/wp\/v2\/users\/3837"}],"replies":[{"embeddable":true,"href":"https:\/\/univet.hu\/hu\/wp-json\/wp\/v2\/comments?post=10786"}],"version-history":[{"count":0,"href":"https:\/\/univet.hu\/hu\/wp-json\/wp\/v2\/pages\/10786\/revisions"}],"up":[{"embeddable":true,"href":"https:\/\/univet.hu\/hu\/wp-json\/wp\/v2\/pages\/677"}],"wp:attachment":[{"href":"https:\/\/univet.hu\/hu\/wp-json\/wp\/v2\/media?parent=10786"}],"wp:term":[{"taxonomy":"category","embeddable":true,"href":"https:\/\/univet.hu\/hu\/wp-json\/wp\/v2\/categories?post=10786"},{"taxonomy":"post_tag","embeddable":true,"href":"https:\/\/univet.hu\/hu\/wp-json\/wp\/v2\/tags?post=10786"}],"curies":[{"name":"wp","href":"https:\/\/api.w.org\/{rel}","templated":true}]}}