{"id":10787,"date":"1970-01-01T00:00:00","date_gmt":"1969-12-31T23:00:00","guid":{"rendered":"http:\/\/univet.hu\/oktatas\/kurzusok\/etologia-1-biologia-bsc\/"},"modified":"2018-09-07T15:37:10","modified_gmt":"2018-09-07T13:37:10","slug":"etologia-1-biologia-bsc","status":"publish","type":"page","link":"https:\/\/univet.hu\/hu\/oktatas\/kurzusok\/etologia-1-biologia-bsc\/","title":{"rendered":"Etol\u00f3gia 1. &#8211; biol\u00f3gia BSc"},"content":{"rendered":"<p>tant\u00e1rgyfele\u0151s: <strong>Dr. Kis J\u00e1nos<\/strong><\/p> <p>A t\u00e1rgy betekint\u00e9st ad a viselked\u00e9studom\u00e1nyok legfontosabb k\u00e9rd\u00e9seibe. A hangs\u00falyt a viselked\u00e9s genetikai \u00e9s idegi szab\u00e1lyoz\u00e1s\u00e1nak, valamint a viselked\u00e9s \u00f6kol\u00f3giai funkci\u00f3j\u00e1nak felt\u00e1r\u00e1s\u00e1ra helyezz\u00fck. \u00c1ttekint\u00fcnk n\u00e9h\u00e1ny klasszikus etol\u00f3giai elm\u00e9letet, r\u00e9szletesen t\u00e1rgyaljuk a viselked\u00e9s szab\u00e1lyoz\u00e1s\u00e1nak genetikai \u00e9s neurohormon\u00e1lis h\u00e1tter\u00e9t. Foglalkozunk a viselked\u00e9s-strat\u00e9gi\u00e1k evol\u00faci\u00f3biol\u00f3giai k\u00e9rd\u00e9seivel, valamint a motiv\u00e1ci\u00f3s \u00e9s d\u00f6nt\u00e9si mechanizmusok modellez\u00e9s\u00e9vel.<\/p> <p>K\u00f6telez\u0151 irodalom: Kabai P\u00e9ter: Etol\u00f3gia webjegyzet (http:\/\/www.behav.org\/behav\/)<\/p> <p>Aj\u00e1nlott: Cs\u00e1nyi Vilmos: Etol\u00f3gia (Tank\u00f6nyvkiad\u00f3)<\/p><\/p>","protected":false},"excerpt":{"rendered":"<p>tant\u00e1rgyfele\u0151s: Dr. Kis J\u00e1nos A t\u00e1rgy betekint\u00e9st ad a viselked\u00e9studom\u00e1nyok legfontosabb k\u00e9rd\u00e9seibe. A hangs\u00falyt a viselked\u00e9s genetikai \u00e9s idegi szab\u00e1lyoz\u00e1s\u00e1nak, valamint a viselked\u00e9s \u00f6kol\u00f3giai funkci\u00f3j\u00e1nak felt\u00e1r\u00e1s\u00e1ra helyezz\u00fck. \u00c1ttekint\u00fcnk n\u00e9h\u00e1ny klasszikus etol\u00f3giai elm\u00e9letet, r\u00e9szletesen t\u00e1rgyaljuk a viselked\u00e9s szab\u00e1lyoz\u00e1s\u00e1nak genetikai \u00e9s neurohormon\u00e1lis h\u00e1tter\u00e9t. Foglalkozunk a viselked\u00e9s-strat\u00e9gi\u00e1k evol\u00faci\u00f3biol\u00f3giai k\u00e9rd\u00e9seivel, valamint a motiv\u00e1ci\u00f3s \u00e9s d\u00f6nt\u00e9si mechanizmusok modellez\u00e9s\u00e9vel. K\u00f6telez\u0151 irodalom:<\/p>\n","protected":false},"author":3837,"featured_media":0,"parent":677,"menu_order":164,"comment_status":"closed","ping_status":"closed","template":"","meta":{"_acf_changed":false,"footnotes":""},"categories":[],"tags":[],"class_list":["post-10787","page","type-page","status-publish","hentry"],"acf":[],"_links":{"self":[{"href":"https:\/\/univet.hu\/hu\/wp-json\/wp\/v2\/pages\/10787","targetHints":{"allow":["GET"]}}],"collection":[{"href":"https:\/\/univet.hu\/hu\/wp-json\/wp\/v2\/pages"}],"about":[{"href":"https:\/\/univet.hu\/hu\/wp-json\/wp\/v2\/types\/page"}],"author":[{"embeddable":true,"href":"https:\/\/univet.hu\/hu\/wp-json\/wp\/v2\/users\/3837"}],"replies":[{"embeddable":true,"href":"https:\/\/univet.hu\/hu\/wp-json\/wp\/v2\/comments?post=10787"}],"version-history":[{"count":0,"href":"https:\/\/univet.hu\/hu\/wp-json\/wp\/v2\/pages\/10787\/revisions"}],"up":[{"embeddable":true,"href":"https:\/\/univet.hu\/hu\/wp-json\/wp\/v2\/pages\/677"}],"wp:attachment":[{"href":"https:\/\/univet.hu\/hu\/wp-json\/wp\/v2\/media?parent=10787"}],"wp:term":[{"taxonomy":"category","embeddable":true,"href":"https:\/\/univet.hu\/hu\/wp-json\/wp\/v2\/categories?post=10787"},{"taxonomy":"post_tag","embeddable":true,"href":"https:\/\/univet.hu\/hu\/wp-json\/wp\/v2\/tags?post=10787"}],"curies":[{"name":"wp","href":"https:\/\/api.w.org\/{rel}","templated":true}]}}