{"id":10788,"date":"1970-01-01T00:00:00","date_gmt":"1969-12-31T23:00:00","guid":{"rendered":"http:\/\/univet.hu\/oktatas\/kurzusok\/etologia-2-biologia-bsc-szunbiologia-szakirany\/"},"modified":"2018-09-07T15:37:12","modified_gmt":"2018-09-07T13:37:12","slug":"etologia-2-biologia-bsc-szunbiologia-szakirany","status":"publish","type":"page","link":"https:\/\/univet.hu\/hu\/oktatas\/kurzusok\/etologia-2-biologia-bsc-szunbiologia-szakirany\/","title":{"rendered":"Etol\u00f3gia 2. &#8211; biol\u00f3gia BSc Sz\u00fcnbiol\u00f3gia szakir\u00e1ny"},"content":{"rendered":"<p>tant\u00e1rgyfelel\u0151s: <strong>Dr. Kis J\u00e1nos<\/strong><\/p> <p>Az etol\u00f3gia t\u00e1rgy gyakorlatak\u00e9nt, a viselked\u00e9sbiol\u00f3gia modult v\u00e1laszt\u00f3knak k\u00f6telez\u0151en ker\u00fcl sor az Etol\u00f3gia gyakorlatra. A viselked\u00e9s-biol\u00f3gia modul r\u00e9szek\u00e9nt a hallgat\u00f3k elsaj\u00e1t\u00edtj\u00e1k a viselked\u00e9s vizsg\u00e1latok alapvet\u0151 metodik\u00e1j\u00e1t. A viselked\u00e9s elemekre bont\u00e1sa, mintav\u00e9tel a viselked\u00e9sb\u0151l, az id\u0151b\u0151l, az egyedekb\u0151l. Esem\u00e9nyrekorder haszn\u00e1lata, az adatok feldolgoz\u00e1sa.<\/p> <p>N\u00e9h\u00e1ny el\u0151ad\u00e1sban foglalkozunk az etol\u00f3giai vizsg\u00e1latok saj\u00e1toss\u00e1gaival:<\/p> <ul> <li>k\u00e9rd\u00e9sek, hipot\u00e9zis<\/li> <li>megfigyel\u00e9s vagy k\u00eds\u00e9rlet<\/li> <li>a viselked\u00e9s adatok jellege<\/li> <li>a viselked\u00e9s le\u00edr\u00e1s\u00e1nak m\u00f3dszerei<\/li> <li>az adatelemz\u00e9s alapjai<\/li> <\/ul> <p>\u00a0<\/p> <p>Ek\u00f6zben a hallgat\u00f3k kutat\u00e1si t\u00e9m\u00e1t v\u00e1lasztanak, a t\u00e9m\u00e1kat a megval\u00f3s\u00edthat\u00f3s\u00e1g \u00e9s a m\u00f3dszertan szempontj\u00e1b\u00f3l megbesz\u00e9lj\u00fck.\u00a0 A hallgat\u00f3k 10-15 \u00f3ra megfigyel\u00e9st v\u00e9geznek, a f\u00e9l\u00e9v sor\u00e1n a vizsg\u00e1lathoz, m\u00f3dszertanhoz \u00e9s az adatok \u00e9rt\u00e9kel\u00e9s\u00e9hez a gyakorlat idej\u00e9ben kapnak konzult\u00e1ci\u00f3s lehet\u0151s\u00e9get. A saj\u00e1t kutat\u00e1s el\u0151vizsg\u00e1lat szint\u0171, teh\u00e1t olyan eredm\u00e9nyeket v\u00e1runk, amik alapj\u00e1n tervezhet\u0151 lehet egy val\u00f3di kutat\u00e1s.\u00a0<\/p><\/p>","protected":false},"excerpt":{"rendered":"<p>tant\u00e1rgyfelel\u0151s: Dr. Kis J\u00e1nos Az etol\u00f3gia t\u00e1rgy gyakorlatak\u00e9nt, a viselked\u00e9sbiol\u00f3gia modult v\u00e1laszt\u00f3knak k\u00f6telez\u0151en ker\u00fcl sor az Etol\u00f3gia gyakorlatra. A viselked\u00e9s-biol\u00f3gia modul r\u00e9szek\u00e9nt a hallgat\u00f3k elsaj\u00e1t\u00edtj\u00e1k a viselked\u00e9s vizsg\u00e1latok alapvet\u0151 metodik\u00e1j\u00e1t. A viselked\u00e9s elemekre bont\u00e1sa, mintav\u00e9tel a viselked\u00e9sb\u0151l, az id\u0151b\u0151l, az egyedekb\u0151l. Esem\u00e9nyrekorder haszn\u00e1lata, az adatok feldolgoz\u00e1sa. N\u00e9h\u00e1ny el\u0151ad\u00e1sban foglalkozunk az etol\u00f3giai vizsg\u00e1latok saj\u00e1toss\u00e1gaival: k\u00e9rd\u00e9sek, hipot\u00e9zis<\/p>\n","protected":false},"author":3837,"featured_media":0,"parent":677,"menu_order":164,"comment_status":"closed","ping_status":"closed","template":"","meta":{"_acf_changed":false,"footnotes":""},"categories":[],"tags":[],"class_list":["post-10788","page","type-page","status-publish","hentry"],"acf":[],"_links":{"self":[{"href":"https:\/\/univet.hu\/hu\/wp-json\/wp\/v2\/pages\/10788","targetHints":{"allow":["GET"]}}],"collection":[{"href":"https:\/\/univet.hu\/hu\/wp-json\/wp\/v2\/pages"}],"about":[{"href":"https:\/\/univet.hu\/hu\/wp-json\/wp\/v2\/types\/page"}],"author":[{"embeddable":true,"href":"https:\/\/univet.hu\/hu\/wp-json\/wp\/v2\/users\/3837"}],"replies":[{"embeddable":true,"href":"https:\/\/univet.hu\/hu\/wp-json\/wp\/v2\/comments?post=10788"}],"version-history":[{"count":0,"href":"https:\/\/univet.hu\/hu\/wp-json\/wp\/v2\/pages\/10788\/revisions"}],"up":[{"embeddable":true,"href":"https:\/\/univet.hu\/hu\/wp-json\/wp\/v2\/pages\/677"}],"wp:attachment":[{"href":"https:\/\/univet.hu\/hu\/wp-json\/wp\/v2\/media?parent=10788"}],"wp:term":[{"taxonomy":"category","embeddable":true,"href":"https:\/\/univet.hu\/hu\/wp-json\/wp\/v2\/categories?post=10788"},{"taxonomy":"post_tag","embeddable":true,"href":"https:\/\/univet.hu\/hu\/wp-json\/wp\/v2\/tags?post=10788"}],"curies":[{"name":"wp","href":"https:\/\/api.w.org\/{rel}","templated":true}]}}