{"id":10791,"date":"1970-01-01T00:00:00","date_gmt":"1969-12-31T23:00:00","guid":{"rendered":"http:\/\/univet.hu\/oktatas\/kurzusok\/evoluciobiologia-biologus-msc\/"},"modified":"2019-06-29T16:11:02","modified_gmt":"2019-06-29T14:11:02","slug":"evoluciobiologia-biologus-msc","status":"publish","type":"page","link":"https:\/\/univet.hu\/hu\/oktatas\/kurzusok\/evoluciobiologia-biologus-msc\/","title":{"rendered":"Evol\u00faci\u00f3biol\u00f3gia &#8211; biol\u00f3gus MSc"},"content":{"rendered":"<p>Tant\u00e1rgyfelel\u0151s: Dr. K\u00f6v\u00e9r Szilvia<\/p> <p>Az el\u0151ad\u00e1sokon a Popul\u00e1ci\u00f3genetika \u00e9s evol\u00faci\u00f3biol\u00f3gia t\u00e1rgy ismeret\u00e9re \u00e9p\u00fclve r\u00e9szletesen t\u00e1rgyaljuk az evol\u00faci\u00f3s folyamatok meg\u00e9rt\u00e9s\u00e9hez sz\u00fcks\u00e9ges fogalmakat \u00e9s modelleket.<\/p> <p>Gondolati vez\u00e9rfonalunk a genetikai sokf\u00e9les\u00e9g eredete \u00e9s fenntart\u00e1sa.<\/p> <p>El\u0151ad\u00e1sok anyaga, k\u00e9pletgy\u0171jtem\u00e9ny: <a href=\"https:\/\/univet.hu\/\">www.univet.hu<\/a><\/p> <p>FUTUYMA, D. J.: Evolution<\/p> <p>Sinauer Associates, Sunderland, 2009, k\u00f6nyvt\u00e1rban olvashat\u00f3<\/p>","protected":false},"excerpt":{"rendered":"<p>Tant\u00e1rgyfelel\u0151s: Dr. K\u00f6v\u00e9r Szilvia Az el\u0151ad\u00e1sokon a Popul\u00e1ci\u00f3genetika \u00e9s evol\u00faci\u00f3biol\u00f3gia t\u00e1rgy ismeret\u00e9re \u00e9p\u00fclve r\u00e9szletesen t\u00e1rgyaljuk az evol\u00faci\u00f3s folyamatok meg\u00e9rt\u00e9s\u00e9hez sz\u00fcks\u00e9ges fogalmakat \u00e9s modelleket. Gondolati vez\u00e9rfonalunk a genetikai sokf\u00e9les\u00e9g eredete \u00e9s fenntart\u00e1sa. El\u0151ad\u00e1sok anyaga, k\u00e9pletgy\u0171jtem\u00e9ny: www.univet.hu FUTUYMA, D. J.: Evolution Sinauer Associates, Sunderland, 2009, k\u00f6nyvt\u00e1rban olvashat\u00f3<\/p>\n","protected":false},"author":3837,"featured_media":0,"parent":677,"menu_order":164,"comment_status":"closed","ping_status":"closed","template":"","meta":{"_acf_changed":false,"footnotes":""},"categories":[],"tags":[],"class_list":["post-10791","page","type-page","status-publish","hentry"],"acf":[],"_links":{"self":[{"href":"https:\/\/univet.hu\/hu\/wp-json\/wp\/v2\/pages\/10791","targetHints":{"allow":["GET"]}}],"collection":[{"href":"https:\/\/univet.hu\/hu\/wp-json\/wp\/v2\/pages"}],"about":[{"href":"https:\/\/univet.hu\/hu\/wp-json\/wp\/v2\/types\/page"}],"author":[{"embeddable":true,"href":"https:\/\/univet.hu\/hu\/wp-json\/wp\/v2\/users\/3837"}],"replies":[{"embeddable":true,"href":"https:\/\/univet.hu\/hu\/wp-json\/wp\/v2\/comments?post=10791"}],"version-history":[{"count":0,"href":"https:\/\/univet.hu\/hu\/wp-json\/wp\/v2\/pages\/10791\/revisions"}],"up":[{"embeddable":true,"href":"https:\/\/univet.hu\/hu\/wp-json\/wp\/v2\/pages\/677"}],"wp:attachment":[{"href":"https:\/\/univet.hu\/hu\/wp-json\/wp\/v2\/media?parent=10791"}],"wp:term":[{"taxonomy":"category","embeddable":true,"href":"https:\/\/univet.hu\/hu\/wp-json\/wp\/v2\/categories?post=10791"},{"taxonomy":"post_tag","embeddable":true,"href":"https:\/\/univet.hu\/hu\/wp-json\/wp\/v2\/tags?post=10791"}],"curies":[{"name":"wp","href":"https:\/\/api.w.org\/{rel}","templated":true}]}}