{"id":10792,"date":"1970-01-01T00:00:00","date_gmt":"1969-12-31T23:00:00","guid":{"rendered":"http:\/\/univet.hu\/oktatas\/kurzusok\/evolucios-osszehasonlito-modszerek-biologus-msc\/"},"modified":"2018-09-07T15:37:15","modified_gmt":"2018-09-07T13:37:15","slug":"evolucios-osszehasonlito-modszerek-biologus-msc","status":"publish","type":"page","link":"https:\/\/univet.hu\/hu\/oktatas\/kurzusok\/evolucios-osszehasonlito-modszerek-biologus-msc\/","title":{"rendered":"Evol\u00faci\u00f3s \u00f6sszehasonl\u00edt\u00f3 m\u00f3dszerek &#8211; biol\u00f3gus MSc"},"content":{"rendered":"<p>A kurzus ismerteti a filogenetikai t&ouml;rzsf&aacute;k k&eacute;sz&iacute;t&eacute;s&eacute;nek l&eacute;p&eacute;seit (genetikai adatb&aacute;zisok haszn&aacute;lata, szekvenci&aacute;k &ouml;sszerendez&eacute;se, t&ouml;rzsfa-rekonstrukci&oacute; l&eacute;p&eacute;sei) &eacute;s a fajok, popul&aacute;ci&oacute;k k&uuml;l&ouml;nb&ouml;z\u0151 kontrollokkal (filogenetikai kontrasztok, illetve legkisebb n&eacute;gyzetek) t&ouml;rt&eacute;n\u0151 &ouml;sszehasonl&iacute;t&aacute;s&aacute;nak m&oacute;dszer&eacute;t. E m&oacute;dszerek elengedhetetlenek a korrekt evol&uacute;ci&oacute;s komparat&iacute;v vizsg&aacute;latokhoz.<\/p> <p>Aj&aacute;nlott irodalom:<\/p> <p>Schrott Anik&oacute; &#8211; Kabai P&eacute;ter: Phylogenetic trees and evolutionary comparison &ndash; webjegyzet<\/p> <p>P.H. Harvey &eacute;s M.D. Pagel: The comparative method in evolutionary biology. Oxford 1998.<\/p> <p>P. Lemey, M. Salemi &eacute;s A. Vandamme: The phylogenetic handbook. Cambridge 2009.<\/p>","protected":false},"excerpt":{"rendered":"<p>A kurzus ismerteti a filogenetikai t&ouml;rzsf&aacute;k k&eacute;sz&iacute;t&eacute;s&eacute;nek l&eacute;p&eacute;seit (genetikai adatb&aacute;zisok haszn&aacute;lata, szekvenci&aacute;k &ouml;sszerendez&eacute;se, t&ouml;rzsfa-rekonstrukci&oacute; l&eacute;p&eacute;sei) &eacute;s a fajok, popul&aacute;ci&oacute;k k&uuml;l&ouml;nb&ouml;z\u0151 kontrollokkal (filogenetikai kontrasztok, illetve legkisebb n&eacute;gyzetek) t&ouml;rt&eacute;n\u0151 &ouml;sszehasonl&iacute;t&aacute;s&aacute;nak m&oacute;dszer&eacute;t. E m&oacute;dszerek elengedhetetlenek a korrekt evol&uacute;ci&oacute;s komparat&iacute;v vizsg&aacute;latokhoz. Aj&aacute;nlott irodalom: Schrott Anik&oacute; &#8211; Kabai P&eacute;ter: Phylogenetic trees and evolutionary comparison &ndash; webjegyzet P.H. Harvey &eacute;s M.D.<\/p>\n","protected":false},"author":3837,"featured_media":0,"parent":677,"menu_order":164,"comment_status":"closed","ping_status":"closed","template":"","meta":{"_acf_changed":false,"footnotes":""},"categories":[],"tags":[],"class_list":["post-10792","page","type-page","status-publish","hentry"],"acf":[],"_links":{"self":[{"href":"https:\/\/univet.hu\/hu\/wp-json\/wp\/v2\/pages\/10792","targetHints":{"allow":["GET"]}}],"collection":[{"href":"https:\/\/univet.hu\/hu\/wp-json\/wp\/v2\/pages"}],"about":[{"href":"https:\/\/univet.hu\/hu\/wp-json\/wp\/v2\/types\/page"}],"author":[{"embeddable":true,"href":"https:\/\/univet.hu\/hu\/wp-json\/wp\/v2\/users\/3837"}],"replies":[{"embeddable":true,"href":"https:\/\/univet.hu\/hu\/wp-json\/wp\/v2\/comments?post=10792"}],"version-history":[{"count":0,"href":"https:\/\/univet.hu\/hu\/wp-json\/wp\/v2\/pages\/10792\/revisions"}],"up":[{"embeddable":true,"href":"https:\/\/univet.hu\/hu\/wp-json\/wp\/v2\/pages\/677"}],"wp:attachment":[{"href":"https:\/\/univet.hu\/hu\/wp-json\/wp\/v2\/media?parent=10792"}],"wp:term":[{"taxonomy":"category","embeddable":true,"href":"https:\/\/univet.hu\/hu\/wp-json\/wp\/v2\/categories?post=10792"},{"taxonomy":"post_tag","embeddable":true,"href":"https:\/\/univet.hu\/hu\/wp-json\/wp\/v2\/tags?post=10792"}],"curies":[{"name":"wp","href":"https:\/\/api.w.org\/{rel}","templated":true}]}}