{"id":10793,"date":"1970-01-01T00:00:00","date_gmt":"1969-12-31T23:00:00","guid":{"rendered":"http:\/\/univet.hu\/oktatas\/kurzusok\/excel-felsofokon\/"},"modified":"2024-10-15T10:21:20","modified_gmt":"2024-10-15T08:21:20","slug":"excel-felsofokon","status":"publish","type":"page","link":"https:\/\/univet.hu\/hu\/oktatas\/kurzusok\/excel-felsofokon\/","title":{"rendered":"Az Excel t\u00e1bl\u00e1zatkezel\u0151 haszn\u00e1lata fels\u0151 fokon (PhD)"},"content":{"rendered":"<p>A kurzus sor\u00e1n \u00e1ttekintj\u00fck az Excel funkci\u00f3inak nagy r\u00e9sz\u00e9t. A k\u00f6zismert funkci\u00f3k eset\u00e9n is megismerked\u00fcnk azok r\u00e9szteles be\u00e1ll\u00edt\u00e1saival \u00e9s haszn\u00e1lat\u00e1val. \u00c1tn\u00e9zz\u00fck a fejleszt\u0151eszk\u00f6z\u00f6k k\u00f6z\u00fcl azokat, amelyek seg\u00edts\u00e9g\u00e9vel l\u00e1tv\u00e1nyos dashboardok k\u00e9sz\u00edthet\u0151k, \u00e9s megismerked\u00fcnk a makroprogramoz\u00e1s alapjaival is<\/p> <p>&nbsp;<\/p>","protected":false},"excerpt":{"rendered":"<p>A kurzus sor\u00e1n \u00e1ttekintj\u00fck az Excel funkci\u00f3inak nagy r\u00e9sz\u00e9t. A k\u00f6zismert funkci\u00f3k eset\u00e9n is megismerked\u00fcnk azok r\u00e9szteles be\u00e1ll\u00edt\u00e1saival \u00e9s haszn\u00e1lat\u00e1val. \u00c1tn\u00e9zz\u00fck a fejleszt\u0151eszk\u00f6z\u00f6k k\u00f6z\u00fcl azokat, amelyek seg\u00edts\u00e9g\u00e9vel l\u00e1tv\u00e1nyos dashboardok k\u00e9sz\u00edthet\u0151k, \u00e9s megismerked\u00fcnk a makroprogramoz\u00e1s alapjaival is &nbsp;<\/p>\n","protected":false},"author":3837,"featured_media":0,"parent":677,"menu_order":164,"comment_status":"closed","ping_status":"closed","template":"","meta":{"_acf_changed":false,"footnotes":""},"categories":[],"tags":[],"class_list":["post-10793","page","type-page","status-publish","hentry"],"acf":[],"_links":{"self":[{"href":"https:\/\/univet.hu\/hu\/wp-json\/wp\/v2\/pages\/10793","targetHints":{"allow":["GET"]}}],"collection":[{"href":"https:\/\/univet.hu\/hu\/wp-json\/wp\/v2\/pages"}],"about":[{"href":"https:\/\/univet.hu\/hu\/wp-json\/wp\/v2\/types\/page"}],"author":[{"embeddable":true,"href":"https:\/\/univet.hu\/hu\/wp-json\/wp\/v2\/users\/3837"}],"replies":[{"embeddable":true,"href":"https:\/\/univet.hu\/hu\/wp-json\/wp\/v2\/comments?post=10793"}],"version-history":[{"count":0,"href":"https:\/\/univet.hu\/hu\/wp-json\/wp\/v2\/pages\/10793\/revisions"}],"up":[{"embeddable":true,"href":"https:\/\/univet.hu\/hu\/wp-json\/wp\/v2\/pages\/677"}],"wp:attachment":[{"href":"https:\/\/univet.hu\/hu\/wp-json\/wp\/v2\/media?parent=10793"}],"wp:term":[{"taxonomy":"category","embeddable":true,"href":"https:\/\/univet.hu\/hu\/wp-json\/wp\/v2\/categories?post=10793"},{"taxonomy":"post_tag","embeddable":true,"href":"https:\/\/univet.hu\/hu\/wp-json\/wp\/v2\/tags?post=10793"}],"curies":[{"name":"wp","href":"https:\/\/api.w.org\/{rel}","templated":true}]}}