{"id":10795,"date":"1970-01-01T00:00:00","date_gmt":"1969-12-31T23:00:00","guid":{"rendered":"http:\/\/univet.hu\/oktatas\/kurzusok\/fakultativ-francia\/"},"modified":"2019-03-27T16:21:18","modified_gmt":"2019-03-27T15:21:18","slug":"fakultativ-francia","status":"publish","type":"page","link":"https:\/\/univet.hu\/hu\/oktatas\/kurzusok\/fakultativ-francia\/","title":{"rendered":"Fakultat\u00edv francia"},"content":{"rendered":"<p>A csoportbeoszt\u00e1s a hallgat\u00f3k nyelvi szintj\u00e9nek felm\u00e9r\u00e9se alapj\u00e1n t\u00f6rt\u00e9nik.<\/p> <p>A tant\u00e1rgy c\u00e9lja a megszerzett nyelvi tud\u00e1s szintj\u00e9nek meg\u0151rz\u00e9se ill. tov\u00e1bbfejleszt\u00e9se.<\/p>","protected":false},"excerpt":{"rendered":"<p>A csoportbeoszt\u00e1s a hallgat\u00f3k nyelvi szintj\u00e9nek felm\u00e9r\u00e9se alapj\u00e1n t\u00f6rt\u00e9nik. A tant\u00e1rgy c\u00e9lja a megszerzett nyelvi tud\u00e1s szintj\u00e9nek meg\u0151rz\u00e9se ill. tov\u00e1bbfejleszt\u00e9se.<\/p>\n","protected":false},"author":3837,"featured_media":0,"parent":677,"menu_order":164,"comment_status":"closed","ping_status":"closed","template":"","meta":{"_acf_changed":false,"footnotes":""},"categories":[],"tags":[],"class_list":["post-10795","page","type-page","status-publish","hentry"],"acf":[],"_links":{"self":[{"href":"https:\/\/univet.hu\/hu\/wp-json\/wp\/v2\/pages\/10795","targetHints":{"allow":["GET"]}}],"collection":[{"href":"https:\/\/univet.hu\/hu\/wp-json\/wp\/v2\/pages"}],"about":[{"href":"https:\/\/univet.hu\/hu\/wp-json\/wp\/v2\/types\/page"}],"author":[{"embeddable":true,"href":"https:\/\/univet.hu\/hu\/wp-json\/wp\/v2\/users\/3837"}],"replies":[{"embeddable":true,"href":"https:\/\/univet.hu\/hu\/wp-json\/wp\/v2\/comments?post=10795"}],"version-history":[{"count":0,"href":"https:\/\/univet.hu\/hu\/wp-json\/wp\/v2\/pages\/10795\/revisions"}],"up":[{"embeddable":true,"href":"https:\/\/univet.hu\/hu\/wp-json\/wp\/v2\/pages\/677"}],"wp:attachment":[{"href":"https:\/\/univet.hu\/hu\/wp-json\/wp\/v2\/media?parent=10795"}],"wp:term":[{"taxonomy":"category","embeddable":true,"href":"https:\/\/univet.hu\/hu\/wp-json\/wp\/v2\/categories?post=10795"},{"taxonomy":"post_tag","embeddable":true,"href":"https:\/\/univet.hu\/hu\/wp-json\/wp\/v2\/tags?post=10795"}],"curies":[{"name":"wp","href":"https:\/\/api.w.org\/{rel}","templated":true}]}}