{"id":10798,"date":"1970-01-01T00:00:00","date_gmt":"1969-12-31T23:00:00","guid":{"rendered":"http:\/\/univet.hu\/oktatas\/kurzusok\/fakultativ-spanyol\/"},"modified":"2022-11-25T09:24:44","modified_gmt":"2022-11-25T08:24:44","slug":"fakultativ-spanyol","status":"publish","type":"page","link":"https:\/\/univet.hu\/hu\/oktatas\/kurzusok\/fakultativ-spanyol\/","title":{"rendered":"Fakultat\u00edv spanyol"},"content":{"rendered":"<p>Az \u00e1ltal\u00e1nos nyelvi kurzus c\u00e9lja az alapvet\u0151 sz\u00f3kincs \u00e9s nyelvtan ism\u00e9tl\u00e9se valamint olyan \u00faj t\u00e9m\u00e1k feldolgoz\u00e1sa mint a zene, izl\u00e9sek, csal\u00e1d, mindennapi tev\u00e9kenys\u00e9gek,\u00e1llatok,v\u00e1rosok,rendel\u00e9s egy b\u00e1rban.<\/p>","protected":false},"excerpt":{"rendered":"<p>Az \u00e1ltal\u00e1nos nyelvi kurzus c\u00e9lja az alapvet\u0151 sz\u00f3kincs \u00e9s nyelvtan ism\u00e9tl\u00e9se valamint olyan \u00faj t\u00e9m\u00e1k feldolgoz\u00e1sa mint a zene, izl\u00e9sek, csal\u00e1d, mindennapi tev\u00e9kenys\u00e9gek,\u00e1llatok,v\u00e1rosok,rendel\u00e9s egy b\u00e1rban.<\/p>\n","protected":false},"author":3837,"featured_media":0,"parent":677,"menu_order":164,"comment_status":"closed","ping_status":"closed","template":"","meta":{"_acf_changed":false,"footnotes":""},"categories":[],"tags":[],"class_list":["post-10798","page","type-page","status-publish","hentry"],"acf":[],"_links":{"self":[{"href":"https:\/\/univet.hu\/hu\/wp-json\/wp\/v2\/pages\/10798","targetHints":{"allow":["GET"]}}],"collection":[{"href":"https:\/\/univet.hu\/hu\/wp-json\/wp\/v2\/pages"}],"about":[{"href":"https:\/\/univet.hu\/hu\/wp-json\/wp\/v2\/types\/page"}],"author":[{"embeddable":true,"href":"https:\/\/univet.hu\/hu\/wp-json\/wp\/v2\/users\/3837"}],"replies":[{"embeddable":true,"href":"https:\/\/univet.hu\/hu\/wp-json\/wp\/v2\/comments?post=10798"}],"version-history":[{"count":0,"href":"https:\/\/univet.hu\/hu\/wp-json\/wp\/v2\/pages\/10798\/revisions"}],"up":[{"embeddable":true,"href":"https:\/\/univet.hu\/hu\/wp-json\/wp\/v2\/pages\/677"}],"wp:attachment":[{"href":"https:\/\/univet.hu\/hu\/wp-json\/wp\/v2\/media?parent=10798"}],"wp:term":[{"taxonomy":"category","embeddable":true,"href":"https:\/\/univet.hu\/hu\/wp-json\/wp\/v2\/categories?post=10798"},{"taxonomy":"post_tag","embeddable":true,"href":"https:\/\/univet.hu\/hu\/wp-json\/wp\/v2\/tags?post=10798"}],"curies":[{"name":"wp","href":"https:\/\/api.w.org\/{rel}","templated":true}]}}