{"id":10803,"date":"1970-01-01T00:00:00","date_gmt":"1969-12-31T23:00:00","guid":{"rendered":"http:\/\/univet.hu\/oktatas\/kurzusok\/fejezetek-a-patobiokemia-targykorebol\/"},"modified":"2024-08-28T14:44:06","modified_gmt":"2024-08-28T12:44:06","slug":"fejezetek-a-patobiokemia-targykorebol-2","status":"publish","type":"page","link":"https:\/\/univet.hu\/hu\/oktatas\/kurzusok\/fejezetek-a-patobiokemia-targykorebol-2\/","title":{"rendered":"Fejezetek a patobiok\u00e9mia t\u00e1rgyk\u00f6r\u00e9b\u0151l"},"content":{"rendered":"<p><strong>2024\/2025. tan\u00e9v I. (\u0151szi) f\u00e9l\u00e9v<\/strong><\/p> <p><strong>Tant\u00e1rgy t\u00edpusa, kredit\u00e9rt\u00e9k<\/strong>: B, 2 kredit<\/p> <p><strong>Id\u0151pont: <\/strong>cs\u00fct\u00f6rt\u00f6k, 16:15 \u2013 17:45<\/p> <p><strong>Helysz\u00edn: <\/strong>TEAMS online<\/p> <p><strong>Jelentkez\u00e9s<\/strong>: csak a NEPTUN rendszeren kereszt\u00fcl<\/p> <p><strong>Vizsga<\/strong>: online<\/p> <p><strong>A tant\u00e1rgy c\u00e9lja<\/strong>: az anyagcsere-folyamatok zavarainak \u00e9s a h\u00e1zi\u00e1llatok legf\u0151bb anyagforgalmi eredet\u0171 betegs\u00e9geinek a bemutat\u00e1sa.<\/p>","protected":false},"excerpt":{"rendered":"<p>2024\/2025. tan\u00e9v I. (\u0151szi) f\u00e9l\u00e9v Tant\u00e1rgy t\u00edpusa, kredit\u00e9rt\u00e9k: B, 2 kredit Id\u0151pont: cs\u00fct\u00f6rt\u00f6k, 16:15 \u2013 17:45 Helysz\u00edn: TEAMS online Jelentkez\u00e9s: csak a NEPTUN rendszeren kereszt\u00fcl Vizsga: online A tant\u00e1rgy c\u00e9lja: az anyagcsere-folyamatok zavarainak \u00e9s a h\u00e1zi\u00e1llatok legf\u0151bb anyagforgalmi eredet\u0171 betegs\u00e9geinek a bemutat\u00e1sa.<\/p>\n","protected":false},"author":3837,"featured_media":0,"parent":677,"menu_order":164,"comment_status":"closed","ping_status":"closed","template":"","meta":{"_acf_changed":false,"footnotes":""},"categories":[],"tags":[],"class_list":["post-10803","page","type-page","status-publish","hentry"],"acf":[],"_links":{"self":[{"href":"https:\/\/univet.hu\/hu\/wp-json\/wp\/v2\/pages\/10803","targetHints":{"allow":["GET"]}}],"collection":[{"href":"https:\/\/univet.hu\/hu\/wp-json\/wp\/v2\/pages"}],"about":[{"href":"https:\/\/univet.hu\/hu\/wp-json\/wp\/v2\/types\/page"}],"author":[{"embeddable":true,"href":"https:\/\/univet.hu\/hu\/wp-json\/wp\/v2\/users\/3837"}],"replies":[{"embeddable":true,"href":"https:\/\/univet.hu\/hu\/wp-json\/wp\/v2\/comments?post=10803"}],"version-history":[{"count":0,"href":"https:\/\/univet.hu\/hu\/wp-json\/wp\/v2\/pages\/10803\/revisions"}],"up":[{"embeddable":true,"href":"https:\/\/univet.hu\/hu\/wp-json\/wp\/v2\/pages\/677"}],"wp:attachment":[{"href":"https:\/\/univet.hu\/hu\/wp-json\/wp\/v2\/media?parent=10803"}],"wp:term":[{"taxonomy":"category","embeddable":true,"href":"https:\/\/univet.hu\/hu\/wp-json\/wp\/v2\/categories?post=10803"},{"taxonomy":"post_tag","embeddable":true,"href":"https:\/\/univet.hu\/hu\/wp-json\/wp\/v2\/tags?post=10803"}],"curies":[{"name":"wp","href":"https:\/\/api.w.org\/{rel}","templated":true}]}}