{"id":10805,"date":"1970-01-01T00:00:00","date_gmt":"1969-12-31T23:00:00","guid":{"rendered":"http:\/\/univet.hu\/oktatas\/kurzusok\/foldtudomanyok-biologia-bsc\/"},"modified":"2018-09-07T15:37:25","modified_gmt":"2018-09-07T13:37:25","slug":"foldtudomanyok-biologia-bsc","status":"publish","type":"page","link":"https:\/\/univet.hu\/hu\/oktatas\/kurzusok\/foldtudomanyok-biologia-bsc\/","title":{"rendered":"F\u00f6ldtudom\u00e1nyok &#8211; biol\u00f3gia BSc"},"content":{"rendered":"<p>&#8211; A F\u00f6ld, \u00e9s az azt alkot\u00f3 k\u0151zetek szerkezet\u00e9nek, kialakul\u00e1s\u00e1nak \u00e9s jelent\u0151s\u00e9g\u00e9nek ismertet\u00e9se a bioszf\u00e9ra szempontj\u00e1b\u00f3l.<br \/>&#8211; A talajk\u00e9pz\u0151d\u00e9s folyamatai, f\u0151bb talajt\u00edpusok \u00e9s talajv\u00e9delem. <\/p> <p>A tant\u00e1rgy keret\u00e9ben t\u00e1rgyaljuk a F\u00f6ld szerkezet\u00e9nek, felsz\u00edn\u00e9nek v\u00e1ltoz\u00e1sait a keletkez\u00e9st\u0151l napjainkig. Bevezet\u00e9sk\u00e9nt foglalkozunk a F\u00f6ld kialakul\u00e1s\u00e1nak k\u00f6r\u00fclm\u00e9nyeivel, majd megismerj\u00fck a kontinensv\u00e1ndorl\u00e1s, lemeztektonika, a hegys\u00e9gk\u00e9pz\u0151d\u00e9s, a magmatizmus \u00e9s a vulkanizmus f\u0151 folyamatait. A f\u0151 k\u0151zetalkot\u00f3 \u00e1sv\u00e1nyok ismertet\u00e9s\u00e9t k\u00f6vet\u0151en t\u00e1rgyaljuk a f\u0151 k\u0151zett\u00edpusokat kialakul\u00e1suk szerint, majd az egyes kateg\u00f3ri\u00e1khoz tartoz\u00f3 jelent\u0151sebb k\u0151zetfajt\u00e1kat. K\u00fcl\u00f6n foglalkozunk a fosszilis \u00e1sv\u00e1nyok kialakul\u00e1s\u00e1val, t\u00edpusaival \u00e9s jelent\u0151s\u00e9g\u00e9vel. Az \u00e1sv\u00e1ny &#8211; \u00e9s k\u0151zettani fejezet z\u00e1r\u00e1sak\u00e9nt a K\u00e1rp\u00e1t-medence kialakul\u00e1s\u00e1val \u00e9s geol\u00f3giai jellemz\u00e9s\u00e9vel foglalkozunk. A f\u00e9l\u00e9v m\u00e1sodik fel\u00e9ben megismerj\u00fck a f\u0151bb talajk\u00e9pz\u0151d\u00e9si folyamatokat \u00e9s t\u00e1rgyaljuk a talajok fizikai \u00e9s k\u00e9miai tulajdons\u00e1gait. Ismertetj\u00fck a F\u00f6ld zon\u00e1lis talajait \u00e9s haz\u00e1nk f\u0151bb talajt\u00edpusait. Z\u00e1r\u00e1sk\u00e9nt a talajv\u00e9delem jelent\u0151s\u00e9g\u00e9r\u0151l \u00e9s aktu\u00e1lis probl\u00e9m\u00e1ir\u00f3l besz\u00e9l\u00fcnk.<\/p> <p>K\u00f6telez\u0151 irodalom:<\/p> <p>Mich\u00e9li \u2013 Simon \u2013 Szegi \u2013 Stefanovits: Talajtani alapismeretek. SZIE, 2006.<\/p> <p>Aj\u00e1nlott:<\/p> <p>Stefanovits \u2013 Filep \u2013 F\u00fcleky: Talajtan. Mez\u0151gazda Kiad\u00f3, 1999.<\/p><\/p>","protected":false},"excerpt":{"rendered":"<p>&#8211; A F\u00f6ld, \u00e9s az azt alkot\u00f3 k\u0151zetek szerkezet\u00e9nek, kialakul\u00e1s\u00e1nak \u00e9s jelent\u0151s\u00e9g\u00e9nek ismertet\u00e9se a bioszf\u00e9ra szempontj\u00e1b\u00f3l.&#8211; A talajk\u00e9pz\u0151d\u00e9s folyamatai, f\u0151bb talajt\u00edpusok \u00e9s talajv\u00e9delem. A tant\u00e1rgy keret\u00e9ben t\u00e1rgyaljuk a F\u00f6ld szerkezet\u00e9nek, felsz\u00edn\u00e9nek v\u00e1ltoz\u00e1sait a keletkez\u00e9st\u0151l napjainkig. Bevezet\u00e9sk\u00e9nt foglalkozunk a F\u00f6ld kialakul\u00e1s\u00e1nak k\u00f6r\u00fclm\u00e9nyeivel, majd megismerj\u00fck a kontinensv\u00e1ndorl\u00e1s, lemeztektonika, a hegys\u00e9gk\u00e9pz\u0151d\u00e9s, a magmatizmus \u00e9s a vulkanizmus f\u0151 folyamatait.<\/p>\n","protected":false},"author":3837,"featured_media":0,"parent":677,"menu_order":164,"comment_status":"closed","ping_status":"closed","template":"","meta":{"_acf_changed":false,"footnotes":""},"categories":[],"tags":[],"class_list":["post-10805","page","type-page","status-publish","hentry"],"acf":[],"_links":{"self":[{"href":"https:\/\/univet.hu\/hu\/wp-json\/wp\/v2\/pages\/10805","targetHints":{"allow":["GET"]}}],"collection":[{"href":"https:\/\/univet.hu\/hu\/wp-json\/wp\/v2\/pages"}],"about":[{"href":"https:\/\/univet.hu\/hu\/wp-json\/wp\/v2\/types\/page"}],"author":[{"embeddable":true,"href":"https:\/\/univet.hu\/hu\/wp-json\/wp\/v2\/users\/3837"}],"replies":[{"embeddable":true,"href":"https:\/\/univet.hu\/hu\/wp-json\/wp\/v2\/comments?post=10805"}],"version-history":[{"count":0,"href":"https:\/\/univet.hu\/hu\/wp-json\/wp\/v2\/pages\/10805\/revisions"}],"up":[{"embeddable":true,"href":"https:\/\/univet.hu\/hu\/wp-json\/wp\/v2\/pages\/677"}],"wp:attachment":[{"href":"https:\/\/univet.hu\/hu\/wp-json\/wp\/v2\/media?parent=10805"}],"wp:term":[{"taxonomy":"category","embeddable":true,"href":"https:\/\/univet.hu\/hu\/wp-json\/wp\/v2\/categories?post=10805"},{"taxonomy":"post_tag","embeddable":true,"href":"https:\/\/univet.hu\/hu\/wp-json\/wp\/v2\/tags?post=10805"}],"curies":[{"name":"wp","href":"https:\/\/api.w.org\/{rel}","templated":true}]}}