{"id":10807,"date":"1970-01-01T00:00:00","date_gmt":"1969-12-31T23:00:00","guid":{"rendered":"http:\/\/univet.hu\/oktatas\/kurzusok\/funkcionalis-novenyokologia-biologus-msc\/"},"modified":"2018-09-07T15:37:27","modified_gmt":"2018-09-07T13:37:27","slug":"funkcionalis-novenyokologia-biologus-msc","status":"publish","type":"page","link":"https:\/\/univet.hu\/hu\/oktatas\/kurzusok\/funkcionalis-novenyokologia-biologus-msc\/","title":{"rendered":"Funkcion\u00e1lis n\u00f6v\u00e9ny\u00f6kol\u00f3gia &#8211; biol\u00f3gus MSc"},"content":{"rendered":"<p>N\u00f6v\u00e9ny\u00f6kol\u00f3giai \u00e9s n\u00f6v\u00e9ny\u00f6kofiziol\u00f3giai fogalmak \u00e9s folyamatok al\u00e1bbi t\u00e1rgyk\u00f6reinek oktat\u00e1sa illetve modellekben t\u00f6rt\u00e9n\u0151 alkalmaz\u00e1suk. N\u00f6v\u00e9nyi popul\u00e1ci\u00f3k k\u00f6z\u00f6tti interakci\u00f3k. Degrad\u00e1ci\u00f3 \u00e9s diszturbancia. Kompet\u00edci\u00f3, a forr\u00e1sok megszerz\u00e9se \u00e9s hasznos\u00edt\u00e1sa. A n\u00f6v\u00e9ny\u00f6kofiziol\u00f3giai folyamatok \u00e9s a k\u00f6rnyezeti t\u00e9nyez\u0151k kapcsolatai: a sug\u00e1rz\u00e1s, h\u0151m\u00e9rs\u00e9klet, v\u00edz, \u00e9ghajlat, l\u00e9gk\u00f6r \u00e9s talaj, mint k\u00f6rnyezeti t\u00e9nyez\u0151k. N\u00f6v\u00e9nyi \u00e1llom\u00e1nyok anyag \u00e9s energiaforgalma. N\u00f6veked\u00e9sanal\u00edzis, n\u00f6v\u00e9nyi produkci\u00f3, az adapt\u00e1ci\u00f3 \u00e9s a tolerancia megnyilv\u00e1nul\u00e1sa. <\/p> <p>K\u00f6telez\u0151 \u00e9s aj\u00e1nlott irodalom:<br \/>Tuba, Z, Szerdahelyi T., Engloner A., Nagy J (2007): Botanika I-III. Nemzeti Tank\u00f6nykiad\u00f3 Budapest.<br \/>Larcher, W. (1995): Physiological Plant Ecology, Springer<br \/>Crawley, M (1989): Plant Ecology, Blackwell<br \/>Chapin FS, Matson PA, Mooney HA (2002): Principles of terrestrial ecosystem ecology. Springer, New York, Berlin, Heidelberg, Barcelona, Hong Kong, London, Mil\u00e1n\u00f3, P\u00e1rizs, Szingap\u00far, Tokyo<\/p> <p><\/p><\/p>","protected":false},"excerpt":{"rendered":"<p>N\u00f6v\u00e9ny\u00f6kol\u00f3giai \u00e9s n\u00f6v\u00e9ny\u00f6kofiziol\u00f3giai fogalmak \u00e9s folyamatok al\u00e1bbi t\u00e1rgyk\u00f6reinek oktat\u00e1sa illetve modellekben t\u00f6rt\u00e9n\u0151 alkalmaz\u00e1suk. N\u00f6v\u00e9nyi popul\u00e1ci\u00f3k k\u00f6z\u00f6tti interakci\u00f3k. Degrad\u00e1ci\u00f3 \u00e9s diszturbancia. Kompet\u00edci\u00f3, a forr\u00e1sok megszerz\u00e9se \u00e9s hasznos\u00edt\u00e1sa. A n\u00f6v\u00e9ny\u00f6kofiziol\u00f3giai folyamatok \u00e9s a k\u00f6rnyezeti t\u00e9nyez\u0151k kapcsolatai: a sug\u00e1rz\u00e1s, h\u0151m\u00e9rs\u00e9klet, v\u00edz, \u00e9ghajlat, l\u00e9gk\u00f6r \u00e9s talaj, mint k\u00f6rnyezeti t\u00e9nyez\u0151k. N\u00f6v\u00e9nyi \u00e1llom\u00e1nyok anyag \u00e9s energiaforgalma. N\u00f6veked\u00e9sanal\u00edzis, n\u00f6v\u00e9nyi produkci\u00f3, az adapt\u00e1ci\u00f3<\/p>\n","protected":false},"author":3837,"featured_media":0,"parent":677,"menu_order":164,"comment_status":"closed","ping_status":"closed","template":"","meta":{"_acf_changed":false,"footnotes":""},"categories":[],"tags":[],"class_list":["post-10807","page","type-page","status-publish","hentry"],"acf":[],"_links":{"self":[{"href":"https:\/\/univet.hu\/hu\/wp-json\/wp\/v2\/pages\/10807","targetHints":{"allow":["GET"]}}],"collection":[{"href":"https:\/\/univet.hu\/hu\/wp-json\/wp\/v2\/pages"}],"about":[{"href":"https:\/\/univet.hu\/hu\/wp-json\/wp\/v2\/types\/page"}],"author":[{"embeddable":true,"href":"https:\/\/univet.hu\/hu\/wp-json\/wp\/v2\/users\/3837"}],"replies":[{"embeddable":true,"href":"https:\/\/univet.hu\/hu\/wp-json\/wp\/v2\/comments?post=10807"}],"version-history":[{"count":0,"href":"https:\/\/univet.hu\/hu\/wp-json\/wp\/v2\/pages\/10807\/revisions"}],"up":[{"embeddable":true,"href":"https:\/\/univet.hu\/hu\/wp-json\/wp\/v2\/pages\/677"}],"wp:attachment":[{"href":"https:\/\/univet.hu\/hu\/wp-json\/wp\/v2\/media?parent=10807"}],"wp:term":[{"taxonomy":"category","embeddable":true,"href":"https:\/\/univet.hu\/hu\/wp-json\/wp\/v2\/categories?post=10807"},{"taxonomy":"post_tag","embeddable":true,"href":"https:\/\/univet.hu\/hu\/wp-json\/wp\/v2\/tags?post=10807"}],"curies":[{"name":"wp","href":"https:\/\/api.w.org\/{rel}","templated":true}]}}