{"id":10809,"date":"1970-01-01T00:00:00","date_gmt":"1969-12-31T23:00:00","guid":{"rendered":"http:\/\/univet.hu\/oktatas\/kurzusok\/genetika-biologia-bsc\/"},"modified":"2018-09-07T15:37:28","modified_gmt":"2018-09-07T13:37:28","slug":"genetika-biologia-bsc","status":"publish","type":"page","link":"https:\/\/univet.hu\/hu\/oktatas\/kurzusok\/genetika-biologia-bsc\/","title":{"rendered":"Genetika &#8211; biol\u00f3gia BSc"},"content":{"rendered":"<p>tant\u00e1rgyfelel\u0151s: Dr. Kiss Erzs\u00e9bet<\/p> <p>A tant\u00e1rgy oktat\u00e1s\u00e1nak c\u00e9lja, hogy ismertesse a n\u00f6v\u00e9nyek, \u00e1llatok \u00e9s mikroorganizmusok m\u0171k\u00f6d\u00e9s\u00e9t (\u00e9letfolyamatait) meghat\u00e1roz\u00f3 genetikai programmal kapcsolatos alapismereteket. Ennek \u00e9rdek\u00e9ben a tant\u00e1rgy a f\u00f6ldi \u00e9let inform\u00e1ci\u00f3j\u00e1b\u00f3l kiindulva mutatja be \u00e9s \u00e9rtelmezi az \u00f6r\u00f6kl\u0151d\u00e9s- \u00e9s v\u00e1ltoz\u00e9konys\u00e1g-, a prokari\u00f3ta \u00e9s eukari\u00f3ta genom jellegzetess\u00e9geit, a genetika mendeli alapt\u00f6rv\u00e9nyeit, a sejtciklus, a r\u00e1k, az egyedfejl\u0151d\u00e9s, az immunrendszer, a szaporod\u00e1s \u00e9s a magatart\u00e1s genetikai alapjait.<\/p> <p>k\u00f6telez\u0151 irodalom: Kiss E. Az el\u0151ad\u00e1sok power point form\u00e1ban \u00f6ssze\u00e1ll\u00edtott anyaga; Heszky L., Galli Zs. (2008) A genetika alapjai. SZIE jegyzet (kijel\u00f6lt fejezetek); Kiss E. (1999) N\u00f6v\u00e9nyi molekul\u00e1ris genetika I. GATE jegyzet (kijel\u00f6lt fejezetek<\/p> <p>aj\u00e1nlott:Weaver, R. F., Hedrick, P. W. (2000): A genetika alapjai. PANEM K\u00f6nyvkiad\u00f3 2000. Budapest. p. 618.<\/p><\/p>","protected":false},"excerpt":{"rendered":"<p>tant\u00e1rgyfelel\u0151s: Dr. Kiss Erzs\u00e9bet A tant\u00e1rgy oktat\u00e1s\u00e1nak c\u00e9lja, hogy ismertesse a n\u00f6v\u00e9nyek, \u00e1llatok \u00e9s mikroorganizmusok m\u0171k\u00f6d\u00e9s\u00e9t (\u00e9letfolyamatait) meghat\u00e1roz\u00f3 genetikai programmal kapcsolatos alapismereteket. Ennek \u00e9rdek\u00e9ben a tant\u00e1rgy a f\u00f6ldi \u00e9let inform\u00e1ci\u00f3j\u00e1b\u00f3l kiindulva mutatja be \u00e9s \u00e9rtelmezi az \u00f6r\u00f6kl\u0151d\u00e9s- \u00e9s v\u00e1ltoz\u00e9konys\u00e1g-, a prokari\u00f3ta \u00e9s eukari\u00f3ta genom jellegzetess\u00e9geit, a genetika mendeli alapt\u00f6rv\u00e9nyeit, a sejtciklus, a r\u00e1k, az egyedfejl\u0151d\u00e9s,<\/p>\n","protected":false},"author":3837,"featured_media":0,"parent":677,"menu_order":164,"comment_status":"closed","ping_status":"closed","template":"","meta":{"_acf_changed":false,"footnotes":""},"categories":[],"tags":[],"class_list":["post-10809","page","type-page","status-publish","hentry"],"acf":[],"_links":{"self":[{"href":"https:\/\/univet.hu\/hu\/wp-json\/wp\/v2\/pages\/10809","targetHints":{"allow":["GET"]}}],"collection":[{"href":"https:\/\/univet.hu\/hu\/wp-json\/wp\/v2\/pages"}],"about":[{"href":"https:\/\/univet.hu\/hu\/wp-json\/wp\/v2\/types\/page"}],"author":[{"embeddable":true,"href":"https:\/\/univet.hu\/hu\/wp-json\/wp\/v2\/users\/3837"}],"replies":[{"embeddable":true,"href":"https:\/\/univet.hu\/hu\/wp-json\/wp\/v2\/comments?post=10809"}],"version-history":[{"count":0,"href":"https:\/\/univet.hu\/hu\/wp-json\/wp\/v2\/pages\/10809\/revisions"}],"up":[{"embeddable":true,"href":"https:\/\/univet.hu\/hu\/wp-json\/wp\/v2\/pages\/677"}],"wp:attachment":[{"href":"https:\/\/univet.hu\/hu\/wp-json\/wp\/v2\/media?parent=10809"}],"wp:term":[{"taxonomy":"category","embeddable":true,"href":"https:\/\/univet.hu\/hu\/wp-json\/wp\/v2\/categories?post=10809"},{"taxonomy":"post_tag","embeddable":true,"href":"https:\/\/univet.hu\/hu\/wp-json\/wp\/v2\/tags?post=10809"}],"curies":[{"name":"wp","href":"https:\/\/api.w.org\/{rel}","templated":true}]}}