{"id":10810,"date":"1970-01-01T00:00:00","date_gmt":"1969-12-31T23:00:00","guid":{"rendered":"http:\/\/univet.hu\/oktatas\/kurzusok\/genetika-es-populaciogenetika-biologus-msc\/"},"modified":"2019-06-29T15:58:04","modified_gmt":"2019-06-29T13:58:04","slug":"genetika-es-populaciogenetika-biologus-msc","status":"publish","type":"page","link":"https:\/\/univet.hu\/hu\/oktatas\/kurzusok\/genetika-es-populaciogenetika-biologus-msc\/","title":{"rendered":"Genetika \u00e9s popul\u00e1ci\u00f3genetika &#8211; biol\u00f3gus MSc"},"content":{"rendered":"<p>tant\u00e1rgyfelel\u0151s: Dr. K\u00f6v\u00e9r Szilvia<\/p> <p>A tant\u00e1rgy oktat\u00e1s\u00e1nak c\u00e9lja az \u00f6r\u00f6kl\u0151d\u00e9s alapjainak, prokari\u00f3ta \u00e9s eukari\u00f3ta genomok szerkezet\u00e9nek, a genomkomponensek jellegzetess\u00e9geinek ismertet\u00e9se. Az alapismereteken fel\u00fcl kit\u00e9r\u00fcnk a fejl\u0151d\u00e9sgenetika, epigenetika, genomi imprinting, \u00f6r\u00f6kl\u00f6tt genetikai betegs\u00e9gek, az \u00f6reged\u00e9s genetik\u00e1ja, jel\u00e1tvitel, tumorgenetika ter\u00fclet\u00e9se. A popul\u00e1ci\u00f3genetika alapvet\u0151 folyamatainak ( mut\u00e1ci\u00f3, szelekci\u00f3, sodr\u00f3d\u00e1s, rekombin\u00e1ci\u00f3, migr\u00e1ci\u00f3) t\u00e1rgyal\u00e1sa ut\u00e1n \u00e1ttekintj\u00fck a belteny\u00e9szt\u00e9s, sz\u00e9ttagolts\u00e1g \u00e9s az ivari szelekci\u00f3 t\u00e9m\u00e1it.<\/p> <h4>K\u00f6telez\u0151 irodalom:<\/h4> <ul> <li>dr. K\u00f6v\u00e9r Szilvia \u00e9s Szab\u00f3 Kriszti\u00e1n: Az el\u0151ad\u00e1sok \u00e9s gyakorlatok pdf form\u00e1tumban a dokumentumt\u00e1rba felt\u00f6lt\u00f6tt anyaga<\/li> <\/ul> <h4>Aj\u00e1nlott irodalm:<\/h4> <ul> <li>Griffith AJF (2015) Introduction to Genetic Analysis, 11th ed.<\/li> <li>Pecsenye Katalin: Popul\u00e1ci\u00f3genetika<\/li> <li>Hartl, D, L &amp; Clark, A, G: Principles of Population Genetics<\/li> <\/ul>","protected":false},"excerpt":{"rendered":"<p>tant\u00e1rgyfelel\u0151s: Dr. K\u00f6v\u00e9r Szilvia A tant\u00e1rgy oktat\u00e1s\u00e1nak c\u00e9lja az \u00f6r\u00f6kl\u0151d\u00e9s alapjainak, prokari\u00f3ta \u00e9s eukari\u00f3ta genomok szerkezet\u00e9nek, a genomkomponensek jellegzetess\u00e9geinek ismertet\u00e9se. Az alapismereteken fel\u00fcl kit\u00e9r\u00fcnk a fejl\u0151d\u00e9sgenetika, epigenetika, genomi imprinting, \u00f6r\u00f6kl\u00f6tt genetikai betegs\u00e9gek, az \u00f6reged\u00e9s genetik\u00e1ja, jel\u00e1tvitel, tumorgenetika ter\u00fclet\u00e9se. A popul\u00e1ci\u00f3genetika alapvet\u0151 folyamatainak ( mut\u00e1ci\u00f3, szelekci\u00f3, sodr\u00f3d\u00e1s, rekombin\u00e1ci\u00f3, migr\u00e1ci\u00f3) t\u00e1rgyal\u00e1sa ut\u00e1n \u00e1ttekintj\u00fck a belteny\u00e9szt\u00e9s, sz\u00e9ttagolts\u00e1g \u00e9s<\/p>\n","protected":false},"author":3837,"featured_media":0,"parent":677,"menu_order":164,"comment_status":"closed","ping_status":"closed","template":"","meta":{"_acf_changed":false,"footnotes":""},"categories":[],"tags":[],"class_list":["post-10810","page","type-page","status-publish","hentry"],"acf":[],"_links":{"self":[{"href":"https:\/\/univet.hu\/hu\/wp-json\/wp\/v2\/pages\/10810","targetHints":{"allow":["GET"]}}],"collection":[{"href":"https:\/\/univet.hu\/hu\/wp-json\/wp\/v2\/pages"}],"about":[{"href":"https:\/\/univet.hu\/hu\/wp-json\/wp\/v2\/types\/page"}],"author":[{"embeddable":true,"href":"https:\/\/univet.hu\/hu\/wp-json\/wp\/v2\/users\/3837"}],"replies":[{"embeddable":true,"href":"https:\/\/univet.hu\/hu\/wp-json\/wp\/v2\/comments?post=10810"}],"version-history":[{"count":0,"href":"https:\/\/univet.hu\/hu\/wp-json\/wp\/v2\/pages\/10810\/revisions"}],"up":[{"embeddable":true,"href":"https:\/\/univet.hu\/hu\/wp-json\/wp\/v2\/pages\/677"}],"wp:attachment":[{"href":"https:\/\/univet.hu\/hu\/wp-json\/wp\/v2\/media?parent=10810"}],"wp:term":[{"taxonomy":"category","embeddable":true,"href":"https:\/\/univet.hu\/hu\/wp-json\/wp\/v2\/categories?post=10810"},{"taxonomy":"post_tag","embeddable":true,"href":"https:\/\/univet.hu\/hu\/wp-json\/wp\/v2\/tags?post=10810"}],"curies":[{"name":"wp","href":"https:\/\/api.w.org\/{rel}","templated":true}]}}