{"id":10811,"date":"1970-01-01T00:00:00","date_gmt":"1969-12-31T23:00:00","guid":{"rendered":"http:\/\/univet.hu\/oktatas\/kurzusok\/gensebeszet\/"},"modified":"2021-02-05T13:44:14","modified_gmt":"2021-02-05T12:44:14","slug":"gensebeszet","status":"publish","type":"page","link":"https:\/\/univet.hu\/hu\/oktatas\/kurzusok\/gensebeszet\/","title":{"rendered":"G\u00e9nseb\u00e9szet"},"content":{"rendered":"<p>A tant\u00e1rgy bemutatja a legfontosabb molekul\u00e1ris biol\u00f3giai vizsg\u00e1l\u00f3m\u00f3dszereket \u00e9s technik\u00e1kat. T\u00e1rgyalja a g\u00e9nexpresszi\u00f3 szab\u00e1lyoz\u00e1s\u00e1nak f\u0151bb lehet\u0151s\u00e9geit, az epigenetikus szab\u00e1lyoz\u00e1si mechanizmusokat \u00e9s azok vizsg\u00e1lati m\u00f3dszereit. \u00c1ttekinti tov\u00e1bb\u00e1 a biotechnol\u00f3gia, ezen bel\u00fcl is a rekombin\u00e1ns g\u00e9ntechnol\u00f3gia legfontosabb m\u00f3dszereit \u00e9s eredm\u00e9nyeit.<\/p>","protected":false},"excerpt":{"rendered":"<p>A tant\u00e1rgy bemutatja a legfontosabb molekul\u00e1ris biol\u00f3giai vizsg\u00e1l\u00f3m\u00f3dszereket \u00e9s technik\u00e1kat. T\u00e1rgyalja a g\u00e9nexpresszi\u00f3 szab\u00e1lyoz\u00e1s\u00e1nak f\u0151bb lehet\u0151s\u00e9geit, az epigenetikus szab\u00e1lyoz\u00e1si mechanizmusokat \u00e9s azok vizsg\u00e1lati m\u00f3dszereit. \u00c1ttekinti tov\u00e1bb\u00e1 a biotechnol\u00f3gia, ezen bel\u00fcl is a rekombin\u00e1ns g\u00e9ntechnol\u00f3gia legfontosabb m\u00f3dszereit \u00e9s eredm\u00e9nyeit.<\/p>\n","protected":false},"author":3837,"featured_media":0,"parent":677,"menu_order":164,"comment_status":"closed","ping_status":"closed","template":"","meta":{"_acf_changed":false,"footnotes":""},"categories":[],"tags":[],"class_list":["post-10811","page","type-page","status-publish","hentry"],"acf":[],"_links":{"self":[{"href":"https:\/\/univet.hu\/hu\/wp-json\/wp\/v2\/pages\/10811","targetHints":{"allow":["GET"]}}],"collection":[{"href":"https:\/\/univet.hu\/hu\/wp-json\/wp\/v2\/pages"}],"about":[{"href":"https:\/\/univet.hu\/hu\/wp-json\/wp\/v2\/types\/page"}],"author":[{"embeddable":true,"href":"https:\/\/univet.hu\/hu\/wp-json\/wp\/v2\/users\/3837"}],"replies":[{"embeddable":true,"href":"https:\/\/univet.hu\/hu\/wp-json\/wp\/v2\/comments?post=10811"}],"version-history":[{"count":0,"href":"https:\/\/univet.hu\/hu\/wp-json\/wp\/v2\/pages\/10811\/revisions"}],"up":[{"embeddable":true,"href":"https:\/\/univet.hu\/hu\/wp-json\/wp\/v2\/pages\/677"}],"wp:attachment":[{"href":"https:\/\/univet.hu\/hu\/wp-json\/wp\/v2\/media?parent=10811"}],"wp:term":[{"taxonomy":"category","embeddable":true,"href":"https:\/\/univet.hu\/hu\/wp-json\/wp\/v2\/categories?post=10811"},{"taxonomy":"post_tag","embeddable":true,"href":"https:\/\/univet.hu\/hu\/wp-json\/wp\/v2\/tags?post=10811"}],"curies":[{"name":"wp","href":"https:\/\/api.w.org\/{rel}","templated":true}]}}