{"id":10812,"date":"1970-01-01T00:00:00","date_gmt":"1969-12-31T23:00:00","guid":{"rendered":"http:\/\/univet.hu\/oktatas\/kurzusok\/globalis-okologiai-problemak-biologus-msc\/"},"modified":"2018-09-07T15:37:32","modified_gmt":"2018-09-07T13:37:32","slug":"globalis-okologiai-problemak-biologus-msc","status":"publish","type":"page","link":"https:\/\/univet.hu\/hu\/oktatas\/kurzusok\/globalis-okologiai-problemak-biologus-msc\/","title":{"rendered":"Glob\u00e1lis \u00f6kol\u00f3giai probl\u00e9m\u00e1k &#8211; biol\u00f3gus MSc"},"content":{"rendered":"<p>\u00a0<\/p> <p>tant\u00e1rgyfelel\u0151s: Dr. Nagy Zolt\u00e1n<\/p> <p>A fokozatosan emelked\u0151 hossz\u00fa id\u0151tartam\u00fa l\u00e9gk\u00f6ri CO2 szint c\u00f6nol\u00f3giai, veget\u00e1ci\u00f3dinamikai \u00e9s \u00f6kofiziol\u00f3giai hat\u00e1sai a n\u00f6v\u00e9nyt\u00e1rsul\u00e1sokra. A paleoklimatol\u00f3giai v\u00e1ltoz\u00e1sok n\u00f6v\u00e9ny\u00f6kol\u00f3giai \u00e9s -\u00f6kofiziol\u00f3giai hat\u00e1sai. A jelenlegi kl\u00edmav\u00e1ltoz\u00e1s c\u00f6nol\u00f3giai, veget\u00e1ci\u00f3dinamikai \u00e9s \u00f6kofiziol\u00f3giai hat\u00e1sai. A degrad\u00e1ci\u00f3 \u00e9s diszturb\u00e1ci\u00f3 hat\u00e1sa a c\u00f6nol\u00f3giai, veget\u00e1ci\u00f3dinamikai \u00e9s \u00f6kofiziol\u00f3giai folyamatokra. A troposzferikus \u00e9s sztratoszferikus \u00f3zon mennyis\u00e9gi v\u00e1ltoz\u00e1s\u00e1nak n\u00f6v\u00e9ny\u00f6kol\u00f3giai k\u00f6vetkezm\u00e9nyei. A k\u00f6rnyezetterhel\u00e9sek n\u00f6v\u00e9ny\u00f6kol\u00f3giai hat\u00e1sai.<\/p> <p>Diamond, J. : \u00d6sszeoml\u00e1s<\/p><\/p>","protected":false},"excerpt":{"rendered":"<p>\u00a0 tant\u00e1rgyfelel\u0151s: Dr. Nagy Zolt\u00e1n A fokozatosan emelked\u0151 hossz\u00fa id\u0151tartam\u00fa l\u00e9gk\u00f6ri CO2 szint c\u00f6nol\u00f3giai, veget\u00e1ci\u00f3dinamikai \u00e9s \u00f6kofiziol\u00f3giai hat\u00e1sai a n\u00f6v\u00e9nyt\u00e1rsul\u00e1sokra. A paleoklimatol\u00f3giai v\u00e1ltoz\u00e1sok n\u00f6v\u00e9ny\u00f6kol\u00f3giai \u00e9s -\u00f6kofiziol\u00f3giai hat\u00e1sai. A jelenlegi kl\u00edmav\u00e1ltoz\u00e1s c\u00f6nol\u00f3giai, veget\u00e1ci\u00f3dinamikai \u00e9s \u00f6kofiziol\u00f3giai hat\u00e1sai. A degrad\u00e1ci\u00f3 \u00e9s diszturb\u00e1ci\u00f3 hat\u00e1sa a c\u00f6nol\u00f3giai, veget\u00e1ci\u00f3dinamikai \u00e9s \u00f6kofiziol\u00f3giai folyamatokra. A troposzferikus \u00e9s sztratoszferikus \u00f3zon mennyis\u00e9gi v\u00e1ltoz\u00e1s\u00e1nak n\u00f6v\u00e9ny\u00f6kol\u00f3giai k\u00f6vetkezm\u00e9nyei.<\/p>\n","protected":false},"author":3837,"featured_media":0,"parent":677,"menu_order":164,"comment_status":"closed","ping_status":"closed","template":"","meta":{"_acf_changed":false,"footnotes":""},"categories":[],"tags":[],"class_list":["post-10812","page","type-page","status-publish","hentry"],"acf":[],"_links":{"self":[{"href":"https:\/\/univet.hu\/hu\/wp-json\/wp\/v2\/pages\/10812","targetHints":{"allow":["GET"]}}],"collection":[{"href":"https:\/\/univet.hu\/hu\/wp-json\/wp\/v2\/pages"}],"about":[{"href":"https:\/\/univet.hu\/hu\/wp-json\/wp\/v2\/types\/page"}],"author":[{"embeddable":true,"href":"https:\/\/univet.hu\/hu\/wp-json\/wp\/v2\/users\/3837"}],"replies":[{"embeddable":true,"href":"https:\/\/univet.hu\/hu\/wp-json\/wp\/v2\/comments?post=10812"}],"version-history":[{"count":0,"href":"https:\/\/univet.hu\/hu\/wp-json\/wp\/v2\/pages\/10812\/revisions"}],"up":[{"embeddable":true,"href":"https:\/\/univet.hu\/hu\/wp-json\/wp\/v2\/pages\/677"}],"wp:attachment":[{"href":"https:\/\/univet.hu\/hu\/wp-json\/wp\/v2\/media?parent=10812"}],"wp:term":[{"taxonomy":"category","embeddable":true,"href":"https:\/\/univet.hu\/hu\/wp-json\/wp\/v2\/categories?post=10812"},{"taxonomy":"post_tag","embeddable":true,"href":"https:\/\/univet.hu\/hu\/wp-json\/wp\/v2\/tags?post=10812"}],"curies":[{"name":"wp","href":"https:\/\/api.w.org\/{rel}","templated":true}]}}