{"id":10814,"date":"1970-01-01T00:00:00","date_gmt":"1969-12-31T23:00:00","guid":{"rendered":"http:\/\/univet.hu\/oktatas\/kurzusok\/gombaismeret\/"},"modified":"2025-09-02T13:33:34","modified_gmt":"2025-09-02T11:33:34","slug":"gombaismeret-eheto-es-mergezo-gombak","status":"publish","type":"page","link":"https:\/\/univet.hu\/hu\/oktatas\/kurzusok\/gombaismeret-eheto-es-mergezo-gombak\/","title":{"rendered":"Gombaismeret (ehet\u0151 \u00e9s m\u00e9rgez\u0151 gomb\u00e1k)"},"content":{"rendered":"<p><strong>Tant\u00e1rgyfelel\u0151s\/oktat\u00f3 (e-mail): Dr. Kutszegi Gergely (<a class=\"decrypt\" rel=\"Lvut{fhj\/Hfshfmz\/Kp{tfgAvojwfu\/iv\" href=\"javascript:void(0);\">[Kattintson az emailc\u00edmhez]<\/a>)<\/strong><\/p> <p><strong>Szak:\u00a0<\/strong>\u00e1llatorvos, biol\u00f3gia BSc, biol\u00f3gus MSc, <span style=\"color: #000000;font-family: georgia, palatino, serif;font-size: 12pt\">kutat\u00f3 zool\u00f3gus.<\/span><\/p> <p><strong>El\u0151tanulm\u00e1nyi k\u00f6vetelm\u00e9nyek:<\/strong>\u00a0nincs<\/p> <p><strong>El\u0151ad\u00e1sok\u00a0helysz\u00ednei:<\/strong>\u00a0N\u00f6v\u00e9nytani Tansz\u00e9k, 1077. Bp. Rottenbiller u. 50. 1\/6.<\/p> <p style=\"text-align: left\">A tant\u00e1rgy betekint\u00e9st ny\u00fajt a leggyakoribb kb. 150 hazai, ehet\u0151 \u00e9s m\u00e9rgez\u0151 nagygombafaj hat\u00e1roz\u00e1si neh\u00e9zs\u00e9geibe, term\u0151testeik morfol\u00f3giai b\u00e9lyegeibe, \u00e9tkez\u00e9si \u00e9rt\u00e9keikbe, valamint az \u00e1ltaluk okozott m\u00e9rgez\u00e9si t\u00edpusokba. \u00c1ltal\u00e1noss\u00e1gban t\u00e1rgyalja a gomb\u00e1k \u00e9letm\u00f3dj\u00e1t, szerep\u00e9t a bioszf\u00e9r\u00e1ban, k\u00f6rnyezeti ig\u00e9nyeit, jellemz\u0151 \u00e9l\u0151helyeit \u00e9s szaporod\u00e1si m\u00f3djait. A t\u00e1rgy 92, k\u00f6telez\u0151en felismerend\u0151 nagygombafajt mutat be a f\u00e9l\u00e9v sor\u00e1n, melyekhez 11 jellegzetes gombam\u00e9rgez\u00e9s ismertet\u00e9se (t\u00fcnetek \u00e9s ter\u00e1pia) is t\u00e1rsul.<\/p> <p>&nbsp;<\/p> <p><strong><span style=\"color: #0000ff\">Szakirodalom<\/span><\/strong><\/p> <p><em><strong>K\u00f6telez\u0151:<\/strong><\/em> Az el\u0151ad\u00e1sok anyaga.<\/p> <p><em><strong>Aj\u00e1nlott:\u00a0<\/strong><\/em><\/p> <p><strong>A gyakorlati r\u00e9szhez<\/strong><\/p> <p>b\u00e1rmilyen, k\u00f6nyvesboltban kaphat\u00f3, k\u00e9pes hat\u00e1roz\u00f3k\u00f6nyv, pl.:<\/p> <p>Ewald Gerhardt, Locsm\u00e1ndi Csaba, Vasas Gizella 2023. Gomb\u00e1szok k\u00e9zik\u00f6nyve. Cser K\u00f6nyvkiad\u00f3 \u00e9s Kereskedelmi Kft., Budapest, 722 pp.<\/p> <p><strong>Az elm\u00e9leti r\u00e9szhez:<\/strong><\/p> <p>Jakucs E. (szerk.) 2016. Gombaszak\u00e9rt\u0151i praktikum. Flaccus Kiad\u00f3 Kft., Budapest, 248 pp. (<a href=\"http:\/\/www.flaccuskiado.hu\/gomba\/\">http:\/\/www.flaccuskiado.hu\/gomba\/<\/a>)<\/p> <p>Jakucs E., Vajna L. (szerk.) 2003. Mikol\u00f3gia. Agroinform Kiad\u00f3, Budapest, 477 pp.<\/p> <p>&nbsp;<\/p> <p>&nbsp;<\/p>","protected":false},"excerpt":{"rendered":"<p>Tant\u00e1rgyfelel\u0151s\/oktat\u00f3 (e-mail): Dr. Kutszegi Gergely ([Kattintson az emailc\u00edmhez]) Szak:\u00a0\u00e1llatorvos, biol\u00f3gia BSc, biol\u00f3gus MSc, kutat\u00f3 zool\u00f3gus. El\u0151tanulm\u00e1nyi k\u00f6vetelm\u00e9nyek:\u00a0nincs El\u0151ad\u00e1sok\u00a0helysz\u00ednei:\u00a0N\u00f6v\u00e9nytani Tansz\u00e9k, 1077. Bp. Rottenbiller u. 50. 1\/6. A tant\u00e1rgy betekint\u00e9st ny\u00fajt a leggyakoribb kb. 150 hazai, ehet\u0151 \u00e9s m\u00e9rgez\u0151 nagygombafaj hat\u00e1roz\u00e1si neh\u00e9zs\u00e9geibe, term\u0151testeik morfol\u00f3giai b\u00e9lyegeibe, \u00e9tkez\u00e9si \u00e9rt\u00e9keikbe, valamint az \u00e1ltaluk okozott m\u00e9rgez\u00e9si t\u00edpusokba. \u00c1ltal\u00e1noss\u00e1gban t\u00e1rgyalja a gomb\u00e1k<\/p>\n","protected":false},"author":3837,"featured_media":0,"parent":677,"menu_order":164,"comment_status":"closed","ping_status":"closed","template":"","meta":{"_acf_changed":false,"footnotes":""},"categories":[],"tags":[],"class_list":["post-10814","page","type-page","status-publish","hentry"],"acf":[],"_links":{"self":[{"href":"https:\/\/univet.hu\/hu\/wp-json\/wp\/v2\/pages\/10814","targetHints":{"allow":["GET"]}}],"collection":[{"href":"https:\/\/univet.hu\/hu\/wp-json\/wp\/v2\/pages"}],"about":[{"href":"https:\/\/univet.hu\/hu\/wp-json\/wp\/v2\/types\/page"}],"author":[{"embeddable":true,"href":"https:\/\/univet.hu\/hu\/wp-json\/wp\/v2\/users\/3837"}],"replies":[{"embeddable":true,"href":"https:\/\/univet.hu\/hu\/wp-json\/wp\/v2\/comments?post=10814"}],"version-history":[{"count":1,"href":"https:\/\/univet.hu\/hu\/wp-json\/wp\/v2\/pages\/10814\/revisions"}],"predecessor-version":[{"id":189875,"href":"https:\/\/univet.hu\/hu\/wp-json\/wp\/v2\/pages\/10814\/revisions\/189875"}],"up":[{"embeddable":true,"href":"https:\/\/univet.hu\/hu\/wp-json\/wp\/v2\/pages\/677"}],"wp:attachment":[{"href":"https:\/\/univet.hu\/hu\/wp-json\/wp\/v2\/media?parent=10814"}],"wp:term":[{"taxonomy":"category","embeddable":true,"href":"https:\/\/univet.hu\/hu\/wp-json\/wp\/v2\/categories?post=10814"},{"taxonomy":"post_tag","embeddable":true,"href":"https:\/\/univet.hu\/hu\/wp-json\/wp\/v2\/tags?post=10814"}],"curies":[{"name":"wp","href":"https:\/\/api.w.org\/{rel}","templated":true}]}}